{"id":67669,"date":"2025-05-27T11:13:25","date_gmt":"2025-05-27T04:13:25","guid":{"rendered":"https:\/\/3d-smartsolutions.com\/san-pham\/eos-m-400-4\/"},"modified":"2025-09-12T11:01:57","modified_gmt":"2025-09-12T04:01:57","slug":"eos-m-400-4","status":"publish","type":"product","link":"https:\/\/3d-smartsolutions.com\/en\/eos-m-400-4\/","title":{"rendered":"EOS M 400-4"},"content":{"rendered":"<p>EOS M 400-4 l\u00e0 phi\u00ean b\u1ea3n n\u00e2ng c\u1ea5p c\u1ee7a EOS M 400, v\u1edbi b\u1ed1n Laser S\u1ee3i Quang 400 watt. C\u1ea5u h\u00ecnh n\u00e0y cho ph\u00e9p t\u0103ng n\u0103ng su\u1ea5t v\u00e0 r\u00fat ng\u1eafn th\u1eddi gian x\u1eed l\u00fd, r\u1ea5t ph\u00f9 h\u1ee3p cho s\u1ea3n xu\u1ea5t s\u1ed1 l\u01b0\u1ee3ng l\u1edbn. V\u00f9ng in v\u1eabn gi\u1eef k\u00edch th\u01b0\u1edbc 400 x 400 x 400 mm, nh\u01b0ng v\u1edbi l\u1ee3i th\u1ebf c\u1ee7a nhi\u1ec1u laser, m\u00e1y c\u00f3 th\u1ec3 l\u00e0m vi\u1ec7c tr\u00ean nhi\u1ec1u chi ti\u1ebft c\u00f9ng l\u00fac, n\u00e2ng cao hi\u1ec7u qu\u1ea3 c\u00f4ng vi\u1ec7c. Gi\u1ed1ng nh\u01b0 EOS M 400, EOS M 400-4 t\u01b0\u01a1ng th\u00edch v\u1edbi nhi\u1ec1u lo\u1ea1i b\u1ed9t kim lo\u1ea1i v\u00e0 c\u00f3 th\u1ec3 s\u1ea3n xu\u1ea5t chi ti\u1ebft ch\u1ea5t l\u01b0\u1ee3ng, \u0111\u1ed9 ch\u00ednh x\u00e1c v\u00e0 b\u1ec1 m\u1eb7t ho\u00e0n thi\u1ec7n tuy\u1ec7t v\u1eddi. M\u00e1y n\u00e0y l\u00fd t\u01b0\u1edfng cho c\u00e1c \u1ee9ng d\u1ee5ng trong h\u00e0ng kh\u00f4ng v\u0169 tr\u1ee5, \u00f4 t\u00f4, y t\u1ebf v\u00e0 ch\u1ebf t\u1ea1o c\u00f4ng c\u1ee5 y\u00eau c\u1ea7u s\u1ea3n xu\u1ea5t nhanh ch\u00f3ng v\u00e0 c\u00e1c chi ti\u1ebft ph\u1ee9c t\u1ea1p c\u1ea7n ch\u1ea5t l\u01b0\u1ee3ng cao.<\/p>\n","protected":false},"excerpt":{"rendered":"<p>With four 400-watt lasers and a 400 x 400 x 400 mm build volume, the EOS M 400-4 is the ultimate productivity platform for industrial applications.<\/p>\n","protected":false},"featured_media":68889,"template":"","meta":{"_acf_changed":false},"product_brand":[],"product_cat":[856],"product_tag":[],"class_list":{"0":"post-67669","1":"product","2":"type-product","3":"status-publish","4":"has-post-thumbnail","6":"product_cat-3d-printer","8":"first","9":"onbackorder","10":"product-type-simple"},"acf":[],"_links":{"self":[{"href":"https:\/\/3d-smartsolutions.com\/en\/wp-json\/wp\/v2\/product\/67669","targetHints":{"allow":["GET"]}}],"collection":[{"href":"https:\/\/3d-smartsolutions.com\/en\/wp-json\/wp\/v2\/product"}],"about":[{"href":"https:\/\/3d-smartsolutions.com\/en\/wp-json\/wp\/v2\/types\/product"}],"wp:featuredmedia":[{"embeddable":true,"href":"https:\/\/3d-smartsolutions.com\/en\/wp-json\/wp\/v2\/media\/68889"}],"wp:attachment":[{"href":"https:\/\/3d-smartsolutions.com\/en\/wp-json\/wp\/v2\/media?parent=67669"}],"wp:term":[{"taxonomy":"product_brand","embeddable":true,"href":"https:\/\/3d-smartsolutions.com\/en\/wp-json\/wp\/v2\/product_brand?post=67669"},{"taxonomy":"product_cat","embeddable":true,"href":"https:\/\/3d-smartsolutions.com\/en\/wp-json\/wp\/v2\/product_cat?post=67669"},{"taxonomy":"product_tag","embeddable":true,"href":"https:\/\/3d-smartsolutions.com\/en\/wp-json\/wp\/v2\/product_tag?post=67669"}],"curies":[{"name":"wp","href":"https:\/\/api.w.org\/{rel}","templated":true}]}}