{"id":67671,"date":"2025-05-27T11:13:25","date_gmt":"2025-05-27T04:13:25","guid":{"rendered":"https:\/\/3d-smartsolutions.com\/san-pham\/rspro1800\/"},"modified":"2025-09-12T11:01:56","modified_gmt":"2025-09-12T04:01:56","slug":"rspro1800","status":"publish","type":"product","link":"https:\/\/3d-smartsolutions.com\/en\/rspro1800\/","title":{"rendered":"UnionTech RSPro 1800"},"content":{"rendered":"<p>RSPro1800 l\u00e0 m\u00e1y in SLA c\u00f4ng nghi\u1ec7p kh\u1ed5 l\u1edbn ch\u1ea5t l\u01b0\u1ee3ng cao. M\u00e1y s\u1eed d\u1ee5ng h\u1ec7 th\u1ed1ng Dual-Laser v\u00e0 \u0111\u01b0\u1ee3c trang b\u1ecb c\u00e1c linh ki\u1ec7n cao c\u1ea5p mang \u0111\u1ebfn kh\u1ea3 n\u0103ng in v\u1edbi t\u1ed1c \u0111\u1ed9, \u0111\u1ed9 ch\u00ednh x\u00e1c v\u00e0 \u1ed5n \u0111\u1ecbnh cao. RSPro1800 ph\u00f9 h\u1ee3p cho c\u00e1c nhu c\u1ea7u s\u1ea3n xu\u1ea5t chi ti\u1ebft c\u00f3 k\u00edch th\u01b0\u1edbc l\u1edbn, s\u1ea3n xu\u1ea5t s\u1ea3n ph\u1ea9m lo\u1ea1t v\u1eeba v\u00e0 l\u1edbn v\u1edbi ch\u1ea5t l\u01b0\u1ee3ng, \u0111\u1ed9 ho\u00e0n thi\u1ec7n cao.<\/p>\n","protected":false},"excerpt":{"rendered":"<p>The RSPro1800 is equipped with dual lasers and high-speed scanning capabilities, allowing for the production of large prototypes and small-batch parts. With a length of 1.8 meters and a width of 0.9 meters, it offers a spacious and efficient large-format printing experience.<\/p>\n","protected":false},"featured_media":68893,"template":"","meta":{"_acf_changed":false},"product_brand":[1195],"product_cat":[856],"product_tag":[],"class_list":{"0":"post-67671","1":"product","2":"type-product","3":"status-publish","4":"has-post-thumbnail","6":"product_brand-uniontech-en","7":"product_cat-3d-printer","9":"first","10":"onbackorder","11":"product-type-simple"},"acf":[],"_links":{"self":[{"href":"https:\/\/3d-smartsolutions.com\/en\/wp-json\/wp\/v2\/product\/67671","targetHints":{"allow":["GET"]}}],"collection":[{"href":"https:\/\/3d-smartsolutions.com\/en\/wp-json\/wp\/v2\/product"}],"about":[{"href":"https:\/\/3d-smartsolutions.com\/en\/wp-json\/wp\/v2\/types\/product"}],"wp:featuredmedia":[{"embeddable":true,"href":"https:\/\/3d-smartsolutions.com\/en\/wp-json\/wp\/v2\/media\/68893"}],"wp:attachment":[{"href":"https:\/\/3d-smartsolutions.com\/en\/wp-json\/wp\/v2\/media?parent=67671"}],"wp:term":[{"taxonomy":"product_brand","embeddable":true,"href":"https:\/\/3d-smartsolutions.com\/en\/wp-json\/wp\/v2\/product_brand?post=67671"},{"taxonomy":"product_cat","embeddable":true,"href":"https:\/\/3d-smartsolutions.com\/en\/wp-json\/wp\/v2\/product_cat?post=67671"},{"taxonomy":"product_tag","embeddable":true,"href":"https:\/\/3d-smartsolutions.com\/en\/wp-json\/wp\/v2\/product_tag?post=67671"}],"curies":[{"name":"wp","href":"https:\/\/api.w.org\/{rel}","templated":true}]}}