{"id":67674,"date":"2025-05-27T11:13:25","date_gmt":"2025-05-27T04:13:25","guid":{"rendered":"https:\/\/3d-smartsolutions.com\/san-pham\/eos-m-300-4\/"},"modified":"2025-09-12T11:01:55","modified_gmt":"2025-09-12T04:01:55","slug":"eos-m-300-4","status":"publish","type":"product","link":"https:\/\/3d-smartsolutions.com\/en\/eos-m-300-4\/","title":{"rendered":"EOS M 300-4"},"content":{"rendered":"<p>EOS M 300-4 l\u00e0 m\u00e1y in 3D kim lo\u1ea1i c\u00f4ng nghi\u1ec7p hi\u1ec7u su\u1ea5t cao s\u1eed d\u1ee5ng c\u00f4ng ngh\u1ec7 Th\u00eau k\u1ebft b\u1ed9t Kim lo\u1ea1i b\u1eb1ng Laser (LPBF). M\u00e1y \u0111\u01b0\u1ee3c trang b\u1ecb b\u1ed1n \u0111\u1ea7u laser 200 watt, gi\u00fap t\u0103ng n\u0103ng su\u1ea5t v\u00e0 r\u00fat ng\u1eafn th\u1eddi gian s\u1ea3n xu\u1ea5t. M\u00e1y c\u00f3 k\u00edch th\u01b0\u1edbc v\u00f9ng in 300 x 300 x 400 mm, ph\u00f9 h\u1ee3p cho c\u00e1c chi ti\u1ebft l\u1edbn v\u00e0 s\u1ea3n xu\u1ea5t h\u00e0ng lo\u1ea1t. H\u1ec7 th\u1ed1ng h\u1ed7 tr\u1ee3 nhi\u1ec1u lo\u1ea1i b\u1ed9t kim lo\u1ea1i nh\u01b0 th\u00e9p kh\u00f4ng g\u1ec9, nh\u00f4m, titan v\u00e0 c\u00e1c h\u1ee3p kim kh\u00e1c. V\u1edbi b\u1ed1n laser, m\u00e1y \u0111\u1ea1t \u0111\u01b0\u1ee3c n\u0103ng su\u1ea5t v\u01b0\u1ee3t tr\u1ed9i trong khi v\u1eabn duy tr\u00ec ch\u1ea5t l\u01b0\u1ee3ng, \u0111\u1ed9 ch\u00ednh x\u00e1c v\u00e0 b\u1ec1 m\u1eb7t ho\u00e0n thi\u1ec7n cao, r\u1ea5t ph\u00f9 h\u1ee3p cho c\u00e1c \u1ee9ng d\u1ee5ng y\u00eau c\u1ea7u cao nh\u01b0 ng\u00e0nh h\u00e0ng kh\u00f4ng v\u0169 tr\u1ee5, \u00f4 t\u00f4, y t\u1ebf v\u00e0 ch\u1ebf t\u1ea1o c\u00f4ng c\u1ee5.<\/p>\n","protected":false},"excerpt":{"rendered":"<p>The EOS M 300-4 is a high-performance industrial metal 3D printer utilizing Laser Powder Bed Fusion (LPBF) technology. Equipped with four 200-watt lasers, it enhances productivity and reduces production times. With a build volume of 300 x 300 x 400 mm, it is suitable for large components and mass production.<\/p>\n<p> The system supports a variety of metal powders, including stainless steel, aluminum, titanium, and other alloys. Featuring a four-laser configuration, it delivers exceptional productivity while maintaining high quality, precision, and superior surface finish, making it ideal for demanding applications in aerospace, automotive, medical, and tooling industries.<\/p>\n","protected":false},"featured_media":68891,"template":"","meta":{"_acf_changed":false},"product_brand":[],"product_cat":[856],"product_tag":[],"class_list":{"0":"post-67674","1":"product","2":"type-product","3":"status-publish","4":"has-post-thumbnail","6":"product_cat-3d-printer","8":"first","9":"onbackorder","10":"product-type-simple"},"acf":[],"_links":{"self":[{"href":"https:\/\/3d-smartsolutions.com\/en\/wp-json\/wp\/v2\/product\/67674","targetHints":{"allow":["GET"]}}],"collection":[{"href":"https:\/\/3d-smartsolutions.com\/en\/wp-json\/wp\/v2\/product"}],"about":[{"href":"https:\/\/3d-smartsolutions.com\/en\/wp-json\/wp\/v2\/types\/product"}],"wp:featuredmedia":[{"embeddable":true,"href":"https:\/\/3d-smartsolutions.com\/en\/wp-json\/wp\/v2\/media\/68891"}],"wp:attachment":[{"href":"https:\/\/3d-smartsolutions.com\/en\/wp-json\/wp\/v2\/media?parent=67674"}],"wp:term":[{"taxonomy":"product_brand","embeddable":true,"href":"https:\/\/3d-smartsolutions.com\/en\/wp-json\/wp\/v2\/product_brand?post=67674"},{"taxonomy":"product_cat","embeddable":true,"href":"https:\/\/3d-smartsolutions.com\/en\/wp-json\/wp\/v2\/product_cat?post=67674"},{"taxonomy":"product_tag","embeddable":true,"href":"https:\/\/3d-smartsolutions.com\/en\/wp-json\/wp\/v2\/product_tag?post=67674"}],"curies":[{"name":"wp","href":"https:\/\/api.w.org\/{rel}","templated":true}]}}