{"id":67675,"date":"2025-05-27T11:13:25","date_gmt":"2025-05-27T04:13:25","guid":{"rendered":"https:\/\/3d-smartsolutions.com\/san-pham\/pilot-450\/"},"modified":"2025-09-12T11:01:54","modified_gmt":"2025-09-12T04:01:54","slug":"pilot-450","status":"publish","type":"product","link":"https:\/\/3d-smartsolutions.com\/en\/pilot-450\/","title":{"rendered":"UnionTech Pilot 450"},"content":{"rendered":"<p>Pilot 450 &#8211; M\u00e1y in 3D SLA c\u00f4ng nghi\u1ec7p \u0111\u1ed9 ch\u00ednh x\u00e1c cao, c\u00e2n b\u1eb1ng gi\u1eefa k\u00edch th\u01b0\u1edbc l\u1eafp \u0111\u1eb7t nh\u1ecf g\u1ecdn v\u00e0 kh\u1ed5 in l\u1edbn. M\u00e1y c\u00f3 kh\u1ea3 n\u0103ng in \u0111a d\u1ea1ng v\u1eadt li\u1ec7u v\u1edbi \u0111\u1ed9 ch\u00ednh x\u00e1c c\u1ef1c cao. S\u1ef1 l\u1ef1a ch\u1ecdn ph\u00f9 h\u1ee3p cho c\u00e1c \u1ee9ng d\u1ee5ng y\u00eau c\u1ea7u \u0111\u1ed9 ch\u00ednh x\u00e1c, ch\u1ea5t l\u01b0\u1ee3ng b\u1ec1 m\u1eb7t v\u00e0 s\u1ef1 linh ho\u1ea1t trong v\u1eadn h\u00e0nh khai th\u00e1c thi\u1ebft b\u1ecb.<\/p>\n","protected":false},"excerpt":{"rendered":"<p>Pilot 450 &#8211; A high-precision industrial SLA 3D printer that strikes a balance between a compact installation footprint and a large build volume. It offers the ability to print a wide range of materials with exceptional accuracy. The ideal choice for applications that require precision, surface quality, and flexibility in equipment operation.<\/p>\n","protected":false},"featured_media":68895,"template":"","meta":{"_acf_changed":false},"product_brand":[1195],"product_cat":[856],"product_tag":[],"class_list":{"0":"post-67675","1":"product","2":"type-product","3":"status-publish","4":"has-post-thumbnail","6":"product_brand-uniontech-en","7":"product_cat-3d-printer","9":"first","10":"onbackorder","11":"product-type-simple"},"acf":[],"_links":{"self":[{"href":"https:\/\/3d-smartsolutions.com\/en\/wp-json\/wp\/v2\/product\/67675","targetHints":{"allow":["GET"]}}],"collection":[{"href":"https:\/\/3d-smartsolutions.com\/en\/wp-json\/wp\/v2\/product"}],"about":[{"href":"https:\/\/3d-smartsolutions.com\/en\/wp-json\/wp\/v2\/types\/product"}],"wp:featuredmedia":[{"embeddable":true,"href":"https:\/\/3d-smartsolutions.com\/en\/wp-json\/wp\/v2\/media\/68895"}],"wp:attachment":[{"href":"https:\/\/3d-smartsolutions.com\/en\/wp-json\/wp\/v2\/media?parent=67675"}],"wp:term":[{"taxonomy":"product_brand","embeddable":true,"href":"https:\/\/3d-smartsolutions.com\/en\/wp-json\/wp\/v2\/product_brand?post=67675"},{"taxonomy":"product_cat","embeddable":true,"href":"https:\/\/3d-smartsolutions.com\/en\/wp-json\/wp\/v2\/product_cat?post=67675"},{"taxonomy":"product_tag","embeddable":true,"href":"https:\/\/3d-smartsolutions.com\/en\/wp-json\/wp\/v2\/product_tag?post=67675"}],"curies":[{"name":"wp","href":"https:\/\/api.w.org\/{rel}","templated":true}]}}