{"id":67682,"date":"2025-06-20T11:08:59","date_gmt":"2025-06-20T04:08:59","guid":{"rendered":"https:\/\/3d-smartsolutions.com\/san-pham\/cubicon-style-neo-a22c\/"},"modified":"2025-09-29T13:21:08","modified_gmt":"2025-09-29T06:21:08","slug":"cubicon-style-neo-a22c","status":"publish","type":"product","link":"https:\/\/3d-smartsolutions.com\/en\/cubicon-style-neo-a22c\/","title":{"rendered":"Cubicon Style NEO-A22C"},"content":{"rendered":"<p>V\u1edbi kh\u1ed5 in 220 x 220 x 220 mm, Style NEO-A22C mang \u0111\u1ebfn s\u1ef1 c\u00e2n b\u1eb1ng gi\u1eefa kh\u00f4ng gian l\u00e0m vi\u1ec7c v\u00e0 c\u00e1c t\u00ednh n\u0103ng cao c\u1ea5p. M\u00e1y s\u1eed d\u1ee5ng b\u00e0n in nhi\u1ec7t ph\u1ee7 \u0111\u1eb7c bi\u1ec7t, b\u1ed9 l\u1ecdc kh\u00ed HEPA (Triple Clean Filter) gi\u00fap lo\u1ea1i b\u1ecf b\u1ee5i v\u00e0 m\u00f9i, h\u1ed7 tr\u1ee3 nhi\u1ec1u lo\u1ea1i v\u1eadt li\u1ec7u v\u00e0 c\u00e1c t\u00f9y ch\u1ecdn k\u1ebft n\u1ed1i m\u1ea1ng. Style NEO-A22C ph\u00f9 h\u1ee3p cho c\u00e1c v\u0103n ph\u00f2ng thi\u1ebft k\u1ebf, c\u01a1 s\u1edf gi\u00e1o d\u1ee5c c\u1ea7n m\u1ed9t m\u00e1y in 3D \u0111\u00e1ng tin c\u1eady, d\u1ec5 v\u1eadn h\u00e0nh v\u1edbi ch\u1ea5t l\u01b0\u1ee3ng in \u1ed5n \u0111\u1ecbnh.<\/p>\n","protected":false},"excerpt":{"rendered":"<p>V\u1edbi kh\u1ed5 in 220 x 220 x 220 mm, Style NEO-A22C mang \u0111\u1ebfn s\u1ef1 c\u00e2n b\u1eb1ng gi\u1eefa kh\u00f4ng gian l\u00e0m vi\u1ec7c v\u00e0 c\u00e1c t\u00ednh n\u0103ng cao c\u1ea5p. M\u00e1y s\u1eed d\u1ee5ng b\u00e0n in nhi\u1ec7t ph\u1ee7 \u0111\u1eb7c bi\u1ec7t, b\u1ed9 l\u1ecdc kh\u00ed HEPA (Triple Clean Filter) gi\u00fap lo\u1ea1i b\u1ecf b\u1ee5i v\u00e0 m\u00f9i, h\u1ed7 tr\u1ee3 nhi\u1ec1u lo\u1ea1i v\u1eadt li\u1ec7u v\u00e0 c\u00e1c t\u00f9y ch\u1ecdn k\u1ebft n\u1ed1i m\u1ea1ng. Style NEO-A22C ph\u00f9 h\u1ee3p cho c\u00e1c v\u0103n ph\u00f2ng thi\u1ebft k\u1ebf, c\u01a1 s\u1edf gi\u00e1o d\u1ee5c c\u1ea7n m\u1ed9t m\u00e1y in 3D \u0111\u00e1ng tin c\u1eady, d\u1ec5 v\u1eadn h\u00e0nh v\u1edbi ch\u1ea5t l\u01b0\u1ee3ng in \u1ed5n \u0111\u1ecbnh.<\/p>\n","protected":false},"featured_media":64733,"template":"","meta":{"_acf_changed":false},"product_brand":[1197],"product_cat":[856],"product_tag":[],"class_list":{"0":"post-67682","1":"product","2":"type-product","3":"status-publish","4":"has-post-thumbnail","6":"product_brand-cubicon-en","7":"product_cat-3d-printer","9":"first","10":"onbackorder","11":"sold-individually","12":"taxable","13":"shipping-taxable","14":"purchasable","15":"product-type-simple"},"acf":[],"_links":{"self":[{"href":"https:\/\/3d-smartsolutions.com\/en\/wp-json\/wp\/v2\/product\/67682","targetHints":{"allow":["GET"]}}],"collection":[{"href":"https:\/\/3d-smartsolutions.com\/en\/wp-json\/wp\/v2\/product"}],"about":[{"href":"https:\/\/3d-smartsolutions.com\/en\/wp-json\/wp\/v2\/types\/product"}],"wp:featuredmedia":[{"embeddable":true,"href":"https:\/\/3d-smartsolutions.com\/en\/wp-json\/wp\/v2\/media\/64733"}],"wp:attachment":[{"href":"https:\/\/3d-smartsolutions.com\/en\/wp-json\/wp\/v2\/media?parent=67682"}],"wp:term":[{"taxonomy":"product_brand","embeddable":true,"href":"https:\/\/3d-smartsolutions.com\/en\/wp-json\/wp\/v2\/product_brand?post=67682"},{"taxonomy":"product_cat","embeddable":true,"href":"https:\/\/3d-smartsolutions.com\/en\/wp-json\/wp\/v2\/product_cat?post=67682"},{"taxonomy":"product_tag","embeddable":true,"href":"https:\/\/3d-smartsolutions.com\/en\/wp-json\/wp\/v2\/product_tag?post=67682"}],"curies":[{"name":"wp","href":"https:\/\/api.w.org\/{rel}","templated":true}]}}