{"id":67683,"date":"2025-06-20T11:08:59","date_gmt":"2025-06-20T04:08:59","guid":{"rendered":"https:\/\/3d-smartsolutions.com\/san-pham\/cubicon-style-neo-a31c\/"},"modified":"2025-09-29T13:23:17","modified_gmt":"2025-09-29T06:23:17","slug":"cubicon-style-neo-a31c","status":"publish","type":"product","link":"https:\/\/3d-smartsolutions.com\/en\/cubicon-style-neo-a31c\/","title":{"rendered":"Cubicon Style NEO A31C"},"content":{"rendered":"<ul>\n<li>\n<p><strong>Style NEO-A31C<\/strong> l\u00e0 model c\u00f3 k\u00edch th\u01b0\u1edbc l\u1edbn nh\u1ea5t trong d\u00f2ng Style NEO v\u1edbi th\u1ec3 t\u00edch in l\u00ean \u0111\u1ebfn 310 x 310 x 310 mm.<\/p>\n<\/li>\n<li>\n<p>M\u00e1y c\u00f3 b\u00e0n in nhi\u1ec7t ph\u1ee7 l\u1edbp \u0111\u1eb7c bi\u1ec7t gi\u00fap v\u1eadt li\u1ec7u b\u00e1m d\u00ednh t\u1ed1t v\u00e0 d\u1ec5 d\u00e0ng g\u1ee1 b\u1ecf sau khi in xong, h\u1ed7 tr\u1ee3 \u0111a d\u1ea1ng v\u1eadt li\u1ec7u (ABS, PLA, TPU, PETG).<\/p>\n<\/li>\n<\/ul>\n","protected":false},"excerpt":{"rendered":"<ul>\n<li>\n<p><strong>Style NEO-A31C<\/strong> l\u00e0 model c\u00f3 k\u00edch th\u01b0\u1edbc l\u1edbn nh\u1ea5t trong d\u00f2ng Style NEO v\u1edbi th\u1ec3 t\u00edch in l\u00ean \u0111\u1ebfn 310 x 310 x 310 mm.<\/p>\n<\/li>\n<li>\n<p>M\u00e1y c\u00f3 b\u00e0n in nhi\u1ec7t ph\u1ee7 l\u1edbp \u0111\u1eb7c bi\u1ec7t gi\u00fap v\u1eadt li\u1ec7u b\u00e1m d\u00ednh t\u1ed1t v\u00e0 d\u1ec5 d\u00e0ng g\u1ee1 b\u1ecf sau khi in xong, h\u1ed7 tr\u1ee3 \u0111a d\u1ea1ng v\u1eadt li\u1ec7u (ABS, PLA, TPU, PETG).<\/p>\n<\/li>\n<\/ul>\n","protected":false},"featured_media":64715,"template":"","meta":{"_acf_changed":false},"product_brand":[1197],"product_cat":[856],"product_tag":[],"class_list":{"0":"post-67683","1":"product","2":"type-product","3":"status-publish","4":"has-post-thumbnail","6":"product_brand-cubicon-en","7":"product_cat-3d-printer","9":"first","10":"instock","11":"sold-individually","12":"taxable","13":"shipping-taxable","14":"purchasable","15":"product-type-simple"},"acf":[],"_links":{"self":[{"href":"https:\/\/3d-smartsolutions.com\/en\/wp-json\/wp\/v2\/product\/67683","targetHints":{"allow":["GET"]}}],"collection":[{"href":"https:\/\/3d-smartsolutions.com\/en\/wp-json\/wp\/v2\/product"}],"about":[{"href":"https:\/\/3d-smartsolutions.com\/en\/wp-json\/wp\/v2\/types\/product"}],"wp:featuredmedia":[{"embeddable":true,"href":"https:\/\/3d-smartsolutions.com\/en\/wp-json\/wp\/v2\/media\/64715"}],"wp:attachment":[{"href":"https:\/\/3d-smartsolutions.com\/en\/wp-json\/wp\/v2\/media?parent=67683"}],"wp:term":[{"taxonomy":"product_brand","embeddable":true,"href":"https:\/\/3d-smartsolutions.com\/en\/wp-json\/wp\/v2\/product_brand?post=67683"},{"taxonomy":"product_cat","embeddable":true,"href":"https:\/\/3d-smartsolutions.com\/en\/wp-json\/wp\/v2\/product_cat?post=67683"},{"taxonomy":"product_tag","embeddable":true,"href":"https:\/\/3d-smartsolutions.com\/en\/wp-json\/wp\/v2\/product_tag?post=67683"}],"curies":[{"name":"wp","href":"https:\/\/api.w.org\/{rel}","templated":true}]}}