{"id":67684,"date":"2025-06-20T11:08:59","date_gmt":"2025-06-20T04:08:59","guid":{"rendered":"https:\/\/3d-smartsolutions.com\/san-pham\/cubicon-style-plus-a15-cr\/"},"modified":"2025-10-02T10:26:39","modified_gmt":"2025-10-02T03:26:39","slug":"cubicon-style-plus-a15-cr","status":"publish","type":"product","link":"https:\/\/3d-smartsolutions.com\/en\/cubicon-style-plus-a15-cr\/","title":{"rendered":"Cubicon Style Plus A15-CR"},"content":{"rendered":"<p>L\u00e0 phi\u00ean b\u1ea3n nh\u1ecf g\u1ecdn v\u1edbi kh\u1ed5 in 150 x 150 x 150 mm, Style Plus A15CR (hay Style NEO) r\u1ea5t th\u00edch h\u1ee3p cho kh\u00f4ng gian l\u00e0m vi\u1ec7c h\u1ea1n ch\u1ebf, ng\u01b0\u1eddi d\u00f9ng c\u00e1 nh\u00e2n ho\u1eb7c c\u00e1c l\u1edbp h\u1ecdc. D\u00f9 k\u00edch th\u01b0\u1edbc nh\u1ecf, m\u00e1y v\u1eabn duy tr\u00ec nhi\u1ec1u t\u00ednh n\u0103ng quan tr\u1ecdng c\u1ee7a d\u00f2ng Cubicon nh\u01b0 h\u1ec7 th\u1ed1ng t\u1ef1 \u0111\u1ed9ng c\u00e2n b\u1eb1ng b\u00e0n in, b\u00e0n in nhi\u1ec7t c\u00f3 l\u1edbp ph\u1ee7 \u0111\u1eb7c bi\u1ec7t, \u0111\u1ea7u \u0111\u00f9n d\u1ec5 b\u1ea3o tr\u00ec, v\u00e0 b\u1ed9 l\u1ecdc kh\u00ed HEPA ba l\u1edbp.<\/p>\n","protected":false},"excerpt":{"rendered":"<p>L\u00e0 phi\u00ean b\u1ea3n nh\u1ecf g\u1ecdn v\u1edbi kh\u1ed5 in 150 x 150 x 150 mm, Style Plus A15CR (hay Style NEO) r\u1ea5t th\u00edch h\u1ee3p cho kh\u00f4ng gian l\u00e0m vi\u1ec7c h\u1ea1n ch\u1ebf, ng\u01b0\u1eddi d\u00f9ng c\u00e1 nh\u00e2n ho\u1eb7c c\u00e1c l\u1edbp h\u1ecdc. D\u00f9 k\u00edch th\u01b0\u1edbc nh\u1ecf, m\u00e1y v\u1eabn duy tr\u00ec nhi\u1ec1u t\u00ednh n\u0103ng quan tr\u1ecdng c\u1ee7a d\u00f2ng Cubicon nh\u01b0 h\u1ec7 th\u1ed1ng t\u1ef1 \u0111\u1ed9ng c\u00e2n b\u1eb1ng b\u00e0n in, b\u00e0n in nhi\u1ec7t c\u00f3 l\u1edbp ph\u1ee7 \u0111\u1eb7c bi\u1ec7t, \u0111\u1ea7u \u0111\u00f9n d\u1ec5 b\u1ea3o tr\u00ec, v\u00e0 b\u1ed9 l\u1ecdc kh\u00ed HEPA ba l\u1edbp.<\/p>\n","protected":false},"featured_media":64724,"template":"","meta":{"_acf_changed":false},"product_brand":[1197],"product_cat":[856],"product_tag":[],"class_list":{"0":"post-67684","1":"product","2":"type-product","3":"status-publish","4":"has-post-thumbnail","6":"product_brand-cubicon-en","7":"product_cat-3d-printer","9":"first","10":"onbackorder","11":"sold-individually","12":"taxable","13":"shipping-taxable","14":"purchasable","15":"product-type-simple"},"acf":[],"_links":{"self":[{"href":"https:\/\/3d-smartsolutions.com\/en\/wp-json\/wp\/v2\/product\/67684","targetHints":{"allow":["GET"]}}],"collection":[{"href":"https:\/\/3d-smartsolutions.com\/en\/wp-json\/wp\/v2\/product"}],"about":[{"href":"https:\/\/3d-smartsolutions.com\/en\/wp-json\/wp\/v2\/types\/product"}],"wp:featuredmedia":[{"embeddable":true,"href":"https:\/\/3d-smartsolutions.com\/en\/wp-json\/wp\/v2\/media\/64724"}],"wp:attachment":[{"href":"https:\/\/3d-smartsolutions.com\/en\/wp-json\/wp\/v2\/media?parent=67684"}],"wp:term":[{"taxonomy":"product_brand","embeddable":true,"href":"https:\/\/3d-smartsolutions.com\/en\/wp-json\/wp\/v2\/product_brand?post=67684"},{"taxonomy":"product_cat","embeddable":true,"href":"https:\/\/3d-smartsolutions.com\/en\/wp-json\/wp\/v2\/product_cat?post=67684"},{"taxonomy":"product_tag","embeddable":true,"href":"https:\/\/3d-smartsolutions.com\/en\/wp-json\/wp\/v2\/product_tag?post=67684"}],"curies":[{"name":"wp","href":"https:\/\/api.w.org\/{rel}","templated":true}]}}