{"id":67704,"date":"2025-05-26T22:06:21","date_gmt":"2025-05-26T15:06:21","guid":{"rendered":"https:\/\/3d-smartsolutions.com\/san-pham\/einscan-libre\/"},"modified":"2025-08-28T09:17:21","modified_gmt":"2025-08-28T02:17:21","slug":"einscan-libre","status":"publish","type":"product","link":"https:\/\/3d-smartsolutions.com\/en\/einscan-libre\/","title":{"rendered":"EinScan Libre"},"content":{"rendered":"<p>M\u00e1y Qu\u00e9t 3D All-In-One: Kh\u00f4ng D\u00e2y, Kh\u00f4ng \u0110i\u1ec3m D\u00e1n v\u00e0 \u0110a S\u1eafc M\u00e0u.<\/p>\n<ul>\n<li>Kh\u00f4ng D\u00e2y v\u00e0 V\u1eadn H\u00e0nh \u0110\u1ed9c L\u1eadp<\/li>\n<li>Qu\u00e9t &#8211; Xu\u1ea5t File tr\u00ean c\u00f9ng 1 Thi\u1ebft B\u1ecb<\/li>\n<li>Qu\u00e9t Tia Laser Kh\u00f4ng D\u00e1n \u0110i\u1ec3m d\u00f9ng Camera M\u00e0u 48MP<\/li>\n<li>T\u00edch H\u1ee3p Vi X\u1eed L\u00fd NVIDIA T\u1ed1c \u0110\u1ed9 Cao<\/li>\n<\/ul>\n","protected":false},"excerpt":{"rendered":"<p>M\u00e1y Qu\u00e9t 3D All-In-One: Kh\u00f4ng D\u00e2y, Kh\u00f4ng \u0110i\u1ec3m D\u00e1n v\u00e0 \u0110a S\u1eafc M\u00e0u.<\/p>\n<ul>\n<li>Kh\u00f4ng D\u00e2y v\u00e0 V\u1eadn H\u00e0nh \u0110\u1ed9c L\u1eadp<\/li>\n<li>Qu\u00e9t &#8211; Xu\u1ea5t File tr\u00ean c\u00f9ng 1 Thi\u1ebft B\u1ecb<\/li>\n<li>Qu\u00e9t Tia Laser Kh\u00f4ng D\u00e1n \u0110i\u1ec3m d\u00f9ng Camera M\u00e0u 48MP<\/li>\n<li>T\u00edch H\u1ee3p Vi X\u1eed L\u00fd NVIDIA T\u1ed1c \u0110\u1ed9 Cao<\/li>\n<\/ul>\n","protected":false},"featured_media":63486,"template":"","meta":{"_acf_changed":false},"product_brand":[1252],"product_cat":[857],"product_tag":[],"class_list":{"0":"post-67704","1":"product","2":"type-product","3":"status-publish","4":"has-post-thumbnail","6":"product_brand-shining-3d-en","7":"product_cat-3d-scanners","8":"pa_do-chinh-xac-tu-0-02-0-04mm-en","9":"pa_kha-nang-quet-mau-co-en","11":"first","12":"onbackorder","13":"taxable","14":"shipping-taxable","15":"product-type-simple"},"acf":[],"_links":{"self":[{"href":"https:\/\/3d-smartsolutions.com\/en\/wp-json\/wp\/v2\/product\/67704","targetHints":{"allow":["GET"]}}],"collection":[{"href":"https:\/\/3d-smartsolutions.com\/en\/wp-json\/wp\/v2\/product"}],"about":[{"href":"https:\/\/3d-smartsolutions.com\/en\/wp-json\/wp\/v2\/types\/product"}],"wp:featuredmedia":[{"embeddable":true,"href":"https:\/\/3d-smartsolutions.com\/en\/wp-json\/wp\/v2\/media\/63486"}],"wp:attachment":[{"href":"https:\/\/3d-smartsolutions.com\/en\/wp-json\/wp\/v2\/media?parent=67704"}],"wp:term":[{"taxonomy":"product_brand","embeddable":true,"href":"https:\/\/3d-smartsolutions.com\/en\/wp-json\/wp\/v2\/product_brand?post=67704"},{"taxonomy":"product_cat","embeddable":true,"href":"https:\/\/3d-smartsolutions.com\/en\/wp-json\/wp\/v2\/product_cat?post=67704"},{"taxonomy":"product_tag","embeddable":true,"href":"https:\/\/3d-smartsolutions.com\/en\/wp-json\/wp\/v2\/product_tag?post=67704"}],"curies":[{"name":"wp","href":"https:\/\/api.w.org\/{rel}","templated":true}]}}