{"id":67710,"date":"2025-05-26T22:06:21","date_gmt":"2025-05-26T15:06:21","guid":{"rendered":"https:\/\/3d-smartsolutions.com\/san-pham\/einstar-vega\/"},"modified":"2026-03-25T11:40:29","modified_gmt":"2026-03-25T04:40:29","slug":"einstar-vega","status":"publish","type":"product","link":"https:\/\/3d-smartsolutions.com\/en\/einstar-vega\/","title":{"rendered":"EinStar Vega"},"content":{"rendered":"<p>\ud83d\udd25 \u01afU \u0110\u00c3I \u0110\u1eb6C BI\u1ec6T KHI MUA EINSTAR VEGA \ud83d\udd25<\/p>\n<p><p>S\u1edf h\u1eefu ngay EinStar Vega \u2013 gi\u1ea3i ph\u00e1p c\u00f4ng ngh\u1ec7 hi\u1ec7n \u0111\u1ea1i c\u00f9ng lo\u1ea1t qu\u00e0 t\u1eb7ng c\u1ef1c h\u1ea5p d\u1eabn:<\/p>\n<p><p>\ud83c\udf81 T\u1eb7ng ngay 1 h\u1ed9p \u0111i\u1ec3m d\u00e1n &#038; 1 Ch\u00e2n m\u00e1y kim lo\u1ea1i cao c\u1ea5p &#8211; h\u1ed7 tr\u1ee3 t\u1ed1i \u01b0u trong qu\u00e1 tr\u00ecnh s\u1eed d\u1ee5ng.<\/p>\n<p><p>\ud83d\udcb8 Voucher 1.500.000\u0111 \u00e1p d\u1ee5ng cho l\u1ea7n mua ti\u1ebfp theo.<\/p>\n<p><p>\ud83d\ude9a Mi\u1ec5n ph\u00ed giao h\u00e0ng to\u00e0n qu\u1ed1c \u2013 nhanh ch\u00f3ng, ti\u1ec7n l\u1ee3i.<\/p>\n<p><p>\u2728 C\u01a1 h\u1ed9i n\u00e2ng c\u1ea5p tr\u1ea3i nghi\u1ec7m v\u1edbi chi ph\u00ed t\u1ed1i \u01b0u \u2013 ch\u1ec9 c\u00f3 trong th\u1eddi gian c\u00f3 h\u1ea1n!<\/p>\n<p><p>\ud83d\udc49 \u0110\u1eb7t mua ngay h\u00f4m nay \u0111\u1ec3 kh\u00f4ng b\u1ecf l\u1ee1 \u01b0u \u0111\u00e3i h\u1ea5p d\u1eabn n\u00e0y! <\/p>\n<p><p>\ud83d\udc49 Einstar VEGA \u0111\u01b0\u1ee3c trang b\u1ecb b\u1ed9 vi x\u1eed l\u00fd t\u00edch h\u1ee3p, m\u00e0n h\u00ecnh \u0111\u1ed9 ph\u00e2n gi\u1ea3i cao, b\u1ed9 nh\u1edb dung l\u01b0\u1ee3ng l\u1edbn v\u00e0 \u0111\u01b0\u1eddng truy\u1ec1n kh\u00f4ng d\u00e2y ngay tr\u00ean th\u00e2n m\u00e1y. Ng\u01b0\u1eddi d\u00f9ng kh\u00f4ng c\u1ea7n ph\u1ea3i k\u1ebft n\u1ed1i m\u00e1y qu\u00e9t tr\u1ef1c ti\u1ebfp v\u1edbi m\u00e1y t\u00ednh m\u1ed9t c\u00e1ch r\u01b0\u1eddm r\u00e0 m\u00e0 ch\u1ec9 c\u1ea7n b\u1eaft \u0111\u1ea7u qu\u00e9t v\u00e0 thu th\u1eadp d\u1eef li\u1ec7u m\u1ecdi l\u00fac, m\u1ecdi n\u01a1i, b\u1ea5t k\u1ec3 l\u00e0 \u0111\u1ed1i t\u01b0\u1ee3ng l\u1edbn hay nh\u1ecf.<\/p>\n","protected":false},"excerpt":{"rendered":"<p>\ud83d\udd25 \u01afU \u0110\u00c3I \u0110\u1eb6C BI\u1ec6T KHI MUA EINSTAR VEGA \ud83d\udd25<\/p>\n<p><p>S\u1edf h\u1eefu ngay EinStar Vega \u2013 gi\u1ea3i ph\u00e1p c\u00f4ng ngh\u1ec7 hi\u1ec7n \u0111\u1ea1i c\u00f9ng lo\u1ea1t qu\u00e0 t\u1eb7ng c\u1ef1c h\u1ea5p d\u1eabn:<\/p>\n<p><p>\ud83c\udf81 T\u1eb7ng ngay 1 h\u1ed9p \u0111i\u1ec3m d\u00e1n &#038; 1 Ch\u00e2n m\u00e1y kim lo\u1ea1i cao c\u1ea5p &#8211; h\u1ed7 tr\u1ee3 t\u1ed1i \u01b0u trong qu\u00e1 tr\u00ecnh s\u1eed d\u1ee5ng.<\/p>\n<p><p>\ud83d\udcb8 Voucher 1.500.000\u0111 \u00e1p d\u1ee5ng cho l\u1ea7n mua ti\u1ebfp theo.<\/p>\n<p><p>\ud83d\ude9a Mi\u1ec5n ph\u00ed giao h\u00e0ng to\u00e0n qu\u1ed1c \u2013 nhanh ch\u00f3ng, ti\u1ec7n l\u1ee3i.<\/p>\n<p><p>\u2728 C\u01a1 h\u1ed9i n\u00e2ng c\u1ea5p tr\u1ea3i nghi\u1ec7m v\u1edbi chi ph\u00ed t\u1ed1i \u01b0u \u2013 ch\u1ec9 c\u00f3 trong th\u1eddi gian c\u00f3 h\u1ea1n!<\/p>\n<p><p>\ud83d\udc49 \u0110\u1eb7t mua ngay h\u00f4m nay \u0111\u1ec3 kh\u00f4ng b\u1ecf l\u1ee1 \u01b0u \u0111\u00e3i h\u1ea5p d\u1eabn n\u00e0y! <\/p>\n<p><p>Einstar VEGA \u0111\u01b0\u1ee3c trang b\u1ecb b\u1ed9 vi x\u1eed l\u00fd t\u00edch h\u1ee3p, m\u00e0n h\u00ecnh \u0111\u1ed9 ph\u00e2n gi\u1ea3i cao, b\u1ed9 nh\u1edb dung l\u01b0\u1ee3ng l\u1edbn v\u00e0 \u0111\u01b0\u1eddng truy\u1ec1n kh\u00f4ng d\u00e2y ngay tr\u00ean th\u00e2n m\u00e1y. Ng\u01b0\u1eddi d\u00f9ng kh\u00f4ng c\u1ea7n ph\u1ea3i k\u1ebft n\u1ed1i m\u00e1y qu\u00e9t tr\u1ef1c ti\u1ebfp v\u1edbi m\u00e1y t\u00ednh m\u1ed9t c\u00e1ch r\u01b0\u1eddm r\u00e0 m\u00e0 ch\u1ec9 c\u1ea7n b\u1eaft \u0111\u1ea7u qu\u00e9t v\u00e0 thu th\u1eadp d\u1eef li\u1ec7u m\u1ecdi l\u00fac, m\u1ecdi n\u01a1i, b\u1ea5t k\u1ec3 l\u00e0 \u0111\u1ed1i t\u01b0\u1ee3ng l\u1edbn hay nh\u1ecf.<\/p>\n","protected":false},"featured_media":70846,"template":"","meta":{"_acf_changed":false},"product_brand":[1252],"product_cat":[857],"product_tag":[],"class_list":{"0":"post-67710","1":"product","2":"type-product","3":"status-publish","4":"has-post-thumbnail","6":"product_brand-shining-3d-en","7":"product_cat-3d-scanners","8":"pa_do-chinh-xac-tu-0-045-1mm-en","9":"pa_kha-nang-quet-mau-co-en","11":"first","12":"instock","13":"taxable","14":"shipping-taxable","15":"purchasable","16":"product-type-simple"},"acf":[],"_links":{"self":[{"href":"https:\/\/3d-smartsolutions.com\/en\/wp-json\/wp\/v2\/product\/67710","targetHints":{"allow":["GET"]}}],"collection":[{"href":"https:\/\/3d-smartsolutions.com\/en\/wp-json\/wp\/v2\/product"}],"about":[{"href":"https:\/\/3d-smartsolutions.com\/en\/wp-json\/wp\/v2\/types\/product"}],"wp:featuredmedia":[{"embeddable":true,"href":"https:\/\/3d-smartsolutions.com\/en\/wp-json\/wp\/v2\/media\/70846"}],"wp:attachment":[{"href":"https:\/\/3d-smartsolutions.com\/en\/wp-json\/wp\/v2\/media?parent=67710"}],"wp:term":[{"taxonomy":"product_brand","embeddable":true,"href":"https:\/\/3d-smartsolutions.com\/en\/wp-json\/wp\/v2\/product_brand?post=67710"},{"taxonomy":"product_cat","embeddable":true,"href":"https:\/\/3d-smartsolutions.com\/en\/wp-json\/wp\/v2\/product_cat?post=67710"},{"taxonomy":"product_tag","embeddable":true,"href":"https:\/\/3d-smartsolutions.com\/en\/wp-json\/wp\/v2\/product_tag?post=67710"}],"curies":[{"name":"wp","href":"https:\/\/api.w.org\/{rel}","templated":true}]}}