{"id":67712,"date":"2025-05-26T22:06:21","date_gmt":"2025-05-26T15:06:21","guid":{"rendered":"https:\/\/3d-smartsolutions.com\/san-pham\/einscan-pro-2x-v2\/"},"modified":"2026-03-26T10:44:26","modified_gmt":"2026-03-26T03:44:26","slug":"einscan-pro-2x-v2","status":"publish","type":"product","link":"https:\/\/3d-smartsolutions.com\/en\/einscan-pro-2x-v2\/","title":{"rendered":"EinScan Pro 2X V2"},"content":{"rendered":"<p>\ud83d\udd25 \u01afU \u0110\u00c3I L\u1edaN KHI MUA EINSCAN PRO 2X V2 \ud83d\udd25<\/p>\n<p><p>S\u1edf h\u1eefu ngay EinScan Pro 2X V2 \u2013 gi\u1ea3i ph\u00e1p c\u00f4ng ngh\u1ec7 hi\u1ec7n \u0111\u1ea1i c\u00f9ng lo\u1ea1t qu\u00e0 t\u1eb7ng c\u1ef1c h\u1ea5p d\u1eabn:<\/p>\n<p><p>\ud83c\udf81 T\u1eb7ng k\u00e8m m\u00e1y l\u00e0 1 b\u1ed9 ph\u1ee5 ki\u1ec7n Industrial Pack \u2013 h\u1ed7 tr\u1ee3 t\u1ed1i \u01b0u trong qu\u00e1 tr\u00ecnh s\u1eed d\u1ee5ng, ph\u1ee5c v\u1ee5 c\u00f4ng vi\u1ec7c k\u1ef9 thu\u1eadt \/ c\u00f4ng nghi\u1ec7p hi\u1ec7u qu\u1ea3.<\/p>\n<p><p>\ud83c\udf81 T\u1eb7ng ngay 1 h\u1ed9p \u0111i\u1ec3m d\u00e1n, 1 h\u1ed9p 4 b\u00ecnh x\u1ecbt b\u1ed9t Nabakem ch\u1ed1ng ph\u1ea3n quang cao c\u1ea5p.<\/p>\n<p><p>\ud83d\udcb8 Voucher 3.000.000\u0111 \u00e1p d\u1ee5ng cho l\u1ea7n mua ti\u1ebfp theo.<\/p>\n<p><p>\ud83d\ude9a Mi\u1ec5n ph\u00ed giao h\u00e0ng to\u00e0n qu\u1ed1c \u2013 nhanh ch\u00f3ng, ti\u1ec7n l\u1ee3i.<\/p>\n<p><p>\u2728 C\u01a1 h\u1ed9i n\u00e2ng c\u1ea5p tr\u1ea3i nghi\u1ec7m v\u1edbi chi ph\u00ed t\u1ed1i \u01b0u \u2013 ch\u1ec9 c\u00f3 trong th\u1eddi gian c\u00f3 h\u1ea1n!<\/p>\n<p><p>\ud83d\udc49 \u0110\u1eb7t mua ngay h\u00f4m nay \u0111\u1ec3 kh\u00f4ng b\u1ecf l\u1ee1 \u01b0u \u0111\u00e3i h\u1ea5p d\u1eabn n\u00e0y! <\/p>\n<p><p>\ud83d\udc49 EinScan Pro 2X V2 l\u00e0 th\u1ebf h\u1ec7 ti\u1ebfp theo c\u1ee7a m\u00e1y qu\u00e9t 3D c\u1ea7m tay, t\u00edch h\u1ee3p c\u00f4ng ngh\u1ec7 m\u1edbi nh\u1ea5t d\u1ef1a tr\u00ean ph\u1ea3n h\u1ed3i t\u1eeb h\u00e0ng ngh\u00ecn ng\u01b0\u1eddi d\u00f9ng v\u00e0 \u0111\u1ed9i ng\u0169 R&amp;D c\u1ee7a SHINING 3D.V\u1edbi t\u1ed1c \u0111\u1ed9 v\u00e0 \u0111\u1ed9 ch\u00ednh x\u00e1c \u0111\u01b0\u1ee3c n\u00e2ng cao, thi\u1ebft b\u1ecb qu\u00e9t di \u0111\u1ed9ng v\u00e0 \u0111a n\u0103ng n\u00e0y s\u1ebd gi\u00fap n\u00e2ng cao hi\u1ec7u qu\u1ea3 m\u00f4 h\u00ecnh h\u00f3a 3D ch\u1ea5t l\u01b0\u1ee3ng cao.<\/p>\n","protected":false},"excerpt":{"rendered":"<p>\ud83d\udd25 \u01afU \u0110\u00c3I L\u1edaN KHI MUA EINSCAN PRO 2X V2 \ud83d\udd25<\/p>\n<p><p>S\u1edf h\u1eefu ngay EinScan Pro 2X V2 \u2013 gi\u1ea3i ph\u00e1p c\u00f4ng ngh\u1ec7 hi\u1ec7n \u0111\u1ea1i c\u00f9ng lo\u1ea1t qu\u00e0 t\u1eb7ng c\u1ef1c h\u1ea5p d\u1eabn:<\/p>\n<p><p>\ud83c\udf81 T\u1eb7ng k\u00e8m m\u00e1y l\u00e0 1 b\u1ed9 ph\u1ee5 ki\u1ec7n Industrial Pack \u2013 h\u1ed7 tr\u1ee3 t\u1ed1i \u01b0u trong qu\u00e1 tr\u00ecnh s\u1eed d\u1ee5ng, ph\u1ee5c v\u1ee5 c\u00f4ng vi\u1ec7c k\u1ef9 thu\u1eadt \/ c\u00f4ng nghi\u1ec7p hi\u1ec7u qu\u1ea3.<\/p>\n<p><p>\ud83c\udf81 T\u1eb7ng ngay 1 h\u1ed9p \u0111i\u1ec3m d\u00e1n, 1 h\u1ed9p 4 b\u00ecnh x\u1ecbt b\u1ed9t Nabakem ch\u1ed1ng ph\u1ea3n quang cao c\u1ea5p.<\/p>\n<p><p>\ud83d\udcb8 Voucher 3.000.000\u0111 \u00e1p d\u1ee5ng cho l\u1ea7n mua ti\u1ebfp theo.<\/p>\n<p><p>\ud83d\ude9a Mi\u1ec5n ph\u00ed giao h\u00e0ng to\u00e0n qu\u1ed1c \u2013 nhanh ch\u00f3ng, ti\u1ec7n l\u1ee3i.<\/p>\n<p><p>\u2728 C\u01a1 h\u1ed9i n\u00e2ng c\u1ea5p tr\u1ea3i nghi\u1ec7m v\u1edbi chi ph\u00ed t\u1ed1i \u01b0u \u2013 ch\u1ec9 c\u00f3 trong th\u1eddi gian c\u00f3 h\u1ea1n!<\/p>\n<p><p>\ud83d\udc49 \u0110\u1eb7t mua ngay h\u00f4m nay \u0111\u1ec3 kh\u00f4ng b\u1ecf l\u1ee1 \u01b0u \u0111\u00e3i h\u1ea5p d\u1eabn n\u00e0y! <\/p>\n<p><p>\ud83d\udc49 EinScan Pro 2X V2 l\u00e0 th\u1ebf h\u1ec7 ti\u1ebfp theo c\u1ee7a m\u00e1y qu\u00e9t 3D c\u1ea7m tay, t\u00edch h\u1ee3p c\u00f4ng ngh\u1ec7 m\u1edbi nh\u1ea5t d\u1ef1a tr\u00ean ph\u1ea3n h\u1ed3i t\u1eeb h\u00e0ng ngh\u00ecn ng\u01b0\u1eddi d\u00f9ng v\u00e0 \u0111\u1ed9i ng\u0169 R&amp;D c\u1ee7a SHINING 3D.V\u1edbi t\u1ed1c \u0111\u1ed9 v\u00e0 \u0111\u1ed9 ch\u00ednh x\u00e1c \u0111\u01b0\u1ee3c n\u00e2ng cao, thi\u1ebft b\u1ecb qu\u00e9t di \u0111\u1ed9ng v\u00e0 \u0111a n\u0103ng n\u00e0y s\u1ebd gi\u00fap n\u00e2ng cao hi\u1ec7u qu\u1ea3 m\u00f4 h\u00ecnh h\u00f3a 3D ch\u1ea5t l\u01b0\u1ee3ng cao.<\/p>\n","protected":false},"featured_media":70877,"template":"","meta":{"_acf_changed":false},"product_brand":[1252],"product_cat":[857],"product_tag":[],"class_list":{"0":"post-67712","1":"product","2":"type-product","3":"status-publish","4":"has-post-thumbnail","6":"product_brand-shining-3d-en","7":"product_cat-3d-scanners","8":"pa_do-chinh-xac-tu-0-02-0-04mm-en","9":"pa_kha-nang-quet-mau-co-en","11":"first","12":"onbackorder","13":"taxable","14":"shipping-taxable","15":"purchasable","16":"product-type-simple"},"acf":[],"_links":{"self":[{"href":"https:\/\/3d-smartsolutions.com\/en\/wp-json\/wp\/v2\/product\/67712","targetHints":{"allow":["GET"]}}],"collection":[{"href":"https:\/\/3d-smartsolutions.com\/en\/wp-json\/wp\/v2\/product"}],"about":[{"href":"https:\/\/3d-smartsolutions.com\/en\/wp-json\/wp\/v2\/types\/product"}],"wp:featuredmedia":[{"embeddable":true,"href":"https:\/\/3d-smartsolutions.com\/en\/wp-json\/wp\/v2\/media\/70877"}],"wp:attachment":[{"href":"https:\/\/3d-smartsolutions.com\/en\/wp-json\/wp\/v2\/media?parent=67712"}],"wp:term":[{"taxonomy":"product_brand","embeddable":true,"href":"https:\/\/3d-smartsolutions.com\/en\/wp-json\/wp\/v2\/product_brand?post=67712"},{"taxonomy":"product_cat","embeddable":true,"href":"https:\/\/3d-smartsolutions.com\/en\/wp-json\/wp\/v2\/product_cat?post=67712"},{"taxonomy":"product_tag","embeddable":true,"href":"https:\/\/3d-smartsolutions.com\/en\/wp-json\/wp\/v2\/product_tag?post=67712"}],"curies":[{"name":"wp","href":"https:\/\/api.w.org\/{rel}","templated":true}]}}