{"id":67713,"date":"2025-05-26T22:06:21","date_gmt":"2025-05-26T15:06:21","guid":{"rendered":"https:\/\/3d-smartsolutions.com\/san-pham\/einscan-sp-v2\/"},"modified":"2026-03-26T11:16:01","modified_gmt":"2026-03-26T04:16:01","slug":"einscan-sp-v2","status":"publish","type":"product","link":"https:\/\/3d-smartsolutions.com\/en\/einscan-sp-v2\/","title":{"rendered":"EinScan SP V2"},"content":{"rendered":"<p>\ud83d\udd25 \u01afU \u0110\u00c3I \u0110\u1eb6C BI\u1ec6T KHI MUA EINSCAN SP V2\ud83d\udd25<\/p>\n<p><p>S\u1edf h\u1eefu ngay EinScan SP V2 \u2013 gi\u1ea3i ph\u00e1p c\u00f4ng ngh\u1ec7 hi\u1ec7n \u0111\u1ea1i c\u00f9ng lo\u1ea1t qu\u00e0 t\u1eb7ng c\u1ef1c h\u1ea5p d\u1eabn:<\/p>\n<p><p>\ud83c\udf81 T\u1eb7ng ngay 1 h\u1ed9p \u0111i\u1ec3m d\u00e1n &#038; 1 h\u1ed9p 4 b\u00ecnh x\u1ecbt b\u1ed9t Nabakem ch\u1ed1ng ph\u1ea3n quang cao c\u1ea5p \u2013 h\u1ed7 tr\u1ee3 t\u1ed1i \u01b0u trong qu\u00e1 tr\u00ecnh s\u1eed d\u1ee5ng.<\/p>\n<p><p>\ud83d\udcb8 Voucher 1.500.000\u0111 \u00e1p d\u1ee5ng cho l\u1ea7n mua ti\u1ebfp theo.<\/p>\n<p><p>\ud83d\ude9a Mi\u1ec5n ph\u00ed giao h\u00e0ng to\u00e0n qu\u1ed1c \u2013 nhanh ch\u00f3ng, ti\u1ec7n l\u1ee3i.<\/p>\n<p><p>\u2728 C\u01a1 h\u1ed9i n\u00e2ng c\u1ea5p tr\u1ea3i nghi\u1ec7m v\u1edbi chi ph\u00ed t\u1ed1i \u01b0u \u2013 ch\u1ec9 c\u00f3 trong th\u1eddi gian c\u00f3 h\u1ea1n!<\/p>\n<p><p>\ud83d\udc49 \u0110\u1eb7t mua ngay h\u00f4m nay \u0111\u1ec3 kh\u00f4ng b\u1ecf l\u1ee1 \u01b0u \u0111\u00e3i h\u1ea5p d\u1eabn n\u00e0y! <\/p>\n<p><p>\ud83d\udc49 Hi\u1ec7n th\u1ef1c h\u00f3a \u00fd t\u01b0\u1edfng: Gi\u1ea3i ph\u00e1p qu\u00e9t 3D cho m\u1ecdi nh\u00e0 s\u00e1ng t\u1ea1o<\/p>\n<p>EinScan SP V2 l\u00e0 chi\u1ebfc m\u00e1y qu\u00e9t 3D \u0111\u1ec3 b\u00e0n l\u00fd t\u01b0\u1edfng cho ng\u01b0\u1eddi m\u1edbi b\u1eaft \u0111\u1ea7u, gi\u00fap b\u1ea1n d\u1ec5 d\u00e0ng chuy\u1ec3n \u0111\u1ed5i c\u00e1c m\u1eabu th\u1ef1c t\u1ebf sang d\u1eef li\u1ec7u 3D ngay tr\u00ean b\u00e0n l\u00e0m vi\u1ec7c c\u00f9ng v\u1edbi c\u00e1c t\u00ednh n\u0103ng v\u01b0\u1ee3t tr\u1ed9i:<\/p>\n<ul>\n<li>\u0110\u1ed9 ch\u00ednh x\u00e1c l\u00ean \u0111\u1ebfn 0.05 mm<\/li>\n<li>Th\u1eddi gian qu\u00e9t d\u01b0\u1edbi 1 gi\u00e2y m\u1ed7i t\u1ea5m<\/li>\n<li>5 ch\u1ebf \u0111\u1ed9 gh\u00e9p n\u1ed1i d\u1eef li\u1ec7u qu\u00e9t, c\u1ea3i thi\u1ec7n tr\u1ea3i nghi\u1ec7m ng\u01b0\u1eddi d\u00f9ng<\/li>\n<li>Kh\u1ea3 n\u0103ng t\u01b0\u01a1ng th\u00edch v\u1edbi MacOS<\/li>\n<\/ul>\n<p>EinScan SP V2 mang \u0111\u1ebfn tr\u1ea3i nghi\u1ec7m qu\u00e9t m\u01b0\u1ee3t m\u00e0, nhanh ch\u00f3ng v\u00e0 ch\u00ednh x\u00e1c cho m\u1ecdi nh\u00e0 thi\u1ebft k\u1ebf, k\u1ef9 s\u01b0 v\u00e0 ng\u01b0\u1eddi s\u00e1ng t\u1ea1o n\u1ed9i dung s\u1ed1.<\/p>\n","protected":false},"excerpt":{"rendered":"<p>\ud83d\udd25 \u01afU \u0110\u00c3I \u0110\u1eb6C BI\u1ec6T KHI MUA EINSCAN SP V2\ud83d\udd25<\/p>\n<p><p>S\u1edf h\u1eefu ngay EinScan SP V2 \u2013 gi\u1ea3i ph\u00e1p c\u00f4ng ngh\u1ec7 hi\u1ec7n \u0111\u1ea1i c\u00f9ng lo\u1ea1t qu\u00e0 t\u1eb7ng c\u1ef1c h\u1ea5p d\u1eabn:<\/p>\n<p><p>\ud83c\udf81 T\u1eb7ng ngay 1 h\u1ed9p \u0111i\u1ec3m d\u00e1n &#038; 1 h\u1ed9p 4 b\u00ecnh x\u1ecbt b\u1ed9t Nabakem ch\u1ed1ng ph\u1ea3n quang cao c\u1ea5p \u2013 h\u1ed7 tr\u1ee3 t\u1ed1i \u01b0u trong qu\u00e1 tr\u00ecnh s\u1eed d\u1ee5ng.<\/p>\n<p><p>\ud83d\udcb8 Voucher 1.500.000\u0111 \u00e1p d\u1ee5ng cho l\u1ea7n mua ti\u1ebfp theo.<\/p>\n<p><p>\ud83d\ude9a Mi\u1ec5n ph\u00ed giao h\u00e0ng to\u00e0n qu\u1ed1c \u2013 nhanh ch\u00f3ng, ti\u1ec7n l\u1ee3i.<\/p>\n<p><p>\u2728 C\u01a1 h\u1ed9i n\u00e2ng c\u1ea5p tr\u1ea3i nghi\u1ec7m v\u1edbi chi ph\u00ed t\u1ed1i \u01b0u \u2013 ch\u1ec9 c\u00f3 trong th\u1eddi gian c\u00f3 h\u1ea1n!<\/p>\n<p><p>\ud83d\udc49 \u0110\u1eb7t mua ngay h\u00f4m nay \u0111\u1ec3 kh\u00f4ng b\u1ecf l\u1ee1 \u01b0u \u0111\u00e3i h\u1ea5p d\u1eabn n\u00e0y! <\/p>\n<p><p>\ud83d\udc49 Hi\u1ec7n th\u1ef1c h\u00f3a \u00fd t\u01b0\u1edfng: Gi\u1ea3i ph\u00e1p qu\u00e9t 3D cho m\u1ecdi nh\u00e0 s\u00e1ng t\u1ea1o<\/p>\n<p>EinScan SP V2 l\u00e0 chi\u1ebfc m\u00e1y qu\u00e9t 3D \u0111\u1ec3 b\u00e0n l\u00fd t\u01b0\u1edfng cho ng\u01b0\u1eddi m\u1edbi b\u1eaft \u0111\u1ea7u, gi\u00fap b\u1ea1n d\u1ec5 d\u00e0ng chuy\u1ec3n \u0111\u1ed5i c\u00e1c m\u1eabu th\u1ef1c t\u1ebf sang d\u1eef li\u1ec7u 3D ngay tr\u00ean b\u00e0n l\u00e0m vi\u1ec7c c\u00f9ng v\u1edbi c\u00e1c t\u00ednh n\u0103ng v\u01b0\u1ee3t tr\u1ed9i:<\/p>\n<ul>\n<li>\u0110\u1ed9 ch\u00ednh x\u00e1c l\u00ean \u0111\u1ebfn 0.05 mm<\/li>\n<li>Th\u1eddi gian qu\u00e9t d\u01b0\u1edbi 1 gi\u00e2y m\u1ed7i t\u1ea5m<\/li>\n<li>5 ch\u1ebf \u0111\u1ed9 gh\u00e9p n\u1ed1i d\u1eef li\u1ec7u qu\u00e9t, c\u1ea3i thi\u1ec7n tr\u1ea3i nghi\u1ec7m ng\u01b0\u1eddi d\u00f9ng<\/li>\n<li>Kh\u1ea3 n\u0103ng t\u01b0\u01a1ng th\u00edch v\u1edbi MacOS<\/li>\n<\/ul>\n<p>EinScan SP V2 mang \u0111\u1ebfn tr\u1ea3i nghi\u1ec7m qu\u00e9t m\u01b0\u1ee3t m\u00e0, nhanh ch\u00f3ng v\u00e0 ch\u00ednh x\u00e1c cho m\u1ecdi nh\u00e0 thi\u1ebft k\u1ebf, k\u1ef9 s\u01b0 v\u00e0 ng\u01b0\u1eddi s\u00e1ng t\u1ea1o n\u1ed9i dung s\u1ed1.<\/p>\n","protected":false},"featured_media":70883,"template":"","meta":{"_acf_changed":false},"product_brand":[1252],"product_cat":[857],"product_tag":[],"class_list":{"0":"post-67713","1":"product","2":"type-product","3":"status-publish","4":"has-post-thumbnail","6":"product_brand-shining-3d-en","7":"product_cat-3d-scanners","8":"pa_do-chinh-xac-tu-0-045-1mm-en","9":"pa_kha-nang-quet-mau-co-en","11":"first","12":"onbackorder","13":"taxable","14":"shipping-taxable","15":"purchasable","16":"product-type-simple"},"acf":[],"_links":{"self":[{"href":"https:\/\/3d-smartsolutions.com\/en\/wp-json\/wp\/v2\/product\/67713","targetHints":{"allow":["GET"]}}],"collection":[{"href":"https:\/\/3d-smartsolutions.com\/en\/wp-json\/wp\/v2\/product"}],"about":[{"href":"https:\/\/3d-smartsolutions.com\/en\/wp-json\/wp\/v2\/types\/product"}],"wp:featuredmedia":[{"embeddable":true,"href":"https:\/\/3d-smartsolutions.com\/en\/wp-json\/wp\/v2\/media\/70883"}],"wp:attachment":[{"href":"https:\/\/3d-smartsolutions.com\/en\/wp-json\/wp\/v2\/media?parent=67713"}],"wp:term":[{"taxonomy":"product_brand","embeddable":true,"href":"https:\/\/3d-smartsolutions.com\/en\/wp-json\/wp\/v2\/product_brand?post=67713"},{"taxonomy":"product_cat","embeddable":true,"href":"https:\/\/3d-smartsolutions.com\/en\/wp-json\/wp\/v2\/product_cat?post=67713"},{"taxonomy":"product_tag","embeddable":true,"href":"https:\/\/3d-smartsolutions.com\/en\/wp-json\/wp\/v2\/product_tag?post=67713"}],"curies":[{"name":"wp","href":"https:\/\/api.w.org\/{rel}","templated":true}]}}