{"id":67714,"date":"2025-05-26T22:06:21","date_gmt":"2025-05-26T15:06:21","guid":{"rendered":"https:\/\/3d-smartsolutions.com\/san-pham\/freescan-ue-pro-2\/"},"modified":"2025-09-04T17:34:53","modified_gmt":"2025-09-04T10:34:53","slug":"freescan-ue-pro2","status":"publish","type":"product","link":"https:\/\/3d-smartsolutions.com\/en\/freescan-ue-pro-2\/","title":{"rendered":"FreeScan UE Pro2"},"content":{"rendered":"<p>FreeScan UE Pro2\u00a0 l\u00e0 thi\u1ebft b\u1ecb qu\u00e9t 3D c\u1ea7m tay hi\u1ec7n \u0111\u1ea1i, s\u1eed d\u1ee5ng c\u00f4ng ngh\u1ec7 video photogrammetry (VPG) ti\u00ean ti\u1ebfn gi\u00fap lo\u1ea1i b\u1ecf nhu c\u1ea7u \u0111i\u1ec3m \u0111\u00e1nh d\u1ea5u, \u0111\u1ed3ng th\u1eddi \u0111\u1ea3m b\u1ea3o \u0111\u1ed9 ch\u00ednh x\u00e1c th\u1ec3 t\u00edch cao v\u00e0 t\u1ed1c \u0111\u1ed9 qu\u00e9t nhanh. Thi\u1ebft k\u1ebf linh ho\u1ea1t ph\u00f9 h\u1ee3p cho c\u1ea3 m\u00f4i tr\u01b0\u1eddng trong nh\u00e0 v\u00e0 ngo\u00e0i tr\u1eddi, h\u1ed7 tr\u1ee3 nhi\u1ec1u ch\u1ebf \u0111\u1ed9 qu\u00e9t kh\u00e1c nhau \u0111\u1ec3 x\u1eed l\u00fd \u0111a d\u1ea1ng c\u00e1c chi ti\u1ebft t\u1eeb l\u1edbn \u0111\u1ebfn nh\u1ecf, k\u1ec3 c\u1ea3 c\u00e1c v\u1ecb tr\u00ed kh\u00f3 ti\u1ebfp c\u1eadn nh\u01b0 l\u1ed7 s\u00e2u. FreeScan UE Pro 2 l\u00e0 gi\u1ea3i ph\u00e1p t\u1ed1i \u01b0u cho c\u00e1c \u1ee9ng d\u1ee5ng c\u00f4ng nghi\u1ec7p, kh\u1ea3o s\u00e1t, v\u00e0 ki\u1ec3m tra ch\u1ea5t l\u01b0\u1ee3ng.<\/p>\n","protected":false},"excerpt":{"rendered":"<p>FreeScan UE Pro2 l\u00e0 thi\u1ebft b\u1ecb qu\u00e9t 3D c\u1ea7m tay hi\u1ec7n \u0111\u1ea1i, s\u1eed d\u1ee5ng c\u00f4ng ngh\u1ec7 video photogrammetry (VPG) ti\u00ean ti\u1ebfn gi\u00fap lo\u1ea1i b\u1ecf nhu c\u1ea7u \u0111i\u1ec3m \u0111\u00e1nh d\u1ea5u, \u0111\u1ed3ng th\u1eddi \u0111\u1ea3m b\u1ea3o \u0111\u1ed9 ch\u00ednh x\u00e1c th\u1ec3 t\u00edch cao v\u00e0 t\u1ed1c \u0111\u1ed9 qu\u00e9t nhanh. Thi\u1ebft k\u1ebf linh ho\u1ea1t ph\u00f9 h\u1ee3p cho c\u1ea3 m\u00f4i tr\u01b0\u1eddng trong nh\u00e0 v\u00e0 ngo\u00e0i tr\u1eddi, h\u1ed7 tr\u1ee3 nhi\u1ec1u ch\u1ebf \u0111\u1ed9 qu\u00e9t kh\u00e1c nhau \u0111\u1ec3 x\u1eed l\u00fd \u0111a d\u1ea1ng c\u00e1c chi ti\u1ebft t\u1eeb l\u1edbn \u0111\u1ebfn nh\u1ecf, k\u1ec3 c\u1ea3 c\u00e1c v\u1ecb tr\u00ed kh\u00f3 ti\u1ebfp c\u1eadn nh\u01b0 l\u1ed7 s\u00e2u. FreeScan UE Pro2 l\u00e0 gi\u1ea3i ph\u00e1p t\u1ed1i \u01b0u cho c\u00e1c \u1ee9ng d\u1ee5ng c\u00f4ng nghi\u1ec7p, kh\u1ea3o s\u00e1t, v\u00e0 ki\u1ec3m tra ch\u1ea5t l\u01b0\u1ee3ng.<\/p>\n","protected":false},"featured_media":68925,"template":"","meta":{"_acf_changed":false},"product_brand":[1252],"product_cat":[857],"product_tag":[],"class_list":{"0":"post-67714","1":"product","2":"type-product","3":"status-publish","4":"has-post-thumbnail","6":"product_brand-shining-3d-en","7":"product_cat-3d-scanners","8":"pa_do-chinh-xac-nho-hon-0-02mm-en","9":"pa_kha-nang-quet-mau-khong-en","11":"first","12":"onbackorder","13":"taxable","14":"shipping-taxable","15":"product-type-simple"},"acf":[],"_links":{"self":[{"href":"https:\/\/3d-smartsolutions.com\/en\/wp-json\/wp\/v2\/product\/67714","targetHints":{"allow":["GET"]}}],"collection":[{"href":"https:\/\/3d-smartsolutions.com\/en\/wp-json\/wp\/v2\/product"}],"about":[{"href":"https:\/\/3d-smartsolutions.com\/en\/wp-json\/wp\/v2\/types\/product"}],"wp:featuredmedia":[{"embeddable":true,"href":"https:\/\/3d-smartsolutions.com\/en\/wp-json\/wp\/v2\/media\/68925"}],"wp:attachment":[{"href":"https:\/\/3d-smartsolutions.com\/en\/wp-json\/wp\/v2\/media?parent=67714"}],"wp:term":[{"taxonomy":"product_brand","embeddable":true,"href":"https:\/\/3d-smartsolutions.com\/en\/wp-json\/wp\/v2\/product_brand?post=67714"},{"taxonomy":"product_cat","embeddable":true,"href":"https:\/\/3d-smartsolutions.com\/en\/wp-json\/wp\/v2\/product_cat?post=67714"},{"taxonomy":"product_tag","embeddable":true,"href":"https:\/\/3d-smartsolutions.com\/en\/wp-json\/wp\/v2\/product_tag?post=67714"}],"curies":[{"name":"wp","href":"https:\/\/api.w.org\/{rel}","templated":true}]}}