{"id":67715,"date":"2025-05-26T22:06:21","date_gmt":"2025-05-26T15:06:21","guid":{"rendered":"https:\/\/3d-smartsolutions.com\/san-pham\/einstar\/"},"modified":"2026-03-25T17:19:12","modified_gmt":"2026-03-25T10:19:12","slug":"einstar","status":"publish","type":"product","link":"https:\/\/3d-smartsolutions.com\/en\/einstar\/","title":{"rendered":"EinStar"},"content":{"rendered":"<p>\ud83d\udd25 \u01afU \u0110\u00c3I \u0110\u1eb6C BI\u1ec6T KHI MUA EINSTAR \ud83d\udd25<\/p>\n<p><p>S\u1edf h\u1eefu ngay EinStar \u2013 gi\u1ea3i ph\u00e1p c\u00f4ng ngh\u1ec7 hi\u1ec7n \u0111\u1ea1i c\u00f9ng lo\u1ea1t qu\u00e0 t\u1eb7ng c\u1ef1c h\u1ea5p d\u1eabn:<\/p>\n<p><p>\ud83c\udf81 T\u1eb7ng ngay 1 h\u1ed9p \u0111i\u1ec3m d\u00e1n &#038; 1 b\u00ecnh x\u1ecbt b\u1ed9t Nabakem ch\u1ed1ng ph\u1ea3n quang cao c\u1ea5p &#8211; h\u1ed7 tr\u1ee3 t\u1ed1i \u01b0u trong qu\u00e1 tr\u00ecnh s\u1eed d\u1ee5ng.<\/p>\n<p><p>\ud83d\udcb8 Voucher 500.000\u0111 \u00e1p d\u1ee5ng cho l\u1ea7n mua ti\u1ebfp theo.<\/p>\n<p><p>\ud83d\ude9a Mi\u1ec5n ph\u00ed giao h\u00e0ng to\u00e0n qu\u1ed1c \u2013 nhanh ch\u00f3ng, ti\u1ec7n l\u1ee3i.<\/p>\n<p><p>\u2728 C\u01a1 h\u1ed9i n\u00e2ng c\u1ea5p tr\u1ea3i nghi\u1ec7m v\u1edbi chi ph\u00ed t\u1ed1i \u01b0u \u2013 ch\u1ec9 c\u00f3 trong th\u1eddi gian c\u00f3 h\u1ea1n!<\/p>\n<p><p>\ud83d\udc49 \u0110\u1eb7t mua ngay h\u00f4m nay \u0111\u1ec3 kh\u00f4ng b\u1ecf l\u1ee1 \u01b0u \u0111\u00e3i h\u1ea5p d\u1eabn n\u00e0y! <\/p>\n<p><p>\ud83d\udc49 Einstar l\u00e0 d\u00f2ng m\u00e1y qu\u00e9t 3D c\u01a1 b\u1ea3n d\u00e0nh cho ng\u01b0\u1eddi m\u1edbi b\u1eaft \u0111\u1ea7u c\u00f3 m\u1ee9c gi\u00e1 ph\u1ea3i ch\u0103ng nh\u1ea5t t\u1eeb tr\u01b0\u1edbc \u0111\u1ebfn nay \u0111\u1ebfn t\u1eeb Shining 3D. Einstar d\u1ec5 d\u00e0ng thu th\u1eadp c\u00e1c chi ti\u1ebft r\u00f5 n\u00e9t v\u00e0 \u1ed5n \u0111\u1ecbnh v\u1edbi t\u1ed1c \u0111\u1ed9 nhanh, \u0111\u1ed3ng th\u1eddi cung c\u1ea5p d\u1eef li\u1ec7u \u0111\u1ea7u ra ch\u1ea5t l\u01b0\u1ee3ng cao. B\u1eaft \u0111\u1ea7u qu\u00e9t 3D m\u1ed9t c\u00e1ch d\u1ec5 d\u00e0ng v\u1edbi EINSTAR ngay h\u00f4m nay v\u00e0 t\u1eadn h\u01b0\u1edfng tr\u1ea3i nghi\u1ec7m qu\u00e9t m\u01b0\u1ee3t m\u00e0 ch\u01b0a t\u1eebng c\u00f3.<\/p>\n","protected":false},"excerpt":{"rendered":"<p>\ud83d\udd25 \u01afU \u0110\u00c3I \u0110\u1eb6C BI\u1ec6T KHI MUA EINSTAR \ud83d\udd25<\/p>\n<p><p>S\u1edf h\u1eefu ngay EinStar \u2013 gi\u1ea3i ph\u00e1p c\u00f4ng ngh\u1ec7 hi\u1ec7n \u0111\u1ea1i c\u00f9ng lo\u1ea1t qu\u00e0 t\u1eb7ng c\u1ef1c h\u1ea5p d\u1eabn:<\/p>\n<p><p>\ud83c\udf81 T\u1eb7ng ngay 1 h\u1ed9p \u0111i\u1ec3m d\u00e1n &#038; 1 b\u00ecnh x\u1ecbt b\u1ed9t Nabakem ch\u1ed1ng ph\u1ea3n quang cao c\u1ea5p &#8211; h\u1ed7 tr\u1ee3 t\u1ed1i \u01b0u trong qu\u00e1 tr\u00ecnh s\u1eed d\u1ee5ng.<\/p>\n<p><p>\ud83d\udcb8 Voucher 500.000\u0111 \u00e1p d\u1ee5ng cho l\u1ea7n mua ti\u1ebfp theo.<\/p>\n<p><p>\ud83d\ude9a Mi\u1ec5n ph\u00ed giao h\u00e0ng to\u00e0n qu\u1ed1c \u2013 nhanh ch\u00f3ng, ti\u1ec7n l\u1ee3i.<\/p>\n<p><p>\u2728 C\u01a1 h\u1ed9i n\u00e2ng c\u1ea5p tr\u1ea3i nghi\u1ec7m v\u1edbi chi ph\u00ed t\u1ed1i \u01b0u \u2013 ch\u1ec9 c\u00f3 trong th\u1eddi gian c\u00f3 h\u1ea1n!<\/p>\n<p><p>\ud83d\udc49 \u0110\u1eb7t mua ngay h\u00f4m nay \u0111\u1ec3 kh\u00f4ng b\u1ecf l\u1ee1 \u01b0u \u0111\u00e3i h\u1ea5p d\u1eabn n\u00e0y! <\/p>\n<p><p>\ud83d\udc49 Einstar l\u00e0 d\u00f2ng m\u00e1y qu\u00e9t 3D c\u01a1 b\u1ea3n d\u00e0nh cho ng\u01b0\u1eddi m\u1edbi b\u1eaft \u0111\u1ea7u c\u00f3 m\u1ee9c gi\u00e1 ph\u1ea3i ch\u0103ng nh\u1ea5t t\u1eeb tr\u01b0\u1edbc \u0111\u1ebfn nay \u0111\u1ebfn t\u1eeb Shining 3D. Einstar d\u1ec5 d\u00e0ng thu th\u1eadp c\u00e1c chi ti\u1ebft r\u00f5 n\u00e9t v\u00e0 \u1ed5n \u0111\u1ecbnh v\u1edbi t\u1ed1c \u0111\u1ed9 nhanh, \u0111\u1ed3ng th\u1eddi cung c\u1ea5p d\u1eef li\u1ec7u \u0111\u1ea7u ra ch\u1ea5t l\u01b0\u1ee3ng cao. B\u1eaft \u0111\u1ea7u qu\u00e9t 3D m\u1ed9t c\u00e1ch d\u1ec5 d\u00e0ng v\u1edbi EINSTAR ngay h\u00f4m nay v\u00e0 t\u1eadn h\u01b0\u1edfng tr\u1ea3i nghi\u1ec7m qu\u00e9t m\u01b0\u1ee3t m\u00e0 ch\u01b0a t\u1eebng c\u00f3.<\/p>\n","protected":false},"featured_media":70858,"template":"","meta":{"_acf_changed":false},"product_brand":[1252],"product_cat":[857],"product_tag":[],"class_list":{"0":"post-67715","1":"product","2":"type-product","3":"status-publish","4":"has-post-thumbnail","6":"product_brand-shining-3d-en","7":"product_cat-3d-scanners","8":"pa_do-chinh-xac-tu-0-045-1mm-en","9":"pa_kha-nang-quet-mau-co-en","11":"first","12":"instock","13":"taxable","14":"shipping-taxable","15":"purchasable","16":"product-type-simple"},"acf":[],"_links":{"self":[{"href":"https:\/\/3d-smartsolutions.com\/en\/wp-json\/wp\/v2\/product\/67715","targetHints":{"allow":["GET"]}}],"collection":[{"href":"https:\/\/3d-smartsolutions.com\/en\/wp-json\/wp\/v2\/product"}],"about":[{"href":"https:\/\/3d-smartsolutions.com\/en\/wp-json\/wp\/v2\/types\/product"}],"wp:featuredmedia":[{"embeddable":true,"href":"https:\/\/3d-smartsolutions.com\/en\/wp-json\/wp\/v2\/media\/70858"}],"wp:attachment":[{"href":"https:\/\/3d-smartsolutions.com\/en\/wp-json\/wp\/v2\/media?parent=67715"}],"wp:term":[{"taxonomy":"product_brand","embeddable":true,"href":"https:\/\/3d-smartsolutions.com\/en\/wp-json\/wp\/v2\/product_brand?post=67715"},{"taxonomy":"product_cat","embeddable":true,"href":"https:\/\/3d-smartsolutions.com\/en\/wp-json\/wp\/v2\/product_cat?post=67715"},{"taxonomy":"product_tag","embeddable":true,"href":"https:\/\/3d-smartsolutions.com\/en\/wp-json\/wp\/v2\/product_tag?post=67715"}],"curies":[{"name":"wp","href":"https:\/\/api.w.org\/{rel}","templated":true}]}}