{"id":67717,"date":"2025-05-26T22:06:21","date_gmt":"2025-05-26T15:06:21","guid":{"rendered":"https:\/\/3d-smartsolutions.com\/san-pham\/freescan-combo\/"},"modified":"2025-10-29T10:01:55","modified_gmt":"2025-10-29T03:01:55","slug":"freescan-combo","status":"publish","type":"product","link":"https:\/\/3d-smartsolutions.com\/en\/freescan-combo\/","title":{"rendered":"Freescan Combo"},"content":{"rendered":"<p>FreeScan Combo &#8211; M\u00e1y qu\u00e9t 3D c\u00f3 thi\u1ebft k\u1ebf ti\u1ec7n d\u1ee5ng, nh\u1ecf g\u1ecdn v\u00e0 nh\u1eb9, cho ph\u00e9p qu\u00e9t 3D tr\u1edf n\u00ean thu\u1eadn ti\u1ec7n v\u00e0 d\u1ec5 d\u00e0ng v\u1edbi \u0111\u1ed9 ch\u00ednh x\u00e1c l\u00ean \u0111\u1ebfn 0.02mm<\/p>\n","protected":false},"excerpt":{"rendered":"<p>FreeScan Combo &#8211; M\u00e1y qu\u00e9t 3D c\u00f3 thi\u1ebft k\u1ebf ti\u1ec7n d\u1ee5ng, nh\u1ecf g\u1ecdn v\u00e0 nh\u1eb9, cho ph\u00e9p qu\u00e9t 3D tr\u1edf n\u00ean thu\u1eadn ti\u1ec7n v\u00e0 d\u1ec5 d\u00e0ng v\u1edbi \u0111\u1ed9 ch\u00ednh x\u00e1c l\u00ean \u0111\u1ebfn 0.02mm<\/p>\n","protected":false},"featured_media":68931,"template":"","meta":{"_acf_changed":false},"product_brand":[1252],"product_cat":[857],"product_tag":[],"class_list":{"0":"post-67717","1":"product","2":"type-product","3":"status-publish","4":"has-post-thumbnail","6":"product_brand-shining-3d-en","7":"product_cat-3d-scanners","8":"pa_do-chinh-xac-nho-hon-0-02mm-en","9":"pa_kha-nang-quet-mau-khong-en","11":"first","12":"onbackorder","13":"taxable","14":"shipping-taxable","15":"product-type-simple"},"acf":[],"_links":{"self":[{"href":"https:\/\/3d-smartsolutions.com\/en\/wp-json\/wp\/v2\/product\/67717","targetHints":{"allow":["GET"]}}],"collection":[{"href":"https:\/\/3d-smartsolutions.com\/en\/wp-json\/wp\/v2\/product"}],"about":[{"href":"https:\/\/3d-smartsolutions.com\/en\/wp-json\/wp\/v2\/types\/product"}],"wp:featuredmedia":[{"embeddable":true,"href":"https:\/\/3d-smartsolutions.com\/en\/wp-json\/wp\/v2\/media\/68931"}],"wp:attachment":[{"href":"https:\/\/3d-smartsolutions.com\/en\/wp-json\/wp\/v2\/media?parent=67717"}],"wp:term":[{"taxonomy":"product_brand","embeddable":true,"href":"https:\/\/3d-smartsolutions.com\/en\/wp-json\/wp\/v2\/product_brand?post=67717"},{"taxonomy":"product_cat","embeddable":true,"href":"https:\/\/3d-smartsolutions.com\/en\/wp-json\/wp\/v2\/product_cat?post=67717"},{"taxonomy":"product_tag","embeddable":true,"href":"https:\/\/3d-smartsolutions.com\/en\/wp-json\/wp\/v2\/product_tag?post=67717"}],"curies":[{"name":"wp","href":"https:\/\/api.w.org\/{rel}","templated":true}]}}