{"id":67719,"date":"2025-07-26T22:06:21","date_gmt":"2025-07-26T15:06:21","guid":{"rendered":"https:\/\/3d-smartsolutions.com\/san-pham\/einscan-h2\/"},"modified":"2026-03-26T10:20:20","modified_gmt":"2026-03-26T03:20:20","slug":"einscan-h2","status":"publish","type":"product","link":"https:\/\/3d-smartsolutions.com\/en\/einscan-h2\/","title":{"rendered":"EinScan H2"},"content":{"rendered":"<p>\ud83d\udd25 \u01afU \u0110\u00c3I \u0110\u1eb6C BI\u1ec6T KHI MUA EINSCAN H2 \ud83d\udd25<\/p>\n<p><p>S\u1edf h\u1eefu ngay EinScan H2 \u2013 gi\u1ea3i ph\u00e1p c\u00f4ng ngh\u1ec7 hi\u1ec7n \u0111\u1ea1i c\u00f9ng lo\u1ea1t qu\u00e0 t\u1eb7ng c\u1ef1c h\u1ea5p d\u1eabn:<\/p>\n<p><p>\ud83c\udf81 T\u1eb7ng ngay 1 h\u1ed9p \u0111i\u1ec3m d\u00e1n, 1 h\u1ed9p 4 b\u00ecnh x\u1ecbt b\u1ed9t Nabakem ch\u1ed1ng ph\u1ea3n quang cao c\u1ea5p \u2013 h\u1ed7 tr\u1ee3 t\u1ed1i \u01b0u trong qu\u00e1 tr\u00ecnh s\u1eed d\u1ee5ng, ph\u1ee5c v\u1ee5 c\u00f4ng vi\u1ec7c k\u1ef9 thu\u1eadt \/ c\u00f4ng nghi\u1ec7p hi\u1ec7u qu\u1ea3.<\/p>\n<p><p>\ud83d\udcb8 Voucher 3.000.000\u0111 \u00e1p d\u1ee5ng cho l\u1ea7n mua ti\u1ebfp theo.<\/p>\n<p><p>\ud83d\ude9a Mi\u1ec5n ph\u00ed giao h\u00e0ng to\u00e0n qu\u1ed1c \u2013 nhanh ch\u00f3ng, ti\u1ec7n l\u1ee3i.<\/p>\n<p><p>\u2728 C\u01a1 h\u1ed9i n\u00e2ng c\u1ea5p tr\u1ea3i nghi\u1ec7m v\u1edbi chi ph\u00ed t\u1ed1i \u01b0u \u2013 ch\u1ec9 c\u00f3 trong th\u1eddi gian c\u00f3 h\u1ea1n!<\/p>\n<p><p>\ud83d\udc49 \u0110\u1eb7t mua ngay h\u00f4m nay \u0111\u1ec3 kh\u00f4ng b\u1ecf l\u1ee1 \u01b0u \u0111\u00e3i h\u1ea5p d\u1eabn n\u00e0y! <\/p>\n<p><p>\ud83d\udc49 M\u00e1y qu\u00e9t 3D EinScan H2<br \/>\n&#8211; Ngu\u1ed3n s\u00e1ng: t\u00edch h\u1ee3p \u00e1nh s\u00e1ng tr\u1eafng v\u00e0 tia h\u1ed3ng ngo\u1ea1i<br \/>\n&#8211; \u0110\u1ed9 ch\u00ednh x\u00e1c: l\u00ean \u0111\u1ebfn 0.05\u00b10.1mm\/m<br \/>\n&#8211; T\u1ed1c \u0111\u1ed9 qu\u00e9t: 1,2 tri\u1ec7u \u0111i\u1ec3m \/ gi\u00e2y<br \/>\n&#8211; FOV: MAX 780mm*900mm<br \/>\n&#8211; Qu\u00e9t m\u00e0u s\u1eafc: \u0110\u1ed9 ph\u00e2n gi\u1ea3i 5 megapixels\u00a0<br \/>\n&#8211; C\u1ed5ng k\u1ebft n\u1ed1i: USB 3.0<\/p>\n","protected":false},"excerpt":{"rendered":"<p>\ud83d\udd25 \u01afU \u0110\u00c3I \u0110\u1eb6C BI\u1ec6T KHI MUA EINSCAN H2 \ud83d\udd25<\/p>\n<p><p>S\u1edf h\u1eefu ngay EinScan H2 \u2013 gi\u1ea3i ph\u00e1p c\u00f4ng ngh\u1ec7 hi\u1ec7n \u0111\u1ea1i c\u00f9ng lo\u1ea1t qu\u00e0 t\u1eb7ng c\u1ef1c h\u1ea5p d\u1eabn:<\/p>\n<p><p>\ud83c\udf81 T\u1eb7ng ngay 1 h\u1ed9p \u0111i\u1ec3m d\u00e1n, 1 h\u1ed9p 4 b\u00ecnh x\u1ecbt b\u1ed9t Nabakem ch\u1ed1ng ph\u1ea3n quang cao c\u1ea5p \u2013 h\u1ed7 tr\u1ee3 t\u1ed1i \u01b0u trong qu\u00e1 tr\u00ecnh s\u1eed d\u1ee5ng, ph\u1ee5c v\u1ee5 c\u00f4ng vi\u1ec7c k\u1ef9 thu\u1eadt \/ c\u00f4ng nghi\u1ec7p hi\u1ec7u qu\u1ea3.<\/p>\n<p><p>\ud83d\udcb8 Voucher 3.000.000\u0111 \u00e1p d\u1ee5ng cho l\u1ea7n mua ti\u1ebfp theo.<\/p>\n<p><p>\ud83d\ude9a Mi\u1ec5n ph\u00ed giao h\u00e0ng to\u00e0n qu\u1ed1c \u2013 nhanh ch\u00f3ng, ti\u1ec7n l\u1ee3i.<\/p>\n<p><p>\u2728 C\u01a1 h\u1ed9i n\u00e2ng c\u1ea5p tr\u1ea3i nghi\u1ec7m v\u1edbi chi ph\u00ed t\u1ed1i \u01b0u \u2013 ch\u1ec9 c\u00f3 trong th\u1eddi gian c\u00f3 h\u1ea1n!<\/p>\n<p><p>\ud83d\udc49 \u0110\u1eb7t mua ngay h\u00f4m nay \u0111\u1ec3 kh\u00f4ng b\u1ecf l\u1ee1 \u01b0u \u0111\u00e3i h\u1ea5p d\u1eabn n\u00e0y! <\/p>\n<p><p>\ud83d\udc49 M\u00e1y qu\u00e9t 3D EinScan H2<br \/>\n&#8211; Ngu\u1ed3n s\u00e1ng: t\u00edch h\u1ee3p \u00e1nh s\u00e1ng tr\u1eafng v\u00e0 tia h\u1ed3ng ngo\u1ea1i<br \/>\n&#8211; \u0110\u1ed9 ch\u00ednh x\u00e1c: l\u00ean \u0111\u1ebfn 0.05\u00b10.1mm\/m<br \/>\n&#8211; T\u1ed1c \u0111\u1ed9 qu\u00e9t: 1,2 tri\u1ec7u \u0111i\u1ec3m \/ gi\u00e2y<br \/>\n&#8211; FOV: MAX 780mm*900mm<br \/>\n&#8211; Qu\u00e9t m\u00e0u s\u1eafc: \u0110\u1ed9 ph\u00e2n gi\u1ea3i 5 megapixels\u00a0<br \/>\n&#8211; C\u1ed5ng k\u1ebft n\u1ed1i: USB 3.0<\/p>\n","protected":false},"featured_media":70866,"template":"","meta":{"_acf_changed":false},"product_brand":[1252],"product_cat":[857],"product_tag":[],"class_list":{"0":"post-67719","1":"product","2":"type-product","3":"status-publish","4":"has-post-thumbnail","6":"product_brand-shining-3d-en","7":"product_cat-3d-scanners","8":"pa_do-chinh-xac-tu-0-045-1mm-en","9":"pa_kha-nang-quet-mau-co-en","11":"first","12":"instock","13":"taxable","14":"shipping-taxable","15":"purchasable","16":"product-type-simple"},"acf":[],"_links":{"self":[{"href":"https:\/\/3d-smartsolutions.com\/en\/wp-json\/wp\/v2\/product\/67719","targetHints":{"allow":["GET"]}}],"collection":[{"href":"https:\/\/3d-smartsolutions.com\/en\/wp-json\/wp\/v2\/product"}],"about":[{"href":"https:\/\/3d-smartsolutions.com\/en\/wp-json\/wp\/v2\/types\/product"}],"wp:featuredmedia":[{"embeddable":true,"href":"https:\/\/3d-smartsolutions.com\/en\/wp-json\/wp\/v2\/media\/70866"}],"wp:attachment":[{"href":"https:\/\/3d-smartsolutions.com\/en\/wp-json\/wp\/v2\/media?parent=67719"}],"wp:term":[{"taxonomy":"product_brand","embeddable":true,"href":"https:\/\/3d-smartsolutions.com\/en\/wp-json\/wp\/v2\/product_brand?post=67719"},{"taxonomy":"product_cat","embeddable":true,"href":"https:\/\/3d-smartsolutions.com\/en\/wp-json\/wp\/v2\/product_cat?post=67719"},{"taxonomy":"product_tag","embeddable":true,"href":"https:\/\/3d-smartsolutions.com\/en\/wp-json\/wp\/v2\/product_tag?post=67719"}],"curies":[{"name":"wp","href":"https:\/\/api.w.org\/{rel}","templated":true}]}}