{"id":68016,"date":"2025-05-29T13:58:35","date_gmt":"2025-05-29T06:58:35","guid":{"rendered":"https:\/\/3d-smartsolutions.com\/san-pham\/nylon-12\/"},"modified":"2025-06-23T11:26:05","modified_gmt":"2025-06-23T04:26:05","slug":"nylon-12","status":"publish","type":"product","link":"https:\/\/3d-smartsolutions.com\/en\/nylon-12\/","title":{"rendered":"Nylon 12"},"content":{"rendered":"<p>Ph\u00f9 h\u1ee3p cho vi\u1ec7c t\u1ea1o m\u1eabu ch\u1ee9c n\u0103ng v\u00e0 s\u1ea3n xu\u1ea5t c\u00e1c b\u1ed9 ph\u1eadn s\u1eed d\u1ee5ng cu\u1ed1i c\u00f9ng v\u1edbi \u0111\u1ed9 b\u1ec1n cao v\u00e0 \u0111\u1ed9 ch\u00ednh x\u00e1c k\u00edch th\u01b0\u1edbc t\u1ed1t. \u0110\u1eb7c \u0111i\u1ec3m n\u1ed5i b\u1eadt: \u0110\u1ed9 b\u1ec1n k\u00e9o cao v\u00e0 \u1ed5n \u0111\u1ecbnh m\u00f4i tr\u01b0\u1eddng, ph\u00f9 h\u1ee3p cho c\u00e1c b\u1ed9 ph\u1eadn c\u00f3 y\u00eau c\u1ea7u v\u1ec1 \u0111\u1ed9 b\u1ec1n v\u00e0 \u0111\u1ed9 ch\u00ednh x\u00e1c. H\u1ea5p th\u1ee5 n\u01b0\u1edbc th\u1ea5p, gi\u00fap duy tr\u00ec t\u00ednh ch\u1ea5t c\u01a1 h\u1ecdc trong m\u00f4i tr\u01b0\u1eddng \u1ea9m. C\u00f3 th\u1ec3 t\u00e1i s\u1eed d\u1ee5ng l\u00ean \u0111\u1ebfn 70% b\u1ed9t \u0111\u00e3 qua s\u1eed d\u1ee5ng, gi\u00fap ti\u1ebft ki\u1ec7m chi ph\u00ed v\u1eadt li\u1ec7u.<\/p>\n","protected":false},"excerpt":{"rendered":"<p>Ph\u00f9 h\u1ee3p cho vi\u1ec7c t\u1ea1o m\u1eabu ch\u1ee9c n\u0103ng v\u00e0 s\u1ea3n xu\u1ea5t c\u00e1c b\u1ed9 ph\u1eadn s\u1eed d\u1ee5ng cu\u1ed1i c\u00f9ng v\u1edbi \u0111\u1ed9 b\u1ec1n cao v\u00e0 \u0111\u1ed9 ch\u00ednh x\u00e1c k\u00edch th\u01b0\u1edbc t\u1ed1t. \u0110\u1eb7c \u0111i\u1ec3m n\u1ed5i b\u1eadt: \u0110\u1ed9 b\u1ec1n k\u00e9o cao v\u00e0 \u1ed5n \u0111\u1ecbnh m\u00f4i tr\u01b0\u1eddng, ph\u00f9 h\u1ee3p cho c\u00e1c b\u1ed9 ph\u1eadn c\u00f3 y\u00eau c\u1ea7u v\u1ec1 \u0111\u1ed9 b\u1ec1n v\u00e0 \u0111\u1ed9 ch\u00ednh x\u00e1c. H\u1ea5p th\u1ee5 n\u01b0\u1edbc th\u1ea5p, gi\u00fap duy tr\u00ec t\u00ednh ch\u1ea5t c\u01a1 h\u1ecdc trong m\u00f4i tr\u01b0\u1eddng \u1ea9m. C\u00f3 th\u1ec3 t\u00e1i s\u1eed d\u1ee5ng l\u00ean \u0111\u1ebfn 70% b\u1ed9t \u0111\u00e3 qua s\u1eed d\u1ee5ng, gi\u00fap ti\u1ebft ki\u1ec7m chi ph\u00ed v\u1eadt li\u1ec7u.<\/p>\n","protected":false},"featured_media":66321,"template":"","meta":{"_acf_changed":false},"product_brand":[],"product_cat":[861],"product_tag":[],"class_list":{"0":"post-68016","1":"product","2":"type-product","3":"status-publish","4":"has-post-thumbnail","6":"product_cat-material","8":"first","9":"onbackorder","10":"taxable","11":"shipping-taxable","12":"purchasable","13":"product-type-variable","14":"has-default-attributes"},"acf":[],"_links":{"self":[{"href":"https:\/\/3d-smartsolutions.com\/en\/wp-json\/wp\/v2\/product\/68016","targetHints":{"allow":["GET"]}}],"collection":[{"href":"https:\/\/3d-smartsolutions.com\/en\/wp-json\/wp\/v2\/product"}],"about":[{"href":"https:\/\/3d-smartsolutions.com\/en\/wp-json\/wp\/v2\/types\/product"}],"wp:featuredmedia":[{"embeddable":true,"href":"https:\/\/3d-smartsolutions.com\/en\/wp-json\/wp\/v2\/media\/66321"}],"wp:attachment":[{"href":"https:\/\/3d-smartsolutions.com\/en\/wp-json\/wp\/v2\/media?parent=68016"}],"wp:term":[{"taxonomy":"product_brand","embeddable":true,"href":"https:\/\/3d-smartsolutions.com\/en\/wp-json\/wp\/v2\/product_brand?post=68016"},{"taxonomy":"product_cat","embeddable":true,"href":"https:\/\/3d-smartsolutions.com\/en\/wp-json\/wp\/v2\/product_cat?post=68016"},{"taxonomy":"product_tag","embeddable":true,"href":"https:\/\/3d-smartsolutions.com\/en\/wp-json\/wp\/v2\/product_tag?post=68016"}],"curies":[{"name":"wp","href":"https:\/\/api.w.org\/{rel}","templated":true}]}}