{"id":68021,"date":"2025-05-29T12:07:18","date_gmt":"2025-05-29T05:07:18","guid":{"rendered":"https:\/\/3d-smartsolutions.com\/san-pham\/tpu-90a-powder-6kg\/"},"modified":"2025-11-27T16:42:39","modified_gmt":"2025-11-27T09:42:39","slug":"tpu-90a-powder-6kg","status":"publish","type":"product","link":"https:\/\/3d-smartsolutions.com\/en\/tpu-90a-powder-6kg\/","title":{"rendered":"TPU 90A Powder 6kg"},"content":{"rendered":"<p>\u0110\u1ed9 gi\u00e3n d\u00e0i khi \u0111\u1ee9t: L\u00ean \u0111\u1ebfn 310%, cho ph\u00e9p t\u1ea1o ra c\u00e1c chi ti\u1ebft linh ho\u1ea1t v\u00e0 \u0111\u00e0n h\u1ed3i cao. \u0110\u1ed9 b\u1ec1n k\u00e9o: 69 MPa (tr\u1ee5c X\/Y), \u0111\u1ea3m b\u1ea3o \u0111\u1ed9 b\u1ec1n c\u01a1 h\u1ecdc cho c\u00e1c \u1ee9ng d\u1ee5ng ch\u1ecbu l\u1ef1c. Kh\u1ea3 n\u0103ng ch\u1ed1ng r\u00e1ch: Cao, ph\u00f9 h\u1ee3p cho c\u00e1c b\u1ed9 ph\u1eadn y\u00eau c\u1ea7u \u0111\u1ed9 b\u1ec1n v\u00e0 \u0111\u1ed9 d\u1ebbo. An to\u00e0n cho da: \u0110\u01b0\u1ee3c ch\u1ee9ng nh\u1eadn t\u01b0\u01a1ng th\u00edch sinh h\u1ecdc, ph\u00f9 h\u1ee3p cho c\u00e1c s\u1ea3n ph\u1ea9m ti\u1ebfp x\u00fac tr\u1ef1c ti\u1ebfp v\u1edbi da. Th\u00e2n thi\u1ec7n v\u1edbi m\u00f4i tr\u01b0\u1eddng: S\u1eed d\u1ee5ng 80% b\u1ed9t t\u00e1i ch\u1ebf, gi\u1ea3m thi\u1ec3u l\u00e3ng ph\u00ed v\u00e0 chi ph\u00ed s\u1ea3n xu\u1ea5t.<\/p>\n","protected":false},"excerpt":{"rendered":"<p>\u0110\u1ed9 gi\u00e3n d\u00e0i khi \u0111\u1ee9t: L\u00ean \u0111\u1ebfn 310%, cho ph\u00e9p t\u1ea1o ra c\u00e1c chi ti\u1ebft linh ho\u1ea1t v\u00e0 \u0111\u00e0n h\u1ed3i cao. \u0110\u1ed9 b\u1ec1n k\u00e9o: 69 MPa (tr\u1ee5c X\/Y), \u0111\u1ea3m b\u1ea3o \u0111\u1ed9 b\u1ec1n c\u01a1 h\u1ecdc cho c\u00e1c \u1ee9ng d\u1ee5ng ch\u1ecbu l\u1ef1c. Kh\u1ea3 n\u0103ng ch\u1ed1ng r\u00e1ch: Cao, ph\u00f9 h\u1ee3p cho c\u00e1c b\u1ed9 ph\u1eadn y\u00eau c\u1ea7u \u0111\u1ed9 b\u1ec1n v\u00e0 \u0111\u1ed9 d\u1ebbo. An to\u00e0n cho da: \u0110\u01b0\u1ee3c ch\u1ee9ng nh\u1eadn t\u01b0\u01a1ng th\u00edch sinh h\u1ecdc, ph\u00f9 h\u1ee3p cho c\u00e1c s\u1ea3n ph\u1ea9m ti\u1ebfp x\u00fac tr\u1ef1c ti\u1ebfp v\u1edbi da. Th\u00e2n thi\u1ec7n v\u1edbi m\u00f4i tr\u01b0\u1eddng: S\u1eed d\u1ee5ng 80% b\u1ed9t t\u00e1i ch\u1ebf, gi\u1ea3m thi\u1ec3u l\u00e3ng ph\u00ed v\u00e0 chi ph\u00ed s\u1ea3n xu\u1ea5t.<\/p>\n","protected":false},"featured_media":66327,"template":"","meta":{"_acf_changed":false},"product_brand":[],"product_cat":[861],"product_tag":[],"class_list":{"0":"post-68021","1":"product","2":"type-product","3":"status-publish","4":"has-post-thumbnail","6":"product_cat-material","8":"first","9":"onbackorder","10":"purchasable","11":"product-type-simple"},"acf":[],"_links":{"self":[{"href":"https:\/\/3d-smartsolutions.com\/en\/wp-json\/wp\/v2\/product\/68021","targetHints":{"allow":["GET"]}}],"collection":[{"href":"https:\/\/3d-smartsolutions.com\/en\/wp-json\/wp\/v2\/product"}],"about":[{"href":"https:\/\/3d-smartsolutions.com\/en\/wp-json\/wp\/v2\/types\/product"}],"wp:featuredmedia":[{"embeddable":true,"href":"https:\/\/3d-smartsolutions.com\/en\/wp-json\/wp\/v2\/media\/66327"}],"wp:attachment":[{"href":"https:\/\/3d-smartsolutions.com\/en\/wp-json\/wp\/v2\/media?parent=68021"}],"wp:term":[{"taxonomy":"product_brand","embeddable":true,"href":"https:\/\/3d-smartsolutions.com\/en\/wp-json\/wp\/v2\/product_brand?post=68021"},{"taxonomy":"product_cat","embeddable":true,"href":"https:\/\/3d-smartsolutions.com\/en\/wp-json\/wp\/v2\/product_cat?post=68021"},{"taxonomy":"product_tag","embeddable":true,"href":"https:\/\/3d-smartsolutions.com\/en\/wp-json\/wp\/v2\/product_tag?post=68021"}],"curies":[{"name":"wp","href":"https:\/\/api.w.org\/{rel}","templated":true}]}}