{"id":68022,"date":"2025-05-29T12:07:18","date_gmt":"2025-05-29T05:07:18","guid":{"rendered":"https:\/\/3d-smartsolutions.com\/san-pham\/nylon-11-cf-powder\/"},"modified":"2025-11-27T16:41:42","modified_gmt":"2025-11-27T09:41:42","slug":"nylon-11-cf-powder","status":"publish","type":"product","link":"https:\/\/3d-smartsolutions.com\/en\/nylon-11-cf-powder\/","title":{"rendered":"Nylon 11 CF Powder"},"content":{"rendered":"<p>Nylon 11 CF Powder l\u00e0 v\u1eadt li\u1ec7u in 3D SLS cao c\u1ea5p c\u1ee7a Formlabs, \u0111\u01b0\u1ee3c gia c\u01b0\u1eddng b\u1eb1ng s\u1ee3i carbon, mang l\u1ea1i \u0111\u1ed9 c\u1ee9ng, \u0111\u1ed9 b\u1ec1n v\u00e0 kh\u1ea3 n\u0103ng ch\u1ecbu nhi\u1ec7t v\u01b0\u1ee3t tr\u1ed9i. \u0110\u00e2y l\u00e0 l\u1ef1a ch\u1ecdn l\u00fd t\u01b0\u1edfng cho c\u00e1c \u1ee9ng d\u1ee5ng k\u1ef9 thu\u1eadt \u0111\u00f2i h\u1ecfi hi\u1ec7u su\u1ea5t cao. T\u0103ng \u0111\u1ed9 c\u1ee9ng v\u00e0 \u0111\u1ed9 b\u1ec1n, ph\u00f9 h\u1ee3p v\u1edbi c\u00e1c chi ti\u1ebft ch\u1ecbu t\u1ea3i tr\u1ecdng v\u00e0 va \u0111\u1eadp m\u1ea1nh. Nhi\u1ec7t \u0111\u1ed9 bi\u1ebfn d\u1ea1ng nhi\u1ec7t (HDT) l\u00ean \u0111\u1ebfn 188 \u00b0C, \u0111\u1ea3m b\u1ea3o \u1ed5n \u0111\u1ecbnh h\u00ecnh d\u1ea1ng trong m\u00f4i tr\u01b0\u1eddng nhi\u1ec7t \u0111\u1ed9 cao.<\/p>\n","protected":false},"excerpt":{"rendered":"<p>Nylon 11 CF Powder l\u00e0 v\u1eadt li\u1ec7u in 3D SLS cao c\u1ea5p c\u1ee7a Formlabs, \u0111\u01b0\u1ee3c gia c\u01b0\u1eddng b\u1eb1ng s\u1ee3i carbon, mang l\u1ea1i \u0111\u1ed9 c\u1ee9ng, \u0111\u1ed9 b\u1ec1n v\u00e0 kh\u1ea3 n\u0103ng ch\u1ecbu nhi\u1ec7t v\u01b0\u1ee3t tr\u1ed9i. \u0110\u00e2y l\u00e0 l\u1ef1a ch\u1ecdn l\u00fd t\u01b0\u1edfng cho c\u00e1c \u1ee9ng d\u1ee5ng k\u1ef9 thu\u1eadt \u0111\u00f2i h\u1ecfi hi\u1ec7u su\u1ea5t cao. T\u0103ng \u0111\u1ed9 c\u1ee9ng v\u00e0 \u0111\u1ed9 b\u1ec1n, ph\u00f9 h\u1ee3p v\u1edbi c\u00e1c chi ti\u1ebft ch\u1ecbu t\u1ea3i tr\u1ecdng v\u00e0 va \u0111\u1eadp m\u1ea1nh. Nhi\u1ec7t \u0111\u1ed9 bi\u1ebfn d\u1ea1ng nhi\u1ec7t (HDT) l\u00ean \u0111\u1ebfn 188 \u00b0C, \u0111\u1ea3m b\u1ea3o \u1ed5n \u0111\u1ecbnh h\u00ecnh d\u1ea1ng trong m\u00f4i tr\u01b0\u1eddng nhi\u1ec7t \u0111\u1ed9 cao.<\/p>\n","protected":false},"featured_media":66329,"template":"","meta":{"_acf_changed":false},"product_brand":[],"product_cat":[861],"product_tag":[],"class_list":{"0":"post-68022","1":"product","2":"type-product","3":"status-publish","4":"has-post-thumbnail","6":"product_cat-material","8":"first","9":"instock","10":"taxable","11":"shipping-taxable","12":"purchasable","13":"product-type-simple"},"acf":[],"_links":{"self":[{"href":"https:\/\/3d-smartsolutions.com\/en\/wp-json\/wp\/v2\/product\/68022","targetHints":{"allow":["GET"]}}],"collection":[{"href":"https:\/\/3d-smartsolutions.com\/en\/wp-json\/wp\/v2\/product"}],"about":[{"href":"https:\/\/3d-smartsolutions.com\/en\/wp-json\/wp\/v2\/types\/product"}],"wp:featuredmedia":[{"embeddable":true,"href":"https:\/\/3d-smartsolutions.com\/en\/wp-json\/wp\/v2\/media\/66329"}],"wp:attachment":[{"href":"https:\/\/3d-smartsolutions.com\/en\/wp-json\/wp\/v2\/media?parent=68022"}],"wp:term":[{"taxonomy":"product_brand","embeddable":true,"href":"https:\/\/3d-smartsolutions.com\/en\/wp-json\/wp\/v2\/product_brand?post=68022"},{"taxonomy":"product_cat","embeddable":true,"href":"https:\/\/3d-smartsolutions.com\/en\/wp-json\/wp\/v2\/product_cat?post=68022"},{"taxonomy":"product_tag","embeddable":true,"href":"https:\/\/3d-smartsolutions.com\/en\/wp-json\/wp\/v2\/product_tag?post=68022"}],"curies":[{"name":"wp","href":"https:\/\/api.w.org\/{rel}","templated":true}]}}