{"id":68023,"date":"2025-05-27T20:47:35","date_gmt":"2025-05-27T13:47:35","guid":{"rendered":"https:\/\/3d-smartsolutions.com\/san-pham\/white-resin-v4-form-3-1l\/"},"modified":"2025-11-27T17:07:43","modified_gmt":"2025-11-27T10:07:43","slug":"white-resin-v4-form-3-1l","status":"publish","type":"product","link":"https:\/\/3d-smartsolutions.com\/en\/white-resin-v4-form-3-1l\/","title":{"rendered":"White Resin V4 (Form 3) 1L"},"content":{"rendered":"<p>B\u1ec1 m\u1eb7t ho\u00e0n thi\u1ec7n m\u1edd v\u00e0 \u0111\u1ee5c: T\u1ea1o ra c\u00e1c b\u1ea3n in c\u00f3 b\u1ec1 m\u1eb7t m\u1ecbn m\u00e0ng, kh\u00f4ng b\u00f3ng, mang l\u1ea1i v\u1ebb ngo\u00e0i chuy\u00ean nghi\u1ec7p ngay sau khi in. Chi ti\u1ebft s\u1eafc n\u00e9t: Kh\u1ea3 n\u0103ng t\u00e1i hi\u1ec7n c\u00e1c chi ti\u1ebft nh\u1ecf, ph\u00f9 h\u1ee3p cho c\u00e1c m\u00f4 h\u00ecnh tr\u00ecnh b\u00e0y ho\u1eb7c l\u00e0m n\u1ec1n cho vi\u1ec7c s\u01a1n ph\u1ee7. \u0110\u1ed9 ph\u00e2n gi\u1ea3i in: H\u1ed7 tr\u1ee3 c\u00e1c \u0111\u1ed9 ph\u00e2n gi\u1ea3i 100 v\u00e0 50 micron, cho ph\u00e9p in c\u00e1c chi ti\u1ebft nh\u1ecf v\u00e0 tinh x\u1ea3o. T\u01b0\u01a1ng th\u00edch m\u00e1y in: S\u1eed d\u1ee5ng \u0111\u01b0\u1ee3c v\u1edbi c\u00e1c m\u00e1y in Formlabs nh\u01b0 Form 2, Form 3, Form 3+, Form 3B, Form 3B+, Form 3L v\u00e0 Form 3BL. Dung t\u00edch: 1 l\u00edt.<\/p>\n","protected":false},"excerpt":{"rendered":"<p>B\u1ec1 m\u1eb7t ho\u00e0n thi\u1ec7n m\u1edd v\u00e0 \u0111\u1ee5c: T\u1ea1o ra c\u00e1c b\u1ea3n in c\u00f3 b\u1ec1 m\u1eb7t m\u1ecbn m\u00e0ng, kh\u00f4ng b\u00f3ng, mang l\u1ea1i v\u1ebb ngo\u00e0i chuy\u00ean nghi\u1ec7p ngay sau khi in. Chi ti\u1ebft s\u1eafc n\u00e9t: Kh\u1ea3 n\u0103ng t\u00e1i hi\u1ec7n c\u00e1c chi ti\u1ebft nh\u1ecf, ph\u00f9 h\u1ee3p cho c\u00e1c m\u00f4 h\u00ecnh tr\u00ecnh b\u00e0y ho\u1eb7c l\u00e0m n\u1ec1n cho vi\u1ec7c s\u01a1n ph\u1ee7. \u0110\u1ed9 ph\u00e2n gi\u1ea3i in: H\u1ed7 tr\u1ee3 c\u00e1c \u0111\u1ed9 ph\u00e2n gi\u1ea3i 100 v\u00e0 50 micron, cho ph\u00e9p in c\u00e1c chi ti\u1ebft nh\u1ecf v\u00e0 tinh x\u1ea3o. T\u01b0\u01a1ng th\u00edch m\u00e1y in: S\u1eed d\u1ee5ng \u0111\u01b0\u1ee3c v\u1edbi c\u00e1c m\u00e1y in Formlabs nh\u01b0 Form 2, Form 3, Form 3+, Form 3B, Form 3B+, Form 3L v\u00e0 Form 3BL. Dung t\u00edch: 1 l\u00edt.<\/p>\n","protected":false},"featured_media":65345,"template":"","meta":{"_acf_changed":false},"product_brand":[1140],"product_cat":[861],"product_tag":[],"class_list":{"0":"post-68023","1":"product","2":"type-product","3":"status-publish","4":"has-post-thumbnail","6":"product_brand-formlabs-en","7":"product_cat-material","9":"first","10":"instock","11":"taxable","12":"shipping-taxable","13":"purchasable","14":"product-type-simple"},"acf":[],"_links":{"self":[{"href":"https:\/\/3d-smartsolutions.com\/en\/wp-json\/wp\/v2\/product\/68023","targetHints":{"allow":["GET"]}}],"collection":[{"href":"https:\/\/3d-smartsolutions.com\/en\/wp-json\/wp\/v2\/product"}],"about":[{"href":"https:\/\/3d-smartsolutions.com\/en\/wp-json\/wp\/v2\/types\/product"}],"wp:featuredmedia":[{"embeddable":true,"href":"https:\/\/3d-smartsolutions.com\/en\/wp-json\/wp\/v2\/media\/65345"}],"wp:attachment":[{"href":"https:\/\/3d-smartsolutions.com\/en\/wp-json\/wp\/v2\/media?parent=68023"}],"wp:term":[{"taxonomy":"product_brand","embeddable":true,"href":"https:\/\/3d-smartsolutions.com\/en\/wp-json\/wp\/v2\/product_brand?post=68023"},{"taxonomy":"product_cat","embeddable":true,"href":"https:\/\/3d-smartsolutions.com\/en\/wp-json\/wp\/v2\/product_cat?post=68023"},{"taxonomy":"product_tag","embeddable":true,"href":"https:\/\/3d-smartsolutions.com\/en\/wp-json\/wp\/v2\/product_tag?post=68023"}],"curies":[{"name":"wp","href":"https:\/\/api.w.org\/{rel}","templated":true}]}}