{"id":68024,"date":"2025-05-27T20:46:55","date_gmt":"2025-05-27T13:46:55","guid":{"rendered":"https:\/\/3d-smartsolutions.com\/san-pham\/grey-resin-5-l\/"},"modified":"2025-11-27T17:17:50","modified_gmt":"2025-11-27T10:17:50","slug":"grey-resin-5-l","status":"publish","type":"product","link":"https:\/\/3d-smartsolutions.com\/en\/grey-resin-5-l\/","title":{"rendered":"Grey Resin V4 (Form 3)"},"content":{"rendered":"<p>Formlabs Grey Resin V4 l\u00e0 lo\u1ea1i nh\u1ef1a in 3D \u0111\u01b0\u1ee3c thi\u1ebft k\u1ebf \u0111\u1ec3 t\u1eadn d\u1ee5ng t\u1ed1i \u0111a h\u1ec7 sinh th\u00e1i m\u1edbi c\u1ee7a m\u00e1y in Form 3, mang l\u1ea1i s\u1ef1 c\u00e2n b\u1eb1ng t\u1ed1i \u01b0u gi\u1eefa t\u1ed1c \u0111\u1ed9 in nhanh, \u0111\u1ed9 ch\u00ednh x\u00e1c cao, ngo\u1ea1i h\u00ecnh s\u1eb5n s\u00e0ng tr\u00ecnh b\u00e0y, t\u00ednh ch\u1ea5t c\u01a1 h\u1ecdc m\u1ea1nh m\u1ebd v\u00e0 quy tr\u00ecnh l\u00e0m vi\u1ec7c d\u1ec5 d\u00e0ng, \u0111\u00e1ng tin c\u1eady.<\/p>\n","protected":false},"excerpt":{"rendered":"<p>Formlabs Grey Resin V4 l\u00e0 lo\u1ea1i nh\u1ef1a in 3D \u0111\u01b0\u1ee3c thi\u1ebft k\u1ebf \u0111\u1ec3 t\u1eadn d\u1ee5ng t\u1ed1i \u0111a h\u1ec7 sinh th\u00e1i m\u1edbi c\u1ee7a m\u00e1y in Form 3, mang l\u1ea1i s\u1ef1 c\u00e2n b\u1eb1ng t\u1ed1i \u01b0u gi\u1eefa t\u1ed1c \u0111\u1ed9 in nhanh, \u0111\u1ed9 ch\u00ednh x\u00e1c cao, ngo\u1ea1i h\u00ecnh s\u1eb5n s\u00e0ng tr\u00ecnh b\u00e0y, t\u00ednh ch\u1ea5t c\u01a1 h\u1ecdc m\u1ea1nh m\u1ebd v\u00e0 quy tr\u00ecnh l\u00e0m vi\u1ec7c d\u1ec5 d\u00e0ng, \u0111\u00e1ng tin c\u1eady.<\/p>\n","protected":false},"featured_media":69447,"template":"","meta":{"_acf_changed":false},"product_brand":[1140],"product_cat":[861],"product_tag":[],"class_list":{"0":"post-68024","1":"product","2":"type-product","3":"status-publish","4":"has-post-thumbnail","6":"product_brand-formlabs-en","7":"product_cat-material","9":"first","10":"onbackorder","11":"taxable","12":"shipping-taxable","13":"purchasable","14":"product-type-variable","15":"has-default-attributes"},"acf":[],"_links":{"self":[{"href":"https:\/\/3d-smartsolutions.com\/en\/wp-json\/wp\/v2\/product\/68024","targetHints":{"allow":["GET"]}}],"collection":[{"href":"https:\/\/3d-smartsolutions.com\/en\/wp-json\/wp\/v2\/product"}],"about":[{"href":"https:\/\/3d-smartsolutions.com\/en\/wp-json\/wp\/v2\/types\/product"}],"wp:featuredmedia":[{"embeddable":true,"href":"https:\/\/3d-smartsolutions.com\/en\/wp-json\/wp\/v2\/media\/69447"}],"wp:attachment":[{"href":"https:\/\/3d-smartsolutions.com\/en\/wp-json\/wp\/v2\/media?parent=68024"}],"wp:term":[{"taxonomy":"product_brand","embeddable":true,"href":"https:\/\/3d-smartsolutions.com\/en\/wp-json\/wp\/v2\/product_brand?post=68024"},{"taxonomy":"product_cat","embeddable":true,"href":"https:\/\/3d-smartsolutions.com\/en\/wp-json\/wp\/v2\/product_cat?post=68024"},{"taxonomy":"product_tag","embeddable":true,"href":"https:\/\/3d-smartsolutions.com\/en\/wp-json\/wp\/v2\/product_tag?post=68024"}],"curies":[{"name":"wp","href":"https:\/\/api.w.org\/{rel}","templated":true}]}}