{"id":68027,"date":"2025-11-27T20:46:55","date_gmt":"2025-11-27T13:46:55","guid":{"rendered":"https:\/\/3d-smartsolutions.com\/san-pham\/model-resin-5-l\/"},"modified":"2026-01-20T14:10:32","modified_gmt":"2026-01-20T07:10:32","slug":"model-resin-5-l","status":"publish","type":"product","link":"https:\/\/3d-smartsolutions.com\/en\/model-resin-5-l\/","title":{"rendered":"Model Resin (Form 3)"},"content":{"rendered":"<p>Formlabs Precision Model Resin l\u00e0 lo\u1ea1i nh\u1ef1a in 3D SLA \u0111\u01b0\u1ee3c thi\u1ebft k\u1ebf \u0111\u1ec3 t\u1ea1o ra c\u00e1c m\u00f4 h\u00ecnh ph\u1ee5c h\u00ecnh v\u1edbi \u0111\u1ed9 ch\u00ednh x\u00e1c cao, \u0111\u1ea1t h\u01a1n 99% di\u1ec7n t\u00edch b\u1ec1 m\u1eb7t in n\u1eb1m trong ph\u1ea1m vi 100 \u03bcm so v\u1edbi m\u00f4 h\u00ecnh k\u1ef9 thu\u1eadt s\u1ed1. V\u1edbi m\u00e0u be \u0111\u1eadm, \u0111\u1ed9 m\u1edd cao v\u00e0 b\u1ec1 m\u1eb7t m\u1ecbn m\u00e0ng, lo\u1ea1i nh\u1ef1a n\u00e0y gi\u00fap t\u00e1i t\u1ea1o c\u00e1c chi ti\u1ebft nh\u1ecf m\u1ed9t c\u00e1ch r\u00f5 r\u00e0ng v\u00e0 s\u1eafc n\u00e9t.<\/p>\n","protected":false},"excerpt":{"rendered":"<p>Formlabs Precision Model Resin l\u00e0 lo\u1ea1i nh\u1ef1a in 3D SLA \u0111\u01b0\u1ee3c thi\u1ebft k\u1ebf \u0111\u1ec3 t\u1ea1o ra c\u00e1c m\u00f4 h\u00ecnh ph\u1ee5c h\u00ecnh v\u1edbi \u0111\u1ed9 ch\u00ednh x\u00e1c cao, \u0111\u1ea1t h\u01a1n 99% di\u1ec7n t\u00edch b\u1ec1 m\u1eb7t in n\u1eb1m trong ph\u1ea1m vi 100 \u03bcm so v\u1edbi m\u00f4 h\u00ecnh k\u1ef9 thu\u1eadt s\u1ed1. V\u1edbi m\u00e0u be \u0111\u1eadm, \u0111\u1ed9 m\u1edd cao v\u00e0 b\u1ec1 m\u1eb7t m\u1ecbn m\u00e0ng, lo\u1ea1i nh\u1ef1a n\u00e0y gi\u00fap t\u00e1i t\u1ea1o c\u00e1c chi ti\u1ebft nh\u1ecf m\u1ed9t c\u00e1ch r\u00f5 r\u00e0ng v\u00e0 s\u1eafc n\u00e9t.<\/p>\n","protected":false},"featured_media":69488,"template":"","meta":{"_acf_changed":false},"product_brand":[1140],"product_cat":[861],"product_tag":[],"class_list":{"0":"post-68027","1":"product","2":"type-product","3":"status-publish","4":"has-post-thumbnail","6":"product_brand-formlabs-en","7":"product_cat-material","9":"first","10":"onbackorder","11":"sale","12":"taxable","13":"shipping-taxable","14":"purchasable","15":"product-type-variable","16":"has-default-attributes"},"acf":[],"_links":{"self":[{"href":"https:\/\/3d-smartsolutions.com\/en\/wp-json\/wp\/v2\/product\/68027","targetHints":{"allow":["GET"]}}],"collection":[{"href":"https:\/\/3d-smartsolutions.com\/en\/wp-json\/wp\/v2\/product"}],"about":[{"href":"https:\/\/3d-smartsolutions.com\/en\/wp-json\/wp\/v2\/types\/product"}],"wp:featuredmedia":[{"embeddable":true,"href":"https:\/\/3d-smartsolutions.com\/en\/wp-json\/wp\/v2\/media\/69488"}],"wp:attachment":[{"href":"https:\/\/3d-smartsolutions.com\/en\/wp-json\/wp\/v2\/media?parent=68027"}],"wp:term":[{"taxonomy":"product_brand","embeddable":true,"href":"https:\/\/3d-smartsolutions.com\/en\/wp-json\/wp\/v2\/product_brand?post=68027"},{"taxonomy":"product_cat","embeddable":true,"href":"https:\/\/3d-smartsolutions.com\/en\/wp-json\/wp\/v2\/product_cat?post=68027"},{"taxonomy":"product_tag","embeddable":true,"href":"https:\/\/3d-smartsolutions.com\/en\/wp-json\/wp\/v2\/product_tag?post=68027"}],"curies":[{"name":"wp","href":"https:\/\/api.w.org\/{rel}","templated":true}]}}