{"id":68030,"date":"2025-05-27T20:46:55","date_gmt":"2025-05-27T13:46:55","guid":{"rendered":"https:\/\/3d-smartsolutions.com\/san-pham\/grey-resin-v5-form-4-1-l\/"},"modified":"2026-01-13T13:59:43","modified_gmt":"2026-01-13T06:59:43","slug":"grey-resin-v5-form-4-1-l","status":"publish","type":"product","link":"https:\/\/3d-smartsolutions.com\/en\/grey-resin-v5-form-4-1-l\/","title":{"rendered":"Grey Resin V5 (Form 4) 1 L"},"content":{"rendered":"<p>Formlabs Grey Resin V5 l\u00e0 lo\u1ea1i nh\u1ef1a in 3D \u0111\u01b0\u1ee3c t\u1ed1i \u01b0u h\u00f3a cho h\u1ec7 sinh th\u00e1i m\u00e1y in Form 4, mang l\u1ea1i s\u1ef1 c\u00e2n b\u1eb1ng t\u1ed1i \u01b0u gi\u1eefa t\u1ed1c \u0111\u1ed9 in nhanh, \u0111\u1ed9 ch\u00ednh x\u00e1c cao, b\u1ec1 m\u1eb7t m\u1ecbn m\u00e0ng s\u1eb5n s\u00e0ng cho tr\u00ecnh b\u00e0y, \u0111\u1eb7c t\u00ednh c\u01a1 h\u1ecdc m\u1ea1nh m\u1ebd v\u00e0 quy tr\u00ecnh l\u00e0m vi\u1ec7c d\u1ec5 d\u00e0ng, \u0111\u00e1ng tin c\u1eady.<\/p>\n","protected":false},"excerpt":{"rendered":"<p>Formlabs Grey Resin V5 l\u00e0 lo\u1ea1i nh\u1ef1a in 3D \u0111\u01b0\u1ee3c t\u1ed1i \u01b0u h\u00f3a cho h\u1ec7 sinh th\u00e1i m\u00e1y in Form 4, mang l\u1ea1i s\u1ef1 c\u00e2n b\u1eb1ng t\u1ed1i \u01b0u gi\u1eefa t\u1ed1c \u0111\u1ed9 in nhanh, \u0111\u1ed9 ch\u00ednh x\u00e1c cao, b\u1ec1 m\u1eb7t m\u1ecbn m\u00e0ng s\u1eb5n s\u00e0ng cho tr\u00ecnh b\u00e0y, \u0111\u1eb7c t\u00ednh c\u01a1 h\u1ecdc m\u1ea1nh m\u1ebd v\u00e0 quy tr\u00ecnh l\u00e0m vi\u1ec7c d\u1ec5 d\u00e0ng, \u0111\u00e1ng tin c\u1eady.<\/p>\n","protected":false},"featured_media":65108,"template":"","meta":{"_acf_changed":false},"product_brand":[1140],"product_cat":[861],"product_tag":[],"class_list":{"0":"post-68030","1":"product","2":"type-product","3":"status-publish","4":"has-post-thumbnail","6":"product_brand-formlabs-en","7":"product_cat-material","9":"first","10":"instock","11":"taxable","12":"shipping-taxable","13":"purchasable","14":"product-type-simple"},"acf":[],"_links":{"self":[{"href":"https:\/\/3d-smartsolutions.com\/en\/wp-json\/wp\/v2\/product\/68030","targetHints":{"allow":["GET"]}}],"collection":[{"href":"https:\/\/3d-smartsolutions.com\/en\/wp-json\/wp\/v2\/product"}],"about":[{"href":"https:\/\/3d-smartsolutions.com\/en\/wp-json\/wp\/v2\/types\/product"}],"wp:featuredmedia":[{"embeddable":true,"href":"https:\/\/3d-smartsolutions.com\/en\/wp-json\/wp\/v2\/media\/65108"}],"wp:attachment":[{"href":"https:\/\/3d-smartsolutions.com\/en\/wp-json\/wp\/v2\/media?parent=68030"}],"wp:term":[{"taxonomy":"product_brand","embeddable":true,"href":"https:\/\/3d-smartsolutions.com\/en\/wp-json\/wp\/v2\/product_brand?post=68030"},{"taxonomy":"product_cat","embeddable":true,"href":"https:\/\/3d-smartsolutions.com\/en\/wp-json\/wp\/v2\/product_cat?post=68030"},{"taxonomy":"product_tag","embeddable":true,"href":"https:\/\/3d-smartsolutions.com\/en\/wp-json\/wp\/v2\/product_tag?post=68030"}],"curies":[{"name":"wp","href":"https:\/\/api.w.org\/{rel}","templated":true}]}}