{"id":68033,"date":"2025-05-27T20:46:55","date_gmt":"2025-05-27T13:46:55","guid":{"rendered":"https:\/\/3d-smartsolutions.com\/san-pham\/clear-resin-v5-form-4-1l\/"},"modified":"2026-01-13T14:04:17","modified_gmt":"2026-01-13T07:04:17","slug":"clear-resin-v5-form-4-1l","status":"publish","type":"product","link":"https:\/\/3d-smartsolutions.com\/en\/clear-resin-v5-form-4-1l\/","title":{"rendered":"Clear Resin V5 (Form 4) 1L"},"content":{"rendered":"<p>Formlabs Clear Resin V5 l\u00e0 lo\u1ea1i nh\u1ef1a in 3D trong su\u1ed1t, kh\u00f4ng m\u00e0u, \u0111\u01b0\u1ee3c t\u1ed1i \u01b0u h\u00f3a cho h\u1ec7 sinh th\u00e1i m\u00e1y in Formlabs Form 4. So v\u1edbi phi\u00ean b\u1ea3n tr\u01b0\u1edbc, V5 cung c\u1ea5p t\u1ed1c \u0111\u1ed9 in nhanh h\u01a1n g\u1ea5p ba l\u1ea7n, \u0111\u1ed9 trong su\u1ed1t v\u00e0 \u0111\u1ed9 b\u1ec1n c\u01a1 h\u1ecdc \u0111\u01b0\u1ee3c c\u1ea3i thi\u1ec7n \u0111\u00e1ng k\u1ec3. Nh\u1ef1a n\u00e0y l\u00fd t\u01b0\u1edfng cho vi\u1ec7c t\u1ea1o ra c\u00e1c b\u1ed9 ph\u1eadn c\u1ee9ng, b\u1ec1n v\u1edbi b\u1ec1 m\u1eb7t m\u1ecbn m\u00e0ng, c\u00f3 th\u1ec3 \u0111\u00e1nh b\u00f3ng \u0111\u1ebfn m\u1ee9c g\u1ea7n nh\u01b0 trong su\u1ed1t quang h\u1ecdc.<\/p>\n","protected":false},"excerpt":{"rendered":"<p>Formlabs Clear Resin V5 l\u00e0 lo\u1ea1i nh\u1ef1a in 3D trong su\u1ed1t, kh\u00f4ng m\u00e0u, \u0111\u01b0\u1ee3c t\u1ed1i \u01b0u h\u00f3a cho h\u1ec7 sinh th\u00e1i m\u00e1y in Formlabs Form 4. So v\u1edbi phi\u00ean b\u1ea3n tr\u01b0\u1edbc, V5 cung c\u1ea5p t\u1ed1c \u0111\u1ed9 in nhanh h\u01a1n g\u1ea5p ba l\u1ea7n, \u0111\u1ed9 trong su\u1ed1t v\u00e0 \u0111\u1ed9 b\u1ec1n c\u01a1 h\u1ecdc \u0111\u01b0\u1ee3c c\u1ea3i thi\u1ec7n \u0111\u00e1ng k\u1ec3. Nh\u1ef1a n\u00e0y l\u00fd t\u01b0\u1edfng cho vi\u1ec7c t\u1ea1o ra c\u00e1c b\u1ed9 ph\u1eadn c\u1ee9ng, b\u1ec1n v\u1edbi b\u1ec1 m\u1eb7t m\u1ecbn m\u00e0ng, c\u00f3 th\u1ec3 \u0111\u00e1nh b\u00f3ng \u0111\u1ebfn m\u1ee9c g\u1ea7n nh\u01b0 trong su\u1ed1t quang h\u1ecdc.<\/p>\n","protected":false},"featured_media":65099,"template":"","meta":{"_acf_changed":false},"product_brand":[1140],"product_cat":[861],"product_tag":[],"class_list":{"0":"post-68033","1":"product","2":"type-product","3":"status-publish","4":"has-post-thumbnail","6":"product_brand-formlabs-en","7":"product_cat-material","9":"first","10":"instock","11":"taxable","12":"shipping-taxable","13":"purchasable","14":"product-type-simple"},"acf":[],"_links":{"self":[{"href":"https:\/\/3d-smartsolutions.com\/en\/wp-json\/wp\/v2\/product\/68033","targetHints":{"allow":["GET"]}}],"collection":[{"href":"https:\/\/3d-smartsolutions.com\/en\/wp-json\/wp\/v2\/product"}],"about":[{"href":"https:\/\/3d-smartsolutions.com\/en\/wp-json\/wp\/v2\/types\/product"}],"wp:featuredmedia":[{"embeddable":true,"href":"https:\/\/3d-smartsolutions.com\/en\/wp-json\/wp\/v2\/media\/65099"}],"wp:attachment":[{"href":"https:\/\/3d-smartsolutions.com\/en\/wp-json\/wp\/v2\/media?parent=68033"}],"wp:term":[{"taxonomy":"product_brand","embeddable":true,"href":"https:\/\/3d-smartsolutions.com\/en\/wp-json\/wp\/v2\/product_brand?post=68033"},{"taxonomy":"product_cat","embeddable":true,"href":"https:\/\/3d-smartsolutions.com\/en\/wp-json\/wp\/v2\/product_cat?post=68033"},{"taxonomy":"product_tag","embeddable":true,"href":"https:\/\/3d-smartsolutions.com\/en\/wp-json\/wp\/v2\/product_tag?post=68033"}],"curies":[{"name":"wp","href":"https:\/\/api.w.org\/{rel}","templated":true}]}}