{"id":68035,"date":"2025-10-27T20:46:55","date_gmt":"2025-10-27T13:46:55","guid":{"rendered":"https:\/\/3d-smartsolutions.com\/san-pham\/flame-retardant-resin-form-4\/"},"modified":"2026-01-20T14:12:46","modified_gmt":"2026-01-20T07:12:46","slug":"flame-retardant-resin-form-4","status":"publish","type":"product","link":"https:\/\/3d-smartsolutions.com\/en\/flame-retardant-resin-form-4\/","title":{"rendered":"Flame Retardant Resin (Form 4) 1L"},"content":{"rendered":"<p>Formlabs Flame Retardant Resin l\u00e0 lo\u1ea1i nh\u1ef1a k\u1ef9 thu\u1eadt \u0111\u01b0\u1ee3c ch\u1ee9ng nh\u1eadn UL 94 V-0, c\u00f3 kh\u1ea3 n\u0103ng t\u1ef1 d\u1eadp t\u1eaft l\u1eeda v\u00e0 kh\u00f4ng ch\u1ee9a halogen. Lo\u1ea1i nh\u1ef1a n\u00e0y \u0111\u01b0\u1ee3c thi\u1ebft k\u1ebf \u0111\u1ec3 t\u1ea1o ra c\u00e1c b\u1ed9 ph\u1eadn c\u1ee9ng, ch\u1ecbu nhi\u1ec7t v\u00e0 ch\u1ed1ng bi\u1ebfn d\u1ea1ng, ph\u00f9 h\u1ee3p v\u1edbi c\u00e1c m\u00f4i tr\u01b0\u1eddng c\u00f4ng nghi\u1ec7p v\u00e0 trong nh\u00e0 c\u00f3 nhi\u1ec7t \u0111\u1ed9 cao ho\u1eb7c ngu\u1ed3n l\u1eeda.<\/p>\n","protected":false},"excerpt":{"rendered":"<p>Formlabs Flame Retardant Resin l\u00e0 lo\u1ea1i nh\u1ef1a k\u1ef9 thu\u1eadt \u0111\u01b0\u1ee3c ch\u1ee9ng nh\u1eadn UL 94 V-0, c\u00f3 kh\u1ea3 n\u0103ng t\u1ef1 d\u1eadp t\u1eaft l\u1eeda v\u00e0 kh\u00f4ng ch\u1ee9a halogen. Lo\u1ea1i nh\u1ef1a n\u00e0y \u0111\u01b0\u1ee3c thi\u1ebft k\u1ebf \u0111\u1ec3 t\u1ea1o ra c\u00e1c b\u1ed9 ph\u1eadn c\u1ee9ng, ch\u1ecbu nhi\u1ec7t v\u00e0 ch\u1ed1ng bi\u1ebfn d\u1ea1ng, ph\u00f9 h\u1ee3p v\u1edbi c\u00e1c m\u00f4i tr\u01b0\u1eddng c\u00f4ng nghi\u1ec7p v\u00e0 trong nh\u00e0 c\u00f3 nhi\u1ec7t \u0111\u1ed9 cao ho\u1eb7c ngu\u1ed3n l\u1eeda.<\/p>\n","protected":false},"featured_media":65093,"template":"","meta":{"_acf_changed":false},"product_brand":[1140],"product_cat":[861],"product_tag":[],"class_list":{"0":"post-68035","1":"product","2":"type-product","3":"status-publish","4":"has-post-thumbnail","6":"product_brand-formlabs-en","7":"product_cat-material","9":"first","10":"instock","11":"sale","12":"taxable","13":"shipping-taxable","14":"purchasable","15":"product-type-simple"},"acf":[],"_links":{"self":[{"href":"https:\/\/3d-smartsolutions.com\/en\/wp-json\/wp\/v2\/product\/68035","targetHints":{"allow":["GET"]}}],"collection":[{"href":"https:\/\/3d-smartsolutions.com\/en\/wp-json\/wp\/v2\/product"}],"about":[{"href":"https:\/\/3d-smartsolutions.com\/en\/wp-json\/wp\/v2\/types\/product"}],"wp:featuredmedia":[{"embeddable":true,"href":"https:\/\/3d-smartsolutions.com\/en\/wp-json\/wp\/v2\/media\/65093"}],"wp:attachment":[{"href":"https:\/\/3d-smartsolutions.com\/en\/wp-json\/wp\/v2\/media?parent=68035"}],"wp:term":[{"taxonomy":"product_brand","embeddable":true,"href":"https:\/\/3d-smartsolutions.com\/en\/wp-json\/wp\/v2\/product_brand?post=68035"},{"taxonomy":"product_cat","embeddable":true,"href":"https:\/\/3d-smartsolutions.com\/en\/wp-json\/wp\/v2\/product_cat?post=68035"},{"taxonomy":"product_tag","embeddable":true,"href":"https:\/\/3d-smartsolutions.com\/en\/wp-json\/wp\/v2\/product_tag?post=68035"}],"curies":[{"name":"wp","href":"https:\/\/api.w.org\/{rel}","templated":true}]}}