{"id":68036,"date":"2025-05-27T20:46:55","date_gmt":"2025-05-27T13:46:55","guid":{"rendered":"https:\/\/3d-smartsolutions.com\/san-pham\/flexible-80a-resin-form-4-1l\/"},"modified":"2025-11-28T09:55:21","modified_gmt":"2025-11-28T02:55:21","slug":"flexible-80a-resin-form-4-1l","status":"publish","type":"product","link":"https:\/\/3d-smartsolutions.com\/en\/flexible-80a-resin-form-4-1l\/","title":{"rendered":"Flexible 80A Resin"},"content":{"rendered":"<p>Formlabs Flexible 80A Resin l\u00e0 lo\u1ea1i nh\u1ef1a elastomer c\u1ee9ng nh\u1ea5t trong d\u00f2ng s\u1ea3n ph\u1ea9m c\u1ee7a Formlabs, v\u1edbi \u0111\u1ed9 c\u1ee9ng Shore A 80. \u0110\u01b0\u1ee3c thi\u1ebft k\u1ebf \u0111\u1ec3 m\u00f4 ph\u1ecfng c\u00e1c \u0111\u1eb7c t\u00ednh c\u1ee7a cao su ho\u1eb7c TPU, lo\u1ea1i nh\u1ef1a n\u00e0y l\u00fd t\u01b0\u1edfng cho vi\u1ec7c t\u1ea1o m\u1eabu c\u00e1c b\u1ed9 ph\u1eadn c\u1ea7n \u0111\u1ed9 m\u1ec1m d\u1ebbo, \u0111\u00e0n h\u1ed3i v\u00e0 kh\u1ea3 n\u0103ng ch\u1ecbu u\u1ed1n, k\u00e9o, n\u00e9n m\u00e0 kh\u00f4ng b\u1ecb r\u00e1ch<\/p>\n","protected":false},"excerpt":{"rendered":"<p>Formlabs Flexible 80A Resin l\u00e0 lo\u1ea1i nh\u1ef1a elastomer c\u1ee9ng nh\u1ea5t trong d\u00f2ng s\u1ea3n ph\u1ea9m c\u1ee7a Formlabs, v\u1edbi \u0111\u1ed9 c\u1ee9ng Shore A 80. \u0110\u01b0\u1ee3c thi\u1ebft k\u1ebf \u0111\u1ec3 m\u00f4 ph\u1ecfng c\u00e1c \u0111\u1eb7c t\u00ednh c\u1ee7a cao su ho\u1eb7c TPU, lo\u1ea1i nh\u1ef1a n\u00e0y l\u00fd t\u01b0\u1edfng cho vi\u1ec7c t\u1ea1o m\u1eabu c\u00e1c b\u1ed9 ph\u1eadn c\u1ea7n \u0111\u1ed9 m\u1ec1m d\u1ebbo, \u0111\u00e0n h\u1ed3i v\u00e0 kh\u1ea3 n\u0103ng ch\u1ecbu u\u1ed1n, k\u00e9o, n\u00e9n m\u00e0 kh\u00f4ng b\u1ecb r\u00e1ch<\/p>\n","protected":false},"featured_media":65090,"template":"","meta":{"_acf_changed":false},"product_brand":[1140],"product_cat":[861],"product_tag":[],"class_list":{"0":"post-68036","1":"product","2":"type-product","3":"status-publish","4":"has-post-thumbnail","6":"product_brand-formlabs-en","7":"product_cat-material","9":"first","10":"onbackorder","11":"taxable","12":"shipping-taxable","13":"purchasable","14":"product-type-variable","15":"has-default-attributes"},"acf":[],"_links":{"self":[{"href":"https:\/\/3d-smartsolutions.com\/en\/wp-json\/wp\/v2\/product\/68036","targetHints":{"allow":["GET"]}}],"collection":[{"href":"https:\/\/3d-smartsolutions.com\/en\/wp-json\/wp\/v2\/product"}],"about":[{"href":"https:\/\/3d-smartsolutions.com\/en\/wp-json\/wp\/v2\/types\/product"}],"wp:featuredmedia":[{"embeddable":true,"href":"https:\/\/3d-smartsolutions.com\/en\/wp-json\/wp\/v2\/media\/65090"}],"wp:attachment":[{"href":"https:\/\/3d-smartsolutions.com\/en\/wp-json\/wp\/v2\/media?parent=68036"}],"wp:term":[{"taxonomy":"product_brand","embeddable":true,"href":"https:\/\/3d-smartsolutions.com\/en\/wp-json\/wp\/v2\/product_brand?post=68036"},{"taxonomy":"product_cat","embeddable":true,"href":"https:\/\/3d-smartsolutions.com\/en\/wp-json\/wp\/v2\/product_cat?post=68036"},{"taxonomy":"product_tag","embeddable":true,"href":"https:\/\/3d-smartsolutions.com\/en\/wp-json\/wp\/v2\/product_tag?post=68036"}],"curies":[{"name":"wp","href":"https:\/\/api.w.org\/{rel}","templated":true}]}}