{"id":68037,"date":"2025-05-27T20:46:55","date_gmt":"2025-05-27T13:46:55","guid":{"rendered":"https:\/\/3d-smartsolutions.com\/san-pham\/clear-cast-resin-form-4-1-l\/"},"modified":"2026-01-13T14:06:09","modified_gmt":"2026-01-13T07:06:09","slug":"clear-cast-resin-form-4-1-l","status":"publish","type":"product","link":"https:\/\/3d-smartsolutions.com\/en\/clear-cast-resin-form-4-1-l\/","title":{"rendered":"Clear Cast Resin (Form 4) 1 L"},"content":{"rendered":"<ul>\n<li>L\u00e0 v\u1eadt li\u1ec7u l\u00fd t\u01b0\u1edfng cho vi\u1ec7c t\u1ea1o m\u1eabu \u0111\u00fac n\u1ed9i b\u1ed9, gi\u00fap gi\u1ea3m chi ph\u00ed v\u00e0 th\u1eddi gian so v\u1edbi vi\u1ec7c thu\u00ea ngo\u00e0i. Nh\u1ef1a n\u00e0y c\u00f3 \u0111\u1ed9 gi\u00e3n n\u1edf nhi\u1ec7t c\u1ef1c th\u1ea5p v\u00e0 kh\u1ea3 n\u0103ng ch\u00e1y s\u1ea1ch v\u1edbi l\u01b0\u1ee3ng tro t\u00e0n th\u1ea5p, \u0111\u1ea3m b\u1ea3o k\u1ebft qu\u1ea3 \u0111\u00fac ch\u00ednh x\u00e1c v\u00e0 kh\u00f4ng b\u1ecb \u00f4 nhi\u1ec5m. \u0110\u1eb7c bi\u1ec7t ph\u00f9 h\u1ee3p v\u1edbi c\u00e1c h\u00ecnh h\u1ecdc d\u00e0y v\u00e0 chi ti\u1ebft l\u1edbn khi s\u1eed d\u1ee5ng c\u00f9ng ph\u1ea7n m\u1ec1m t\u1ea1o l\u01b0\u1edbi. Gi\u00e3n n\u1edf nhi\u1ec7t th\u1ea5p: \u0110\u1ea3m b\u1ea3o v\u1ecf \u0111\u00fac \u0111\u00e1ng tin c\u1eady v\u1edbi nguy c\u01a1 n\u1ee9t g\u00e3y t\u1ed1i thi\u1ec3u.<\/li>\n<li>Ch\u00e1y s\u1ea1ch: L\u01b0\u1ee3ng tro t\u00e0n th\u1ea5p v\u00e0 kh\u00f4ng ch\u1ee9a kim lo\u1ea1i n\u1eb7ng, tr\u00e1nh \u00f4 nhi\u1ec5m s\u1ea3n ph\u1ea9m cu\u1ed1i c\u00f9ng.<\/li>\n<li>\u0110\u1ed9 ch\u00ednh x\u00e1c cao: T\u1ea1o m\u1eabu ch\u00ednh x\u00e1c trong ph\u1ea1m vi 0.25 mm so v\u1edbi thi\u1ebft k\u1ebf g\u1ed1c.<\/li>\n<li>S\u1ea3n xu\u1ea5t n\u1ed9i b\u1ed9: Cho ph\u00e9p s\u1ea3n xu\u1ea5t m\u1eabu \u0111\u00fac ngay t\u1ea1i ch\u1ed7, gi\u1ea3m chi ph\u00ed v\u00e0 th\u1eddi gian s\u1ea3n xu\u1ea5t.<\/li>\n<li>T\u01b0\u01a1ng th\u00edch: Ho\u1ea1t \u0111\u1ed9ng t\u1ed1t v\u1edbi c\u00e1c h\u1ec7 th\u1ed1ng kim lo\u1ea1i v\u00e0 v\u1ecf \u0111\u00fac kh\u00e1c nhau, ph\u00f9 h\u1ee3p cho nhi\u1ec1u \u1ee9ng d\u1ee5ng \u0111\u00fac kh\u00e1c nhau.<\/li>\n<\/ul>\n","protected":false},"excerpt":{"rendered":"<ul>\n<li>L\u00e0 v\u1eadt li\u1ec7u l\u00fd t\u01b0\u1edfng cho vi\u1ec7c t\u1ea1o m\u1eabu \u0111\u00fac n\u1ed9i b\u1ed9, gi\u00fap gi\u1ea3m chi ph\u00ed v\u00e0 th\u1eddi gian so v\u1edbi vi\u1ec7c thu\u00ea ngo\u00e0i. Nh\u1ef1a n\u00e0y c\u00f3 \u0111\u1ed9 gi\u00e3n n\u1edf nhi\u1ec7t c\u1ef1c th\u1ea5p v\u00e0 kh\u1ea3 n\u0103ng ch\u00e1y s\u1ea1ch v\u1edbi l\u01b0\u1ee3ng tro t\u00e0n th\u1ea5p, \u0111\u1ea3m b\u1ea3o k\u1ebft qu\u1ea3 \u0111\u00fac ch\u00ednh x\u00e1c v\u00e0 kh\u00f4ng b\u1ecb \u00f4 nhi\u1ec5m. \u0110\u1eb7c bi\u1ec7t ph\u00f9 h\u1ee3p v\u1edbi c\u00e1c h\u00ecnh h\u1ecdc d\u00e0y v\u00e0 chi ti\u1ebft l\u1edbn khi s\u1eed d\u1ee5ng c\u00f9ng ph\u1ea7n m\u1ec1m t\u1ea1o l\u01b0\u1edbi. Gi\u00e3n n\u1edf nhi\u1ec7t th\u1ea5p: \u0110\u1ea3m b\u1ea3o v\u1ecf \u0111\u00fac \u0111\u00e1ng tin c\u1eady v\u1edbi nguy c\u01a1 n\u1ee9t g\u00e3y t\u1ed1i thi\u1ec3u.<\/li>\n<li>Ch\u00e1y s\u1ea1ch: L\u01b0\u1ee3ng tro t\u00e0n th\u1ea5p v\u00e0 kh\u00f4ng ch\u1ee9a kim lo\u1ea1i n\u1eb7ng, tr\u00e1nh \u00f4 nhi\u1ec5m s\u1ea3n ph\u1ea9m cu\u1ed1i c\u00f9ng.<\/li>\n<li>\u0110\u1ed9 ch\u00ednh x\u00e1c cao: T\u1ea1o m\u1eabu ch\u00ednh x\u00e1c trong ph\u1ea1m vi 0.25 mm so v\u1edbi thi\u1ebft k\u1ebf g\u1ed1c.<\/li>\n<li>S\u1ea3n xu\u1ea5t n\u1ed9i b\u1ed9: Cho ph\u00e9p s\u1ea3n xu\u1ea5t m\u1eabu \u0111\u00fac ngay t\u1ea1i ch\u1ed7, gi\u1ea3m chi ph\u00ed v\u00e0 th\u1eddi gian s\u1ea3n xu\u1ea5t.<\/li>\n<li>T\u01b0\u01a1ng th\u00edch: Ho\u1ea1t \u0111\u1ed9ng t\u1ed1t v\u1edbi c\u00e1c h\u1ec7 th\u1ed1ng kim lo\u1ea1i v\u00e0 v\u1ecf \u0111\u00fac kh\u00e1c nhau, ph\u00f9 h\u1ee3p cho nhi\u1ec1u \u1ee9ng d\u1ee5ng \u0111\u00fac kh\u00e1c nhau.<\/li>\n<\/ul>\n","protected":false},"featured_media":65081,"template":"","meta":{"_acf_changed":false},"product_brand":[1140],"product_cat":[861],"product_tag":[],"class_list":{"0":"post-68037","1":"product","2":"type-product","3":"status-publish","4":"has-post-thumbnail","6":"product_brand-formlabs-en","7":"product_cat-material","9":"first","10":"onbackorder","11":"taxable","12":"shipping-taxable","13":"purchasable","14":"product-type-simple"},"acf":[],"_links":{"self":[{"href":"https:\/\/3d-smartsolutions.com\/en\/wp-json\/wp\/v2\/product\/68037","targetHints":{"allow":["GET"]}}],"collection":[{"href":"https:\/\/3d-smartsolutions.com\/en\/wp-json\/wp\/v2\/product"}],"about":[{"href":"https:\/\/3d-smartsolutions.com\/en\/wp-json\/wp\/v2\/types\/product"}],"wp:featuredmedia":[{"embeddable":true,"href":"https:\/\/3d-smartsolutions.com\/en\/wp-json\/wp\/v2\/media\/65081"}],"wp:attachment":[{"href":"https:\/\/3d-smartsolutions.com\/en\/wp-json\/wp\/v2\/media?parent=68037"}],"wp:term":[{"taxonomy":"product_brand","embeddable":true,"href":"https:\/\/3d-smartsolutions.com\/en\/wp-json\/wp\/v2\/product_brand?post=68037"},{"taxonomy":"product_cat","embeddable":true,"href":"https:\/\/3d-smartsolutions.com\/en\/wp-json\/wp\/v2\/product_cat?post=68037"},{"taxonomy":"product_tag","embeddable":true,"href":"https:\/\/3d-smartsolutions.com\/en\/wp-json\/wp\/v2\/product_tag?post=68037"}],"curies":[{"name":"wp","href":"https:\/\/api.w.org\/{rel}","templated":true}]}}