{"id":68039,"date":"2025-05-27T20:46:55","date_gmt":"2025-05-27T13:46:55","guid":{"rendered":"https:\/\/3d-smartsolutions.com\/san-pham\/biomed-white-resin-cartridge\/"},"modified":"2025-11-27T17:15:36","modified_gmt":"2025-11-27T10:15:36","slug":"biomed-white-resin-cartridge","status":"publish","type":"product","link":"https:\/\/3d-smartsolutions.com\/en\/biomed-white-resin-cartridge\/","title":{"rendered":"BioMed White Resin Cartridge"},"content":{"rendered":"<p>Formlabs BioMed White Resin l\u00e0 lo\u1ea1i nh\u1ef1a c\u1ee9ng, m\u1edd \u0111\u1ee5c, \u0111\u01b0\u1ee3c thi\u1ebft k\u1ebf cho c\u00e1c \u1ee9ng d\u1ee5ng y t\u1ebf y\u00eau c\u1ea7u ti\u1ebfp x\u00fac l\u00e2u d\u00e0i v\u1edbi da (tr\u00ean 30 ng\u00e0y) ho\u1eb7c ti\u1ebfp x\u00fac ng\u1eafn h\u1ea1n v\u1edbi m\u00f4, x\u01b0\u01a1ng, ng\u00e0 r\u0103ng v\u00e0 m\u00e0ng nh\u1ea7y (d\u01b0\u1edbi 24 gi\u1edd). S\u1ea3n ph\u1ea9m n\u00e0y \u0111\u00e1p \u1ee9ng c\u00e1c ti\u00eau chu\u1ea9n nghi\u00eam ng\u1eb7t v\u1ec1 y t\u1ebf.<\/p>\n","protected":false},"excerpt":{"rendered":"<p>Formlabs BioMed White Resin l\u00e0 lo\u1ea1i nh\u1ef1a c\u1ee9ng, m\u1edd \u0111\u1ee5c, \u0111\u01b0\u1ee3c thi\u1ebft k\u1ebf cho c\u00e1c \u1ee9ng d\u1ee5ng y t\u1ebf y\u00eau c\u1ea7u ti\u1ebfp x\u00fac l\u00e2u d\u00e0i v\u1edbi da (tr\u00ean 30 ng\u00e0y) ho\u1eb7c ti\u1ebfp x\u00fac ng\u1eafn h\u1ea1n v\u1edbi m\u00f4, x\u01b0\u01a1ng, ng\u00e0 r\u0103ng v\u00e0 m\u00e0ng nh\u1ea7y (d\u01b0\u1edbi 24 gi\u1edd). S\u1ea3n ph\u1ea9m n\u00e0y \u0111\u00e1p \u1ee9ng c\u00e1c ti\u00eau chu\u1ea9n nghi\u00eam ng\u1eb7t v\u1ec1 y t\u1ebf.<\/p>\n","protected":false},"featured_media":65126,"template":"","meta":{"_acf_changed":false},"product_brand":[1140],"product_cat":[861],"product_tag":[],"class_list":{"0":"post-68039","1":"product","2":"type-product","3":"status-publish","4":"has-post-thumbnail","6":"product_brand-formlabs-en","7":"product_cat-material","9":"first","10":"onbackorder","11":"taxable","12":"shipping-taxable","13":"purchasable","14":"product-type-simple"},"acf":[],"_links":{"self":[{"href":"https:\/\/3d-smartsolutions.com\/en\/wp-json\/wp\/v2\/product\/68039","targetHints":{"allow":["GET"]}}],"collection":[{"href":"https:\/\/3d-smartsolutions.com\/en\/wp-json\/wp\/v2\/product"}],"about":[{"href":"https:\/\/3d-smartsolutions.com\/en\/wp-json\/wp\/v2\/types\/product"}],"wp:featuredmedia":[{"embeddable":true,"href":"https:\/\/3d-smartsolutions.com\/en\/wp-json\/wp\/v2\/media\/65126"}],"wp:attachment":[{"href":"https:\/\/3d-smartsolutions.com\/en\/wp-json\/wp\/v2\/media?parent=68039"}],"wp:term":[{"taxonomy":"product_brand","embeddable":true,"href":"https:\/\/3d-smartsolutions.com\/en\/wp-json\/wp\/v2\/product_brand?post=68039"},{"taxonomy":"product_cat","embeddable":true,"href":"https:\/\/3d-smartsolutions.com\/en\/wp-json\/wp\/v2\/product_cat?post=68039"},{"taxonomy":"product_tag","embeddable":true,"href":"https:\/\/3d-smartsolutions.com\/en\/wp-json\/wp\/v2\/product_tag?post=68039"}],"curies":[{"name":"wp","href":"https:\/\/api.w.org\/{rel}","templated":true}]}}