{"id":68041,"date":"2025-05-27T20:46:55","date_gmt":"2025-05-27T13:46:55","guid":{"rendered":"https:\/\/3d-smartsolutions.com\/san-pham\/esd-resin-cartridge-1l\/"},"modified":"2025-11-27T17:08:45","modified_gmt":"2025-11-27T10:08:45","slug":"esd-resin-cartridge-1l","status":"publish","type":"product","link":"https:\/\/3d-smartsolutions.com\/en\/esd-resin-cartridge-1l\/","title":{"rendered":"ESD Resin (Form 3) 1L"},"content":{"rendered":"<p>Formlabs ESD Resin l\u00e0 lo\u1ea1i nh\u1ef1a in 3D \u0111\u01b0\u1ee3c thi\u1ebft k\u1ebf \u0111\u1ec3 t\u1ea1o ra c\u00e1c b\u1ed9 ph\u1eadn c\u00f3 t\u00ednh n\u0103ng ch\u1ed1ng t\u0129nh \u0111i\u1ec7n, gi\u00fap b\u1ea3o v\u1ec7 c\u00e1c linh ki\u1ec7n \u0111i\u1ec7n t\u1eed nh\u1ea1y c\u1ea3m kh\u1ecfi hi\u1ec7n t\u01b0\u1ee3ng ph\u00f3ng \u0111i\u1ec7n t\u0129nh (ESD). S\u1ea3n ph\u1ea9m n\u00e0y l\u00fd t\u01b0\u1edfng cho vi\u1ec7c s\u1ea3n xu\u1ea5t c\u00e1c c\u00f4ng c\u1ee5, \u0111\u1ed3 g\u00e1 v\u00e0 ph\u1ee5 ki\u1ec7n trong c\u00e1c ng\u00e0nh c\u00f4ng nghi\u1ec7p \u0111i\u1ec7n t\u1eed, \u00f4 t\u00f4 v\u00e0 h\u00e0ng kh\u00f4ng v\u0169 tr\u1ee5.<\/p>\n","protected":false},"excerpt":{"rendered":"<p>Formlabs ESD Resin l\u00e0 lo\u1ea1i nh\u1ef1a in 3D \u0111\u01b0\u1ee3c thi\u1ebft k\u1ebf \u0111\u1ec3 t\u1ea1o ra c\u00e1c b\u1ed9 ph\u1eadn c\u00f3 t\u00ednh n\u0103ng ch\u1ed1ng t\u0129nh \u0111i\u1ec7n, gi\u00fap b\u1ea3o v\u1ec7 c\u00e1c linh ki\u1ec7n \u0111i\u1ec7n t\u1eed nh\u1ea1y c\u1ea3m kh\u1ecfi hi\u1ec7n t\u01b0\u1ee3ng ph\u00f3ng \u0111i\u1ec7n t\u0129nh (ESD). S\u1ea3n ph\u1ea9m n\u00e0y l\u00fd t\u01b0\u1edfng cho vi\u1ec7c s\u1ea3n xu\u1ea5t c\u00e1c c\u00f4ng c\u1ee5, \u0111\u1ed3 g\u00e1 v\u00e0 ph\u1ee5 ki\u1ec7n trong c\u00e1c ng\u00e0nh c\u00f4ng nghi\u1ec7p \u0111i\u1ec7n t\u1eed, \u00f4 t\u00f4 v\u00e0 h\u00e0ng kh\u00f4ng v\u0169 tr\u1ee5.<\/p>\n","protected":false},"featured_media":65133,"template":"","meta":{"_acf_changed":false},"product_brand":[1140],"product_cat":[861],"product_tag":[],"class_list":{"0":"post-68041","1":"product","2":"type-product","3":"status-publish","4":"has-post-thumbnail","6":"product_brand-formlabs-en","7":"product_cat-material","9":"first","10":"instock","11":"taxable","12":"shipping-taxable","13":"purchasable","14":"product-type-simple"},"acf":[],"_links":{"self":[{"href":"https:\/\/3d-smartsolutions.com\/en\/wp-json\/wp\/v2\/product\/68041","targetHints":{"allow":["GET"]}}],"collection":[{"href":"https:\/\/3d-smartsolutions.com\/en\/wp-json\/wp\/v2\/product"}],"about":[{"href":"https:\/\/3d-smartsolutions.com\/en\/wp-json\/wp\/v2\/types\/product"}],"wp:featuredmedia":[{"embeddable":true,"href":"https:\/\/3d-smartsolutions.com\/en\/wp-json\/wp\/v2\/media\/65133"}],"wp:attachment":[{"href":"https:\/\/3d-smartsolutions.com\/en\/wp-json\/wp\/v2\/media?parent=68041"}],"wp:term":[{"taxonomy":"product_brand","embeddable":true,"href":"https:\/\/3d-smartsolutions.com\/en\/wp-json\/wp\/v2\/product_brand?post=68041"},{"taxonomy":"product_cat","embeddable":true,"href":"https:\/\/3d-smartsolutions.com\/en\/wp-json\/wp\/v2\/product_cat?post=68041"},{"taxonomy":"product_tag","embeddable":true,"href":"https:\/\/3d-smartsolutions.com\/en\/wp-json\/wp\/v2\/product_tag?post=68041"}],"curies":[{"name":"wp","href":"https:\/\/api.w.org\/{rel}","templated":true}]}}