{"id":68042,"date":"2025-10-27T20:46:55","date_gmt":"2025-10-27T13:46:55","guid":{"rendered":"https:\/\/3d-smartsolutions.com\/san-pham\/biomed-clear-resin-cartridge\/"},"modified":"2026-01-20T14:08:33","modified_gmt":"2026-01-20T07:08:33","slug":"biomed-clear-resin-cartridge","status":"publish","type":"product","link":"https:\/\/3d-smartsolutions.com\/en\/biomed-clear-resin-cartridge\/","title":{"rendered":"BioMed Clear Resin Cartridge"},"content":{"rendered":"<p>Formlabs BioMed Clear Resin l\u00e0 lo\u1ea1i nh\u1ef1a trong su\u1ed1t, c\u1ee9ng v\u00e0 b\u1ec1n, \u0111\u01b0\u1ee3c thi\u1ebft k\u1ebf cho c\u00e1c \u1ee9ng d\u1ee5ng y t\u1ebf y\u00eau c\u1ea7u ti\u1ebfp x\u00fac l\u00e2u d\u00e0i v\u1edbi da (&gt;30 ng\u00e0y) ho\u1eb7c ti\u1ebfp x\u00fac ng\u1eafn h\u1ea1n v\u1edbi m\u00e0ng nh\u1ea7y (&gt;30 gi\u1edd). S\u1ea3n ph\u1ea9m n\u00e0y \u0111\u1ea1t ch\u1ee9ng nh\u1eadn USP Class VI v\u00e0 \u0111\u01b0\u1ee3c s\u1ea3n xu\u1ea5t trong c\u01a1 s\u1edf tu\u00e2n th\u1ee7 ti\u00eau chu\u1ea9n ISO 13485, \u0111\u1ea3m b\u1ea3o ch\u1ea5t l\u01b0\u1ee3ng v\u00e0 t\u00ednh an to\u00e0n cho ng\u01b0\u1eddi s\u1eed d\u1ee5ng.<\/p>\n","protected":false},"excerpt":{"rendered":"<p>Formlabs BioMed Clear Resin l\u00e0 lo\u1ea1i nh\u1ef1a trong su\u1ed1t, c\u1ee9ng v\u00e0 b\u1ec1n, \u0111\u01b0\u1ee3c thi\u1ebft k\u1ebf cho c\u00e1c \u1ee9ng d\u1ee5ng y t\u1ebf y\u00eau c\u1ea7u ti\u1ebfp x\u00fac l\u00e2u d\u00e0i v\u1edbi da (&gt;30 ng\u00e0y) ho\u1eb7c ti\u1ebfp x\u00fac ng\u1eafn h\u1ea1n v\u1edbi m\u00e0ng nh\u1ea7y (&gt;30 gi\u1edd). S\u1ea3n ph\u1ea9m n\u00e0y \u0111\u1ea1t ch\u1ee9ng nh\u1eadn USP Class VI v\u00e0 \u0111\u01b0\u1ee3c s\u1ea3n xu\u1ea5t trong c\u01a1 s\u1edf tu\u00e2n th\u1ee7 ti\u00eau chu\u1ea9n ISO 13485, \u0111\u1ea3m b\u1ea3o ch\u1ea5t l\u01b0\u1ee3ng v\u00e0 t\u00ednh an to\u00e0n cho ng\u01b0\u1eddi s\u1eed d\u1ee5ng.<\/p>\n","protected":false},"featured_media":65136,"template":"","meta":{"_acf_changed":false},"product_brand":[1140],"product_cat":[861],"product_tag":[],"class_list":{"0":"post-68042","1":"product","2":"type-product","3":"status-publish","4":"has-post-thumbnail","6":"product_brand-formlabs-en","7":"product_cat-material","9":"first","10":"instock","11":"sale","12":"taxable","13":"shipping-taxable","14":"purchasable","15":"product-type-simple"},"acf":[],"_links":{"self":[{"href":"https:\/\/3d-smartsolutions.com\/en\/wp-json\/wp\/v2\/product\/68042","targetHints":{"allow":["GET"]}}],"collection":[{"href":"https:\/\/3d-smartsolutions.com\/en\/wp-json\/wp\/v2\/product"}],"about":[{"href":"https:\/\/3d-smartsolutions.com\/en\/wp-json\/wp\/v2\/types\/product"}],"wp:featuredmedia":[{"embeddable":true,"href":"https:\/\/3d-smartsolutions.com\/en\/wp-json\/wp\/v2\/media\/65136"}],"wp:attachment":[{"href":"https:\/\/3d-smartsolutions.com\/en\/wp-json\/wp\/v2\/media?parent=68042"}],"wp:term":[{"taxonomy":"product_brand","embeddable":true,"href":"https:\/\/3d-smartsolutions.com\/en\/wp-json\/wp\/v2\/product_brand?post=68042"},{"taxonomy":"product_cat","embeddable":true,"href":"https:\/\/3d-smartsolutions.com\/en\/wp-json\/wp\/v2\/product_cat?post=68042"},{"taxonomy":"product_tag","embeddable":true,"href":"https:\/\/3d-smartsolutions.com\/en\/wp-json\/wp\/v2\/product_tag?post=68042"}],"curies":[{"name":"wp","href":"https:\/\/api.w.org\/{rel}","templated":true}]}}