{"id":68237,"date":"2025-06-30T18:05:49","date_gmt":"2025-06-30T11:05:49","guid":{"rendered":"https:\/\/3d-smartsolutions.com\/?post_type=product&#038;p=68237"},"modified":"2025-06-30T18:07:53","modified_gmt":"2025-06-30T11:07:53","slug":"formlabs-fuse-1-30w-copy","status":"publish","type":"product","link":"https:\/\/3d-smartsolutions.com\/en\/formlabs-fuse-1-30w-copy\/","title":{"rendered":"Formlabs Fuse 1+ 30W (Copy)"},"content":{"rendered":"<p>Formlabs Fuse 1+ 30W l\u00e0 m\u1ed9t m\u00e1y in 3D SLS \u0111\u1ec3 b\u00e0n m\u1ea1nh m\u1ebd, mang l\u1ea1i t\u1ed1c \u0111\u1ed9, ch\u1ea5t l\u01b0\u1ee3ng v\u00e0 s\u1ef1 linh ho\u1ea1t c\u1ea7n thi\u1ebft cho c\u00e1c chuy\u00ean gia v\u00e0 doanh nghi\u1ec7p mu\u1ed1n \u0111\u1ea9y nhanh qu\u00e1 tr\u00ecnh ph\u00e1t tri\u1ec3n s\u1ea3n ph\u1ea9m v\u00e0 t\u1ed1i \u01b0u h\u00f3a quy tr\u00ecnh s\u1ea3n xu\u1ea5t v\u1edbi c\u00e1c b\u1ed9 ph\u1eadn nylon ch\u1ea5t l\u01b0\u1ee3ng cao<\/p>\n","protected":false},"excerpt":{"rendered":"<p>Formlabs Fuse 1+ 30W l\u00e0 m\u1ed9t m\u00e1y in 3D SLS \u0111\u1ec3 b\u00e0n m\u1ea1nh m\u1ebd, mang l\u1ea1i t\u1ed1c \u0111\u1ed9, ch\u1ea5t l\u01b0\u1ee3ng v\u00e0 s\u1ef1 linh ho\u1ea1t c\u1ea7n thi\u1ebft cho c\u00e1c chuy\u00ean gia v\u00e0 doanh nghi\u1ec7p mu\u1ed1n \u0111\u1ea9y nhanh qu\u00e1 tr\u00ecnh ph\u00e1t tri\u1ec3n s\u1ea3n ph\u1ea9m v\u00e0 t\u1ed1i \u01b0u h\u00f3a quy tr\u00ecnh s\u1ea3n xu\u1ea5t v\u1edbi c\u00e1c b\u1ed9 ph\u1eadn nylon ch\u1ea5t l\u01b0\u1ee3ng cao<\/p>\n","protected":false},"featured_media":66854,"template":"","meta":{"_acf_changed":false},"product_brand":[],"product_cat":[],"product_tag":[],"class_list":{"0":"post-68237","1":"product","2":"type-product","3":"status-publish","4":"has-post-thumbnail","7":"first","8":"instock","9":"purchasable","10":"product-type-variable","11":"has-default-attributes"},"acf":[],"_links":{"self":[{"href":"https:\/\/3d-smartsolutions.com\/en\/wp-json\/wp\/v2\/product\/68237","targetHints":{"allow":["GET"]}}],"collection":[{"href":"https:\/\/3d-smartsolutions.com\/en\/wp-json\/wp\/v2\/product"}],"about":[{"href":"https:\/\/3d-smartsolutions.com\/en\/wp-json\/wp\/v2\/types\/product"}],"wp:featuredmedia":[{"embeddable":true,"href":"https:\/\/3d-smartsolutions.com\/en\/wp-json\/wp\/v2\/media\/66854"}],"wp:attachment":[{"href":"https:\/\/3d-smartsolutions.com\/en\/wp-json\/wp\/v2\/media?parent=68237"}],"wp:term":[{"taxonomy":"product_brand","embeddable":true,"href":"https:\/\/3d-smartsolutions.com\/en\/wp-json\/wp\/v2\/product_brand?post=68237"},{"taxonomy":"product_cat","embeddable":true,"href":"https:\/\/3d-smartsolutions.com\/en\/wp-json\/wp\/v2\/product_cat?post=68237"},{"taxonomy":"product_tag","embeddable":true,"href":"https:\/\/3d-smartsolutions.com\/en\/wp-json\/wp\/v2\/product_tag?post=68237"}],"curies":[{"name":"wp","href":"https:\/\/api.w.org\/{rel}","templated":true}]}}