{"id":68352,"date":"2025-07-08T15:32:48","date_gmt":"2025-07-08T08:32:48","guid":{"rendered":"https:\/\/3d-smartsolutions.com\/san-pham\/formlabs-form-3l\/"},"modified":"2025-10-02T10:24:20","modified_gmt":"2025-10-02T03:24:20","slug":"formlabs-form-3l","status":"publish","type":"product","link":"https:\/\/3d-smartsolutions.com\/en\/formlabs-form-3l\/","title":{"rendered":"Formlabs Form 3L"},"content":{"rendered":"<p>M\u00e1y in 3D kh\u1ed5 l\u1edbn Form 3L \u0111\u1ee7 nh\u1ecf g\u1ecdn cho v\u0103n ph\u00f2ng v\u00e0 \u0111\u1ee7 m\u1ea1nh m\u1ebd cho nh\u00e0 m\u00e1y. Ki\u1ec3m so\u00e1t qu\u00e1 tr\u00ecnh t\u1ea1o m\u1eabu kh\u1ed5 l\u1edbn v\u00e0 bi\u1ebfn nh\u1eefng \u00fd t\u01b0\u1edfng l\u1edbn nh\u1ea5t c\u1ee7a b\u1ea1n th\u00e0nh hi\u1ec7n th\u1ef1c. M\u00e1y in 3D Form 3L qui m\u00f4 l\u1edbn ti\u1ebft ki\u1ec7m chi ph\u00ed m\u00e0 kh\u00f4ng \u1ea3nh h\u01b0\u1edfng \u0111\u1ebfn c\u00e1c chi ti\u1ebft.<\/p>\n<p>&nbsp;<\/p>\n","protected":false},"excerpt":{"rendered":"<p>M\u00e1y in 3D kh\u1ed5 l\u1edbn Form 3L \u0111\u1ee7 nh\u1ecf g\u1ecdn cho v\u0103n ph\u00f2ng v\u00e0 \u0111\u1ee7 m\u1ea1nh m\u1ebd cho nh\u00e0 m\u00e1y. Ki\u1ec3m so\u00e1t qu\u00e1 tr\u00ecnh t\u1ea1o m\u1eabu kh\u1ed5 l\u1edbn v\u00e0 bi\u1ebfn nh\u1eefng \u00fd t\u01b0\u1edfng l\u1edbn nh\u1ea5t c\u1ee7a b\u1ea1n th\u00e0nh hi\u1ec7n th\u1ef1c. M\u00e1y in 3D Form 3L qui m\u00f4 l\u1edbn ti\u1ebft ki\u1ec7m chi ph\u00ed m\u00e0 kh\u00f4ng \u1ea3nh h\u01b0\u1edfng \u0111\u1ebfn c\u00e1c chi ti\u1ebft.<\/p>\n","protected":false},"featured_media":68793,"template":"","meta":{"_acf_changed":false},"product_brand":[1140],"product_cat":[856],"product_tag":[],"class_list":{"0":"post-68352","1":"product","2":"type-product","3":"status-publish","4":"has-post-thumbnail","6":"product_brand-formlabs-en","7":"product_cat-3d-printer","9":"first","10":"instock","11":"sale","12":"taxable","13":"shipping-taxable","14":"product-type-simple"},"acf":[],"_links":{"self":[{"href":"https:\/\/3d-smartsolutions.com\/en\/wp-json\/wp\/v2\/product\/68352","targetHints":{"allow":["GET"]}}],"collection":[{"href":"https:\/\/3d-smartsolutions.com\/en\/wp-json\/wp\/v2\/product"}],"about":[{"href":"https:\/\/3d-smartsolutions.com\/en\/wp-json\/wp\/v2\/types\/product"}],"wp:featuredmedia":[{"embeddable":true,"href":"https:\/\/3d-smartsolutions.com\/en\/wp-json\/wp\/v2\/media\/68793"}],"wp:attachment":[{"href":"https:\/\/3d-smartsolutions.com\/en\/wp-json\/wp\/v2\/media?parent=68352"}],"wp:term":[{"taxonomy":"product_brand","embeddable":true,"href":"https:\/\/3d-smartsolutions.com\/en\/wp-json\/wp\/v2\/product_brand?post=68352"},{"taxonomy":"product_cat","embeddable":true,"href":"https:\/\/3d-smartsolutions.com\/en\/wp-json\/wp\/v2\/product_cat?post=68352"},{"taxonomy":"product_tag","embeddable":true,"href":"https:\/\/3d-smartsolutions.com\/en\/wp-json\/wp\/v2\/product_tag?post=68352"}],"curies":[{"name":"wp","href":"https:\/\/api.w.org\/{rel}","templated":true}]}}