{"id":68355,"date":"2025-07-08T15:32:48","date_gmt":"2025-07-08T08:32:48","guid":{"rendered":"https:\/\/3d-smartsolutions.com\/san-pham\/formlabs-form-3bl\/"},"modified":"2025-09-25T14:11:32","modified_gmt":"2025-09-25T07:11:32","slug":"formlabs-form-3bl","status":"publish","type":"product","link":"https:\/\/3d-smartsolutions.com\/en\/formlabs-form-3bl\/","title":{"rendered":"Formlabs Form 3BL"},"content":{"rendered":"<p>Form 3BL l\u00e0 m\u00e1y in 3D y t\u1ebf kh\u1ed5 l\u1edbn n\u00e2ng cao ti\u00eau chu\u1ea9n in 3D \u0111\u00e1ng tin c\u1eady, n\u0103ng su\u1ea5t cao cho c\u00e1c \u1ee9ng d\u1ee5ng y t\u1ebf, \u0111\u01b0\u1ee3c thi\u1ebft k\u1ebf \u0111\u1ec3 ho\u1ea1t \u0111\u1ed9ng c\u1ea3 ng\u00e0y l\u1eabn \u0111\u00eam v\u1edbi s\u1ef1 can thi\u1ec7p t\u1ed1i thi\u1ec3u. Ti\u1ebft ki\u1ec7m th\u1eddi gian kh\u1eafc ph\u1ee5c s\u1ef1 c\u1ed1 v\u00e0 gi\u00fap nh\u00e2n vi\u00ean m\u1edbi nhanh ch\u00f3ng l\u00e0m quen v\u1edbi ph\u1ea7n c\u1ee9ng v\u00e0 ph\u1ea7n m\u1ec1m \u0111\u01b0\u1ee3c thi\u1ebft k\u1ebf tr\u1ef1c quan, d\u1ec5 s\u1eed d\u1ee5ng. M\u1ed7i m\u00e1y in 3D Form 3BL \u0111\u1ec1u bao g\u1ed3m c\u00e1c c\u00f4ng c\u1ee5 thi\u1ebft y\u1ebfu c\u1ea7n thi\u1ebft \u0111\u1ec3 b\u1eaft \u0111\u1ea7u in b\u1eb1ng th\u01b0 vi\u1ec7n nh\u1ef1a r\u1ed9ng l\u1edbn c\u1ee7a Formlabs, bao g\u1ed3m nh\u1ef1a t\u01b0\u01a1ng th\u00edch sinh h\u1ecdc v\u00e0 b\u1ea3o h\u00e0nh m\u1ed9t n\u0103m. Ngo\u00e0i ra c\u00f2n c\u00f3 B\u1ed9 ho\u00e0n thi\u1ec7n v\u1edbi X\u00f4 r\u1eeda v\u00e0 m\u1ed9t b\u1ed9 C\u00f4ng c\u1ee5 v\u1ec7 sinh \u0111\u1ec3 gi\u00fap gi\u1eef cho kh\u00f4ng gian l\u00e0m vi\u1ec7c c\u1ee7a b\u1ea1n s\u1ea1ch s\u1ebd v\u00e0 ng\u0103n n\u1eafp trong khi ho\u00e0n thi\u1ec7n c\u00e1c b\u1ed9 ph\u1eadn in 3D kh\u1ed5 l\u1edbn c\u1ee7a b\u1ea1n.<\/p>\n","protected":false},"excerpt":{"rendered":"<p>Form 3BL l\u00e0 m\u00e1y in 3D y t\u1ebf kh\u1ed5 l\u1edbn n\u00e2ng cao ti\u00eau chu\u1ea9n in 3D \u0111\u00e1ng tin c\u1eady, n\u0103ng su\u1ea5t cao cho c\u00e1c \u1ee9ng d\u1ee5ng y t\u1ebf, \u0111\u01b0\u1ee3c thi\u1ebft k\u1ebf \u0111\u1ec3 ho\u1ea1t \u0111\u1ed9ng c\u1ea3 ng\u00e0y l\u1eabn \u0111\u00eam v\u1edbi s\u1ef1 can thi\u1ec7p t\u1ed1i thi\u1ec3u. Ti\u1ebft ki\u1ec7m th\u1eddi gian kh\u1eafc ph\u1ee5c s\u1ef1 c\u1ed1 v\u00e0 gi\u00fap nh\u00e2n vi\u00ean m\u1edbi nhanh ch\u00f3ng l\u00e0m quen v\u1edbi ph\u1ea7n c\u1ee9ng v\u00e0 ph\u1ea7n m\u1ec1m \u0111\u01b0\u1ee3c thi\u1ebft k\u1ebf tr\u1ef1c quan, d\u1ec5 s\u1eed d\u1ee5ng.<\/p>\n<p>M\u1ed7i m\u00e1y in 3D Form 3BL \u0111\u1ec1u bao g\u1ed3m c\u00e1c c\u00f4ng c\u1ee5 thi\u1ebft y\u1ebfu c\u1ea7n thi\u1ebft \u0111\u1ec3 b\u1eaft \u0111\u1ea7u in b\u1eb1ng th\u01b0 vi\u1ec7n nh\u1ef1a r\u1ed9ng l\u1edbn c\u1ee7a Formlabs, bao g\u1ed3m nh\u1ef1a t\u01b0\u01a1ng th\u00edch sinh h\u1ecdc v\u00e0 b\u1ea3o h\u00e0nh m\u1ed9t n\u0103m. Ngo\u00e0i ra c\u00f2n c\u00f3 B\u1ed9 ho\u00e0n thi\u1ec7n v\u1edbi X\u00f4 r\u1eeda v\u00e0 m\u1ed9t b\u1ed9 C\u00f4ng c\u1ee5 v\u1ec7 sinh \u0111\u1ec3 gi\u00fap gi\u1eef cho kh\u00f4ng gian l\u00e0m vi\u1ec7c c\u1ee7a b\u1ea1n s\u1ea1ch s\u1ebd v\u00e0 ng\u0103n n\u1eafp trong khi ho\u00e0n thi\u1ec7n c\u00e1c b\u1ed9 ph\u1eadn in 3D kh\u1ed5 l\u1edbn c\u1ee7a b\u1ea1n.<\/p>\n","protected":false},"featured_media":68791,"template":"","meta":{"_acf_changed":false},"product_brand":[1140],"product_cat":[856],"product_tag":[],"class_list":{"0":"post-68355","1":"product","2":"type-product","3":"status-publish","4":"has-post-thumbnail","6":"product_brand-formlabs-en","7":"product_cat-3d-printer","9":"first","10":"instock","11":"taxable","12":"shipping-taxable","13":"product-type-variable","14":"has-default-attributes"},"acf":[],"_links":{"self":[{"href":"https:\/\/3d-smartsolutions.com\/en\/wp-json\/wp\/v2\/product\/68355","targetHints":{"allow":["GET"]}}],"collection":[{"href":"https:\/\/3d-smartsolutions.com\/en\/wp-json\/wp\/v2\/product"}],"about":[{"href":"https:\/\/3d-smartsolutions.com\/en\/wp-json\/wp\/v2\/types\/product"}],"wp:featuredmedia":[{"embeddable":true,"href":"https:\/\/3d-smartsolutions.com\/en\/wp-json\/wp\/v2\/media\/68791"}],"wp:attachment":[{"href":"https:\/\/3d-smartsolutions.com\/en\/wp-json\/wp\/v2\/media?parent=68355"}],"wp:term":[{"taxonomy":"product_brand","embeddable":true,"href":"https:\/\/3d-smartsolutions.com\/en\/wp-json\/wp\/v2\/product_brand?post=68355"},{"taxonomy":"product_cat","embeddable":true,"href":"https:\/\/3d-smartsolutions.com\/en\/wp-json\/wp\/v2\/product_cat?post=68355"},{"taxonomy":"product_tag","embeddable":true,"href":"https:\/\/3d-smartsolutions.com\/en\/wp-json\/wp\/v2\/product_tag?post=68355"}],"curies":[{"name":"wp","href":"https:\/\/api.w.org\/{rel}","templated":true}]}}