{"id":68358,"date":"2025-07-08T15:32:48","date_gmt":"2025-07-08T08:32:48","guid":{"rendered":"https:\/\/3d-smartsolutions.com\/san-pham\/formlabs-form-4l\/"},"modified":"2025-09-25T14:09:21","modified_gmt":"2025-09-25T07:09:21","slug":"formlabs-form-4l","status":"publish","type":"product","link":"https:\/\/3d-smartsolutions.com\/en\/formlabs-form-4l\/","title":{"rendered":"Formlabs Form 4L"},"content":{"rendered":"<p>Form 4L l\u00e0 m\u00e1y in 3D SLA kh\u1ed5 l\u1edbn c\u00f3 m\u1eb7t n\u1ea1 c\u1ef1c nhanh k\u1ebft h\u1ee3p th\u01b0 vi\u1ec7n v\u1eadt li\u1ec7u phong ph\u00fa v\u1edbi c\u00f4ng c\u1ee5 in ch\u00ednh x\u00e1c, \u0111\u00e1ng tin c\u1eady. Bi\u1ebfn \u00fd t\u01b0\u1edfng th\u00e0nh hi\u1ec7n th\u1ef1c nhanh h\u01a1n bao gi\u1edd h\u1ebft v\u1edbi quy tr\u00ecnh l\u00e0m vi\u1ec7c d\u1ec5 d\u00e0ng, \u0111\u1ed9 tin c\u1eady cao v\u00e0 ch\u1ea5t l\u01b0\u1ee3ng chi ti\u1ebft tuy\u1ec7t v\u1eddi b\u1eb1ng h\u1ec7 sinh th\u00e1i Form 4L. T\u1ed1c \u0111\u1ed9 c\u1ee7a Form 4L \u0111\u01b0\u1ee3c th\u00fac \u0111\u1ea9y b\u1edfi C\u00f4ng c\u1ee5 in Low Force Display\u2122 m\u1edbi c\u1ee7a Formlabs, m\u1ed9t s\u1ef1 k\u1ebft h\u1ee3p m\u1ea1nh m\u1ebd gi\u1eefa \u0111\u00e8n LED c\u00f4ng su\u1ea5t c\u1ef1c cao, th\u1ea5u k\u00ednh h\u1ed9i t\u1ee5, b\u1ed9 l\u1ecdc quang h\u1ecdc v\u00e0 m\u00e0n h\u00ecnh tinh th\u1ec3 l\u1ecfng m\u1ea1nh m\u1ebd. C\u00f9ng nhau, ch\u00fang l\u00e0m \u0111\u00f4ng c\u1ee9ng t\u1eebng l\u1edbp nh\u1ef1a m\u1ed9t c\u00e1ch nhanh ch\u00f3ng \u2014 b\u1ea5t k\u1ec3 k\u00edch th\u01b0\u1edbc ho\u1eb7c s\u1ed1 l\u01b0\u1ee3ng chi ti\u1ebft. V\u1edbi dung sai ch\u1eb7t ch\u1ebd, c\u00e1c chi ti\u1ebft \u0111\u01b0\u1ee3c in b\u1eb1ng m\u1ecdi lo\u1ea1i nh\u1ef1a tr\u00ean Form 4L s\u1ebd lu\u00f4n kh\u1edbp v\u1edbi c\u00e1c th\u00f4ng s\u1ed1 thi\u1ebft k\u1ebf.<\/p>\n","protected":false},"excerpt":{"rendered":"<p>Form 4L l\u00e0 m\u00e1y in 3D SLA kh\u1ed5 l\u1edbn c\u00f3 m\u1eb7t n\u1ea1 c\u1ef1c nhanh k\u1ebft h\u1ee3p th\u01b0 vi\u1ec7n v\u1eadt li\u1ec7u phong ph\u00fa v\u1edbi c\u00f4ng c\u1ee5 in ch\u00ednh x\u00e1c, \u0111\u00e1ng tin c\u1eady. Bi\u1ebfn \u00fd t\u01b0\u1edfng th\u00e0nh hi\u1ec7n th\u1ef1c nhanh h\u01a1n bao gi\u1edd h\u1ebft v\u1edbi quy tr\u00ecnh l\u00e0m vi\u1ec7c d\u1ec5 d\u00e0ng, \u0111\u1ed9 tin c\u1eady cao v\u00e0 ch\u1ea5t l\u01b0\u1ee3ng chi ti\u1ebft tuy\u1ec7t v\u1eddi b\u1eb1ng h\u1ec7 sinh th\u00e1i Form 4L.<\/p>\n<p>T\u1ed1c \u0111\u1ed9 c\u1ee7a Form 4L \u0111\u01b0\u1ee3c th\u00fac \u0111\u1ea9y b\u1edfi C\u00f4ng c\u1ee5 in Low Force Display\u2122 m\u1edbi c\u1ee7a Formlabs, m\u1ed9t s\u1ef1 k\u1ebft h\u1ee3p m\u1ea1nh m\u1ebd gi\u1eefa \u0111\u00e8n LED c\u00f4ng su\u1ea5t c\u1ef1c cao, th\u1ea5u k\u00ednh h\u1ed9i t\u1ee5, b\u1ed9 l\u1ecdc quang h\u1ecdc v\u00e0 m\u00e0n h\u00ecnh tinh th\u1ec3 l\u1ecfng m\u1ea1nh m\u1ebd. C\u00f9ng nhau, ch\u00fang l\u00e0m \u0111\u00f4ng c\u1ee9ng t\u1eebng l\u1edbp nh\u1ef1a m\u1ed9t c\u00e1ch nhanh ch\u00f3ng \u2014 b\u1ea5t k\u1ec3 k\u00edch th\u01b0\u1edbc ho\u1eb7c s\u1ed1 l\u01b0\u1ee3ng chi ti\u1ebft. V\u1edbi dung sai ch\u1eb7t ch\u1ebd, c\u00e1c chi ti\u1ebft \u0111\u01b0\u1ee3c in b\u1eb1ng m\u1ecdi lo\u1ea1i nh\u1ef1a tr\u00ean Form 4L s\u1ebd lu\u00f4n kh\u1edbp v\u1edbi c\u00e1c th\u00f4ng s\u1ed1 thi\u1ebft k\u1ebf.<\/p>\n","protected":false},"featured_media":68789,"template":"","meta":{"_acf_changed":false},"product_brand":[1140],"product_cat":[856],"product_tag":[],"class_list":{"0":"post-68358","1":"product","2":"type-product","3":"status-publish","4":"has-post-thumbnail","6":"product_brand-formlabs-en","7":"product_cat-3d-printer","9":"first","10":"instock","11":"taxable","12":"shipping-taxable","13":"product-type-variable","14":"has-default-attributes"},"acf":[],"_links":{"self":[{"href":"https:\/\/3d-smartsolutions.com\/en\/wp-json\/wp\/v2\/product\/68358","targetHints":{"allow":["GET"]}}],"collection":[{"href":"https:\/\/3d-smartsolutions.com\/en\/wp-json\/wp\/v2\/product"}],"about":[{"href":"https:\/\/3d-smartsolutions.com\/en\/wp-json\/wp\/v2\/types\/product"}],"wp:featuredmedia":[{"embeddable":true,"href":"https:\/\/3d-smartsolutions.com\/en\/wp-json\/wp\/v2\/media\/68789"}],"wp:attachment":[{"href":"https:\/\/3d-smartsolutions.com\/en\/wp-json\/wp\/v2\/media?parent=68358"}],"wp:term":[{"taxonomy":"product_brand","embeddable":true,"href":"https:\/\/3d-smartsolutions.com\/en\/wp-json\/wp\/v2\/product_brand?post=68358"},{"taxonomy":"product_cat","embeddable":true,"href":"https:\/\/3d-smartsolutions.com\/en\/wp-json\/wp\/v2\/product_cat?post=68358"},{"taxonomy":"product_tag","embeddable":true,"href":"https:\/\/3d-smartsolutions.com\/en\/wp-json\/wp\/v2\/product_tag?post=68358"}],"curies":[{"name":"wp","href":"https:\/\/api.w.org\/{rel}","templated":true}]}}