{"id":68362,"date":"2025-07-08T15:32:48","date_gmt":"2025-07-08T08:32:48","guid":{"rendered":"https:\/\/3d-smartsolutions.com\/san-pham\/formlabs-form-4bl\/"},"modified":"2025-09-25T14:07:55","modified_gmt":"2025-09-25T07:07:55","slug":"formlabs-form-4bl","status":"publish","type":"product","link":"https:\/\/3d-smartsolutions.com\/en\/formlabs-form-4bl\/","title":{"rendered":"Formlabs Form 4BL"},"content":{"rendered":"<p>Form 4BL Formlabs K\u1ef7 nguy\u00ean m\u1edbi c\u1ee7a s\u1ea3n xu\u1ea5t y t\u1ebf T\u1ed1c \u0111\u1ed9 t\u0103ng d\u1ea7n. Ho\u00e0n th\u00e0nh trong ng\u00e0y \u0111\u1ed1i v\u1edbi b\u1ea3n in l\u1edbn S\u1ea3n xu\u1ea5t c\u00e1c b\u1ed9 ph\u1eadn \u0111\u1eb9p m\u1eaft v\u00e0 lu\u00f4n v\u1eeba v\u1eb7n, c\u1ea1nh tranh v\u1edbi ph\u01b0\u01a1ng ph\u00e1p \u0111\u00fac phun.<\/p>\n","protected":false},"excerpt":{"rendered":"<p>Form 4BL Formlabs K\u1ef7 nguy\u00ean m\u1edbi c\u1ee7a s\u1ea3n xu\u1ea5t y t\u1ebf<br \/>T\u1ed1c \u0111\u1ed9 t\u0103ng d\u1ea7n. Ho\u00e0n th\u00e0nh trong ng\u00e0y \u0111\u1ed1i v\u1edbi b\u1ea3n in l\u1edbn<br \/>S\u1ea3n xu\u1ea5t c\u00e1c b\u1ed9 ph\u1eadn \u0111\u1eb9p m\u1eaft v\u00e0 lu\u00f4n v\u1eeba v\u1eb7n, c\u1ea1nh tranh v\u1edbi ph\u01b0\u01a1ng ph\u00e1p \u0111\u00fac phun.<\/p>\n","protected":false},"featured_media":67198,"template":"","meta":{"_acf_changed":false},"product_brand":[1140],"product_cat":[856],"product_tag":[],"class_list":{"0":"post-68362","1":"product","2":"type-product","3":"status-publish","4":"has-post-thumbnail","6":"product_brand-formlabs-en","7":"product_cat-3d-printer","9":"first","10":"instock","11":"taxable","12":"shipping-taxable","13":"product-type-variable","14":"has-default-attributes"},"acf":[],"_links":{"self":[{"href":"https:\/\/3d-smartsolutions.com\/en\/wp-json\/wp\/v2\/product\/68362","targetHints":{"allow":["GET"]}}],"collection":[{"href":"https:\/\/3d-smartsolutions.com\/en\/wp-json\/wp\/v2\/product"}],"about":[{"href":"https:\/\/3d-smartsolutions.com\/en\/wp-json\/wp\/v2\/types\/product"}],"wp:featuredmedia":[{"embeddable":true,"href":"https:\/\/3d-smartsolutions.com\/en\/wp-json\/wp\/v2\/media\/67198"}],"wp:attachment":[{"href":"https:\/\/3d-smartsolutions.com\/en\/wp-json\/wp\/v2\/media?parent=68362"}],"wp:term":[{"taxonomy":"product_brand","embeddable":true,"href":"https:\/\/3d-smartsolutions.com\/en\/wp-json\/wp\/v2\/product_brand?post=68362"},{"taxonomy":"product_cat","embeddable":true,"href":"https:\/\/3d-smartsolutions.com\/en\/wp-json\/wp\/v2\/product_cat?post=68362"},{"taxonomy":"product_tag","embeddable":true,"href":"https:\/\/3d-smartsolutions.com\/en\/wp-json\/wp\/v2\/product_tag?post=68362"}],"curies":[{"name":"wp","href":"https:\/\/api.w.org\/{rel}","templated":true}]}}