{"id":68455,"date":"2025-06-18T15:29:21","date_gmt":"2025-06-18T08:29:21","guid":{"rendered":"https:\/\/3d-smartsolutions.com\/san-pham\/einscan-sp-like-new\/"},"modified":"2025-07-24T10:50:15","modified_gmt":"2025-07-24T03:50:15","slug":"einscan-sp-like-new","status":"publish","type":"product","link":"https:\/\/3d-smartsolutions.com\/en\/einscan-sp-demo-unit\/","title":{"rendered":"EinScan SP (demo unit)"},"content":{"rendered":"<p>M\u00e1y thu\u1ed9c \u0111\u1eddi SP v1 Ngo\u1ea1i h\u00ecnh c\u0169 Ho\u1ea1t \u0111\u1ed9ng b\u00ecnh th\u01b0\u1eddng C\u00f2n \u0111\u1ea7y \u0111\u1ee7 ph\u1ee5 ki\u1ec7n c\u01a1 b\u1ea3n: b\u00e0n calib, c\u00e1p k\u1ebft n\u1ed1i, ngu\u1ed3n, b\u1ed9 b\u00e0n xoay v\u00e0 \u0111\u1ebf c\u1ed1 \u0111\u1ecbnh<\/p>\n","protected":false},"excerpt":{"rendered":"<ul>\n<li>The device is from the SP v1 series.<\/li>\n<li>The exterior is worn<\/li>\n<li>It functions normally.<\/li>\n<li>All basic accessories are included: calibration table, connection cable, power supply, rotary table, and mounting base.<\/li>\n<\/ul>\n","protected":false},"featured_media":67587,"template":"","meta":{"_acf_changed":false},"product_brand":[],"product_cat":[855],"product_tag":[],"class_list":{"0":"post-68455","1":"product","2":"type-product","3":"status-publish","4":"has-post-thumbnail","6":"product_cat-demo-like-new","7":"pa_kha-nang-quet-mau-co-en","9":"first","10":"instock","11":"sale","12":"taxable","13":"shipping-taxable","14":"purchasable","15":"product-type-simple"},"acf":[],"_links":{"self":[{"href":"https:\/\/3d-smartsolutions.com\/en\/wp-json\/wp\/v2\/product\/68455","targetHints":{"allow":["GET"]}}],"collection":[{"href":"https:\/\/3d-smartsolutions.com\/en\/wp-json\/wp\/v2\/product"}],"about":[{"href":"https:\/\/3d-smartsolutions.com\/en\/wp-json\/wp\/v2\/types\/product"}],"wp:featuredmedia":[{"embeddable":true,"href":"https:\/\/3d-smartsolutions.com\/en\/wp-json\/wp\/v2\/media\/67587"}],"wp:attachment":[{"href":"https:\/\/3d-smartsolutions.com\/en\/wp-json\/wp\/v2\/media?parent=68455"}],"wp:term":[{"taxonomy":"product_brand","embeddable":true,"href":"https:\/\/3d-smartsolutions.com\/en\/wp-json\/wp\/v2\/product_brand?post=68455"},{"taxonomy":"product_cat","embeddable":true,"href":"https:\/\/3d-smartsolutions.com\/en\/wp-json\/wp\/v2\/product_cat?post=68455"},{"taxonomy":"product_tag","embeddable":true,"href":"https:\/\/3d-smartsolutions.com\/en\/wp-json\/wp\/v2\/product_tag?post=68455"}],"curies":[{"name":"wp","href":"https:\/\/api.w.org\/{rel}","templated":true}]}}